{"id":4854,"date":"2023-05-04T15:10:03","date_gmt":"2023-05-04T13:10:03","guid":{"rendered":"https:\/\/lasonrisadellagarto.com\/suscribete\/"},"modified":"2023-05-04T15:10:03","modified_gmt":"2023-05-04T13:10:03","slug":"suscribete","status":"publish","type":"page","link":"https:\/\/lasonrisadellagarto.com\/en\/suscribete\/","title":{"rendered":"Suscribete"},"content":{"rendered":"\n\n\t<h1>SUSCR\u00cdBETE<\/h1>\n<strong>a nuestro bolet\u00edn digital<br \/>\n<\/strong>\n\n\t<iframe loading=\"lazy\" width=\"540\" height=\"600\" src=\"https:\/\/a319028f.sibforms.com\/serve\/MUIEAFt2uz0DefXbqVZHhP6rMcrO172pjtLXwKuN87qwAj8ipNt8QbpbmsVl0zbi6Rw11-kXYTUzNFS7guzrSFeLSDW0pbaqHAmqTeI3vZwVlY0cG8E6nLRGrtci1WBPlRLYSSy3PmAlC60_Cl1wkACGsnCdhdFMKqoZV2J6fPLJbP1NmQ0OpJ5MlpR7-0UxgsUhPQEkGVETu341\" frameborder=\"0\" scrolling=\"auto\" allowfullscreen><\/iframe>\n\n","protected":false},"excerpt":{"rendered":"<div class=\"entry-summary\">\n<div class=\"entry-summary\">\nThis page is also a preview of &#8220;<strong>List child pages<\/strong>&#8221; page template. The child pages list is displayed below the actual page content.\n<\/div>\n<div class=\"link-more\"><a href=\"https:\/\/lasonrisadellagarto.com\/en\/suscribete\/\" class=\"more-link\">Continue reading<span class=\"screen-reader-text\"> &ldquo;Suscribete&rdquo;<\/span>&hellip;<\/a><\/div>\n<\/div>\n<div class=\"link-more\"><a href=\"https:\/\/lasonrisadellagarto.com\/en\/suscribete\/\" class=\"more-link\">Continue reading<span class=\"screen-reader-text\"> &ldquo;Suscribete&rdquo;<\/span>&hellip;<\/a><\/div>\n","protected":false},"author":1,"featured_media":0,"parent":0,"menu_order":0,"comment_status":"closed","ping_status":"closed","template":"templates\/child-pages.php","meta":{"_acf_changed":false,"_EventAllDay":false,"_EventTimezone":"","_EventStartDate":"","_EventEndDate":"","_EventStartDateUTC":"","_EventEndDateUTC":"","_EventShowMap":false,"_EventShowMapLink":false,"_EventURL":"","_EventCost":"","_EventCostDescription":"","_EventCurrencySymbol":"","_EventCurrencyCode":"","_EventCurrencyPosition":"","_EventDateTimeSeparator":"","_EventTimeRangeSeparator":"","_EventOrganizerID":[],"_EventVenueID":[],"_OrganizerEmail":"","_OrganizerPhone":"","_OrganizerWebsite":"","_VenueAddress":"","_VenueCity":"","_VenueCountry":"","_VenueProvince":"","_VenueState":"","_VenueZip":"","_VenuePhone":"","_VenueURL":"","_VenueStateProvince":"","_VenueLat":"","_VenueLng":"","_VenueShowMap":false,"_VenueShowMapLink":false,"_joinchat":[],"footnotes":""},"class_list":["post-4854","page","type-page","status-publish","hentry","entry"],"acf":[],"yoast_head":"<!-- This site is optimized with the Yoast SEO plugin v25.3.1 - https:\/\/yoast.com\/wordpress\/plugins\/seo\/ -->\n<title>Suscribete - La Sonrisa del Lagarto<\/title>\n<meta name=\"robots\" content=\"index, follow, max-snippet:-1, max-image-preview:large, max-video-preview:-1\" \/>\n<link rel=\"canonical\" href=\"https:\/\/lasonrisadellagarto.com\/en\/suscribete\/\" \/>\n<meta property=\"og:locale\" content=\"en_US\" \/>\n<meta property=\"og:type\" content=\"article\" \/>\n<meta property=\"og:title\" content=\"Suscribete - La Sonrisa del Lagarto\" \/>\n<meta property=\"og:description\" content=\"This page is also a preview of &quot;List child pages&quot; page template. The child pages list is displayed below the actual page content. Continue reading &ldquo;Suscribete&rdquo;&hellip;\" \/>\n<meta property=\"og:url\" content=\"https:\/\/lasonrisadellagarto.com\/en\/suscribete\/\" \/>\n<meta property=\"og:site_name\" content=\"La Sonrisa del Lagarto\" \/>\n<meta property=\"article:publisher\" content=\"https:\/\/www.facebook.com\/lasonrisadellagarto\/?locale=es_LA\" \/>\n<meta property=\"og:image\" content=\"https:\/\/lasonrisadellagarto.com\/wp-content\/uploads\/2023\/03\/Logotipo-La-Sonrisa-del-Lagarto.png\" \/>\n\t<meta property=\"og:image:width\" content=\"332\" \/>\n\t<meta property=\"og:image:height\" content=\"140\" \/>\n\t<meta property=\"og:image:type\" content=\"image\/png\" \/>\n<meta name=\"twitter:card\" content=\"summary_large_image\" \/>\n<meta name=\"twitter:site\" content=\"@cialsdl_gijon\" \/>\n<script type=\"application\/ld+json\" class=\"yoast-schema-graph\">{\"@context\":\"https:\/\/schema.org\",\"@graph\":[{\"@type\":\"WebPage\",\"@id\":\"https:\/\/lasonrisadellagarto.com\/en\/suscribete\/\",\"url\":\"https:\/\/lasonrisadellagarto.com\/en\/suscribete\/\",\"name\":\"Suscribete - La Sonrisa del Lagarto\",\"isPartOf\":{\"@id\":\"https:\/\/lasonrisadellagarto.com\/#website\"},\"datePublished\":\"2023-05-04T13:10:03+00:00\",\"breadcrumb\":{\"@id\":\"https:\/\/lasonrisadellagarto.com\/en\/suscribete\/#breadcrumb\"},\"inLanguage\":\"en-US\",\"potentialAction\":[{\"@type\":\"ReadAction\",\"target\":[\"https:\/\/lasonrisadellagarto.com\/en\/suscribete\/\"]}]},{\"@type\":\"BreadcrumbList\",\"@id\":\"https:\/\/lasonrisadellagarto.com\/en\/suscribete\/#breadcrumb\",\"itemListElement\":[{\"@type\":\"ListItem\",\"position\":1,\"name\":\"Portada\",\"item\":\"https:\/\/lasonrisadellagarto.com\/en\/\"},{\"@type\":\"ListItem\",\"position\":2,\"name\":\"Suscribete\"}]},{\"@type\":\"WebSite\",\"@id\":\"https:\/\/lasonrisadellagarto.com\/#website\",\"url\":\"https:\/\/lasonrisadellagarto.com\/\",\"name\":\"La Sonrisa del Lagarto\",\"description\":\"La Sonrisa del Lagarto es una compa\u00f1\u00eda teatral hispano-brasile\u00f1a creada en 2001 por las actrices, directoras y dramaturgas Ave Hern\u00e1ndez y Marli Santana, ambas con una amplia trayectoria en las artes esc\u00e9nicas.\",\"publisher\":{\"@id\":\"https:\/\/lasonrisadellagarto.com\/#organization\"},\"potentialAction\":[{\"@type\":\"SearchAction\",\"target\":{\"@type\":\"EntryPoint\",\"urlTemplate\":\"https:\/\/lasonrisadellagarto.com\/?s={search_term_string}\"},\"query-input\":{\"@type\":\"PropertyValueSpecification\",\"valueRequired\":true,\"valueName\":\"search_term_string\"}}],\"inLanguage\":\"en-US\"},{\"@type\":\"Organization\",\"@id\":\"https:\/\/lasonrisadellagarto.com\/#organization\",\"name\":\"La Sonrisa del Lagarto\",\"url\":\"https:\/\/lasonrisadellagarto.com\/\",\"logo\":{\"@type\":\"ImageObject\",\"inLanguage\":\"en-US\",\"@id\":\"https:\/\/lasonrisadellagarto.com\/#\/schema\/logo\/image\/\",\"url\":\"https:\/\/lasonrisadellagarto.com\/wp-content\/uploads\/2023\/03\/Logotipo-La-Sonrisa-del-Lagarto.png\",\"contentUrl\":\"https:\/\/lasonrisadellagarto.com\/wp-content\/uploads\/2023\/03\/Logotipo-La-Sonrisa-del-Lagarto.png\",\"width\":332,\"height\":140,\"caption\":\"La Sonrisa del Lagarto\"},\"image\":{\"@id\":\"https:\/\/lasonrisadellagarto.com\/#\/schema\/logo\/image\/\"},\"sameAs\":[\"https:\/\/www.facebook.com\/lasonrisadellagarto\/?locale=es_LA\",\"https:\/\/x.com\/cialsdl_gijon\",\"https:\/\/www.instagram.com\/lasonrisadellagarto\/?hl=es\",\"https:\/\/www.linkedin.com\/in\/ave-hernandez-34914772\/?original_referer=httpslasonrisadellagarto.com\",\"https:\/\/cialasonrisadellagarto.blogspot.com\/\"]}]}<\/script>\n<!-- \/ Yoast SEO plugin. -->","yoast_head_json":{"title":"Suscribete - La Sonrisa del Lagarto","robots":{"index":"index","follow":"follow","max-snippet":"max-snippet:-1","max-image-preview":"max-image-preview:large","max-video-preview":"max-video-preview:-1"},"canonical":"https:\/\/lasonrisadellagarto.com\/en\/suscribete\/","og_locale":"en_US","og_type":"article","og_title":"Suscribete - La Sonrisa del Lagarto","og_description":"This page is also a preview of \"List child pages\" page template. The child pages list is displayed below the actual page content. Continue reading &ldquo;Suscribete&rdquo;&hellip;","og_url":"https:\/\/lasonrisadellagarto.com\/en\/suscribete\/","og_site_name":"La Sonrisa del Lagarto","article_publisher":"https:\/\/www.facebook.com\/lasonrisadellagarto\/?locale=es_LA","og_image":[{"width":332,"height":140,"url":"https:\/\/lasonrisadellagarto.com\/wp-content\/uploads\/2023\/03\/Logotipo-La-Sonrisa-del-Lagarto.png","type":"image\/png"}],"twitter_card":"summary_large_image","twitter_site":"@cialsdl_gijon","schema":{"@context":"https:\/\/schema.org","@graph":[{"@type":"WebPage","@id":"https:\/\/lasonrisadellagarto.com\/en\/suscribete\/","url":"https:\/\/lasonrisadellagarto.com\/en\/suscribete\/","name":"Suscribete - La Sonrisa del Lagarto","isPartOf":{"@id":"https:\/\/lasonrisadellagarto.com\/#website"},"datePublished":"2023-05-04T13:10:03+00:00","breadcrumb":{"@id":"https:\/\/lasonrisadellagarto.com\/en\/suscribete\/#breadcrumb"},"inLanguage":"en-US","potentialAction":[{"@type":"ReadAction","target":["https:\/\/lasonrisadellagarto.com\/en\/suscribete\/"]}]},{"@type":"BreadcrumbList","@id":"https:\/\/lasonrisadellagarto.com\/en\/suscribete\/#breadcrumb","itemListElement":[{"@type":"ListItem","position":1,"name":"Portada","item":"https:\/\/lasonrisadellagarto.com\/en\/"},{"@type":"ListItem","position":2,"name":"Suscribete"}]},{"@type":"WebSite","@id":"https:\/\/lasonrisadellagarto.com\/#website","url":"https:\/\/lasonrisadellagarto.com\/","name":"La Sonrisa del Lagarto","description":"La Sonrisa del Lagarto es una compa\u00f1\u00eda teatral hispano-brasile\u00f1a creada en 2001 por las actrices, directoras y dramaturgas Ave Hern\u00e1ndez y Marli Santana, ambas con una amplia trayectoria en las artes esc\u00e9nicas.","publisher":{"@id":"https:\/\/lasonrisadellagarto.com\/#organization"},"potentialAction":[{"@type":"SearchAction","target":{"@type":"EntryPoint","urlTemplate":"https:\/\/lasonrisadellagarto.com\/?s={search_term_string}"},"query-input":{"@type":"PropertyValueSpecification","valueRequired":true,"valueName":"search_term_string"}}],"inLanguage":"en-US"},{"@type":"Organization","@id":"https:\/\/lasonrisadellagarto.com\/#organization","name":"La Sonrisa del Lagarto","url":"https:\/\/lasonrisadellagarto.com\/","logo":{"@type":"ImageObject","inLanguage":"en-US","@id":"https:\/\/lasonrisadellagarto.com\/#\/schema\/logo\/image\/","url":"https:\/\/lasonrisadellagarto.com\/wp-content\/uploads\/2023\/03\/Logotipo-La-Sonrisa-del-Lagarto.png","contentUrl":"https:\/\/lasonrisadellagarto.com\/wp-content\/uploads\/2023\/03\/Logotipo-La-Sonrisa-del-Lagarto.png","width":332,"height":140,"caption":"La Sonrisa del Lagarto"},"image":{"@id":"https:\/\/lasonrisadellagarto.com\/#\/schema\/logo\/image\/"},"sameAs":["https:\/\/www.facebook.com\/lasonrisadellagarto\/?locale=es_LA","https:\/\/x.com\/cialsdl_gijon","https:\/\/www.instagram.com\/lasonrisadellagarto\/?hl=es","https:\/\/www.linkedin.com\/in\/ave-hernandez-34914772\/?original_referer=httpslasonrisadellagarto.com","https:\/\/cialasonrisadellagarto.blogspot.com\/"]}]}},"_links":{"self":[{"href":"https:\/\/lasonrisadellagarto.com\/en\/wp-json\/wp\/v2\/pages\/4854","targetHints":{"allow":["GET"]}}],"collection":[{"href":"https:\/\/lasonrisadellagarto.com\/en\/wp-json\/wp\/v2\/pages"}],"about":[{"href":"https:\/\/lasonrisadellagarto.com\/en\/wp-json\/wp\/v2\/types\/page"}],"author":[{"embeddable":true,"href":"https:\/\/lasonrisadellagarto.com\/en\/wp-json\/wp\/v2\/users\/1"}],"replies":[{"embeddable":true,"href":"https:\/\/lasonrisadellagarto.com\/en\/wp-json\/wp\/v2\/comments?post=4854"}],"version-history":[{"count":0,"href":"https:\/\/lasonrisadellagarto.com\/en\/wp-json\/wp\/v2\/pages\/4854\/revisions"}],"wp:attachment":[{"href":"https:\/\/lasonrisadellagarto.com\/en\/wp-json\/wp\/v2\/media?parent=4854"}],"curies":[{"name":"wp","href":"https:\/\/api.w.org\/{rel}","templated":true}]}}