{"id":4858,"date":"2023-04-21T11:21:55","date_gmt":"2023-04-21T09:21:55","guid":{"rendered":"https:\/\/lasonrisadellagarto.com\/quienes-somos\/"},"modified":"2025-07-31T13:43:05","modified_gmt":"2025-07-31T11:43:05","slug":"quienes-somos","status":"publish","type":"page","link":"https:\/\/lasonrisadellagarto.com\/en\/quienes-somos\/","title":{"rendered":"Quienes somos"},"content":{"rendered":"\n<h1>\n\t\t\tQUIENES SOMOS\t<\/h1>\n\t\t\t\t<img decoding=\"async\" src=\"https:\/\/lasonrisadellagarto.com\/wp-content\/uploads\/2023\/03\/ave-hernandez.png\" alt=\"Fotograf\u00eda de Ave Hern\u00e1ndez\" itemprop=\"image\" height=\"701\" width=\"700\" title=\"ave-hernandez\" onerror=\"this.style.display='none'\" loading='lazy' \/>\n\t<h2>AVE HERN\u00c1NDEZ<br \/>\nDirectora Ejecutiva y Actriz<\/h2>\nGraduada en Arte Dram\u00e1tico por el Instituto del Teatro y las Artes Esc\u00e9nicas del Principado de Asturias, 1995.\n<p>Funda y codirige la compa\u00f1\u00eda La Sonrisa del Lagarto junto a Marli Santana, compa\u00f1\u00eda profesional de teatro iberoamericano reconocida como referente en el teatro asturiano.<\/p>\n\t<h4>Directora, escritora y productora de los espect\u00e1culos<\/h4>\n<ul>\n<li><strong>2001\u00a0 \u00a0 \u00a0<\/strong>Antonio y Cleopatra el desencuentro del mirar<\/li>\n<li><strong>2004\u00a0 \u00a0 \u00a0<\/strong>\u00a1Se acab\u00f3 el chocolate!<\/li>\n<li><strong>2004\u00a0 \u00a0 \u00a0<\/strong>Boneca<\/li>\n<li><strong>2006\u00a0 \u00a0 \u00a0<\/strong>Prisionero 119.109<\/li>\n<li><strong>2006\u00a0 \u00a0 \u00a0<\/strong>La Despedida<\/li>\n<li><strong>2008\u00a0 \u00a0 \u00a0<\/strong>Casa de Mu\u00f1ecas<\/li>\n<li><strong>2009\u00a0 \u00a0 \u00a0<\/strong>Adi\u00f3s cordera<\/li>\n<li><strong>2009\u00a0 \u00a0 \u00a0<\/strong>A Raia do Meu Cora\u00e7ao<\/li>\n<li><strong>2009\u00a0 \u00a0 \u00a0<\/strong>Basurilla<\/li>\n<li><strong>2013\u00a0 \u00a0 \u00a0<\/strong>Por las Nubes<\/li>\n<li><strong>2015\u00a0 \u00a0 \u00a0<\/strong>Valdemar, el cangrejo ermita\u00f1o<\/li>\n<li><strong>2016\u00a0 \u00a0 \u00a0<\/strong>Amares<\/li>\n<li><strong>2017\u00a0 \u00a0 \u00a0<\/strong>La Mona Simona<\/li>\n<li><strong>2020\u00a0 \u00a0 \u00a0<\/strong>Ohi\u00e1<\/li>\n<li><strong>2025<\/strong>\u00a0 \u00a0 \u00a0Malaika<\/li>\n<\/ul>\n\t<strong data-start=\"43\" data-end=\"80\">Premio Territorio Violeta Festival <\/strong><em data-start=\"85\" data-end=\"103\">&#8220;La Mona Simona&#8221;<\/em><br data-start=\"103\" data-end=\"106\" \/>VIII Edici\u00f3n FITA &#8211; Portugal &#8211; Mayo 2025\n<strong>Premio a la Mejor Habilidad de Manipulaci\u00f3n<\/strong><br data-start=\"179\" data-end=\"182\" \/>Marli Santana\u00a0 <em data-start=\"200\" data-end=\"218\">&#8220;La Mona Simona&#8221;<\/em><br data-start=\"218\" data-end=\"221\" \/>XXXI Festival Internacional de Teatro Infantil\u00a0 Subotica (Serbia), Septiembre 2024\n<b>Premio a la mejor producci\u00f3n <\/b><em data-start=\"334\" data-end=\"352\">&#8220;La Mona Simona&#8221;<br \/>\n<\/em>8 Festival Internacional de Teatro Infantil y Juvenil, Rep\u00fablica Dominicana, FITIJ 2017\n<b>Premio Especial del P\u00fablico<\/b> por <b>&#8220;Casa de Mu\u00f1ecas&#8221;<\/b><br data-start=\"496\" data-end=\"499\" \/>III Certamen Nacional de Teatro &#8220;Villa de Lerma&#8221;, 2008\n<strong data-start=\"556\" data-end=\"574\">Mejor direcci\u00f3n<\/strong><br data-start=\"574\" data-end=\"577\" \/>7\u00ba Certamen de Teatro &#8220;Abierto Hasta el Amanecer&#8221;, 2006<br data-start=\"634\" data-end=\"637\" \/>con el grupo La Quimera del I.E.S. de Roces y la obra &#8220;Adicci\u00f3n a Shakespeare&#8221;\n<strong data-start=\"728\" data-end=\"750\">Premio a la mejor actriz<\/strong><br data-start=\"750\" data-end=\"753\" \/>FETEN, 1997\n<hr class=\"wm-divider type-double-line\" \/>\n\t\t\t\t<img decoding=\"async\" src=\"https:\/\/lasonrisadellagarto.com\/wp-content\/uploads\/2023\/03\/marli-santana.png\" alt=\"Fotograf\u00eda de Ave Santana\" itemprop=\"image\" height=\"701\" width=\"700\" title=\"marli-santana\" onerror=\"this.style.display='none'\" loading='lazy' \/>\n\t<h2>MARLI SANTANA<\/h2>\n<strong data-start=\"43\" data-end=\"77\">DIrectora ejecutiva y actriz<\/strong>\n<p>Licenciada en Interpretaci\u00f3n Teatral por la Universidad de Artes Esc\u00e9nicas de Salvador-Bahia (FUBa).<\/p>\n<p>Funda y codirige la compa\u00f1\u00eda La Sonrisa del Lagarto junto a Ave Hern\u00e1ndez, una compa\u00f1\u00eda profesional de teatro iberoamericano reconocida como referente en el teatro asturiano.<\/p>\n<p>Actriz en los montajes &#8220;Ka\u00f4&#8221;, &#8220;A Heranca de Macbeth&#8221;, &#8220;Os Negros&#8221;, &#8220;Castro Alves&#8221; y &#8220;Aurora de Minha Vida&#8221; con diversas compa\u00f1\u00edas profesionales de teatro de su pa\u00eds de origen, y asistente de producci\u00f3n en los Encuentros Internacionales de Investigaci\u00f3n Teatral y Artes Esc\u00e9nicas celebrados en Salvador, Bah\u00eda, Brasil.<\/p>\n\t<h4>Directora, escritora y productora de los espect\u00e1culos<\/h4>\n<ul>\n<li><strong>2001<\/strong>\u00a0 \u00a0 \u00a0Antonio y Cleopatra el desencuentro del mirar<\/li>\n<li><strong>2004<\/strong>\u00a0 \u00a0 \u00a0\u00a1Se acab\u00f3 el chocolate!<\/li>\n<li><strong>2004<\/strong>\u00a0 \u00a0 \u00a0Boneca<\/li>\n<li><strong>2006<\/strong>\u00a0 \u00a0 \u00a0Prisionero 119.109<\/li>\n<li><strong>2006<\/strong>\u00a0 \u00a0 \u00a0La Despedida<\/li>\n<li><strong>2008<\/strong>\u00a0 \u00a0 \u00a0Casa de Mu\u00f1ecas<\/li>\n<li><strong>2009<\/strong>\u00a0 \u00a0 \u00a0Adi\u00f3s cordera<\/li>\n<li><strong>2009<\/strong>\u00a0 \u00a0 \u00a0A Raia do Meu Cora\u00e7ao<\/li>\n<li><strong>2009<\/strong>\u00a0 \u00a0 \u00a0Basurilla<\/li>\n<li><strong>2013<\/strong>\u00a0 \u00a0 \u00a0Por las Nubes<\/li>\n<li><strong>2015<\/strong>\u00a0 \u00a0 \u00a0Valdemar, el cangrejo ermita\u00f1o<\/li>\n<li><strong>2016<\/strong>\u00a0 \u00a0 \u00a0Amares<\/li>\n<li><strong>2017<\/strong>\u00a0 \u00a0 \u00a0La Mona Simona<\/li>\n<li><strong>2020<\/strong>\u00a0 \u00a0 \u00a0Ohi\u00e1<\/li>\n<li><strong>2025<\/strong>\u00a0 \u00a0 \u00a0Malaika<\/li>\n<\/ul>\n\t<strong data-start=\"43\" data-end=\"80\">Premio Territorio Violeta Festival <\/strong><em data-start=\"85\" data-end=\"103\">&#8220;La Mona Simona&#8221;<\/em><br data-start=\"103\" data-end=\"106\" \/>VIII Edici\u00f3n FITA &#8211; Portugal &#8211; Mayo 2025\n<strong>Premio a la Mejor Habilidad de Manipulaci\u00f3n<\/strong><br data-start=\"179\" data-end=\"182\" \/>Marli Santana\u00a0 <em data-start=\"200\" data-end=\"218\">&#8220;La Mona Simona&#8221;<\/em><br data-start=\"218\" data-end=\"221\" \/>XXXI Festival Internacional de Teatro Infantil\u00a0 Subotica (Serbia), Septiembre 2024\n<b>Premio a la mejor producci\u00f3n <\/b><em data-start=\"334\" data-end=\"352\">&#8220;La Mona Simona&#8221;<br \/>\n<\/em>8 Festival Internacional de Teatro Infantil y Juvenil, Rep\u00fablica Dominicana, FITIJ 2017\n<b>Premio Especial del P\u00fablico<\/b> por <b>&#8220;Casa de Mu\u00f1ecas&#8221;<\/b><br data-start=\"496\" data-end=\"499\" \/>III Certamen Nacional de Teatro &#8220;Villa de Lerma&#8221;, 2008\n<strong data-start=\"556\" data-end=\"574\">Mejor direcci\u00f3n<\/strong><br data-start=\"574\" data-end=\"577\" \/>7\u00ba Certamen de Teatro &#8220;Abierto Hasta el Amanecer&#8221;, 2006<br data-start=\"634\" data-end=\"637\" \/>con el grupo La Quimera del I.E.S. de Roces y la obra &#8220;Adicci\u00f3n a Shakespeare&#8221;\n<strong data-start=\"728\" data-end=\"750\">Premio a la mejor actriz<\/strong><br data-start=\"750\" data-end=\"753\" \/>FETEN, 1997\n<iframe loading=\"lazy\" width=\"560\" height=\"315\" src=\"https:\/\/www.youtube.com\/embed\/Dj6VR1ZZN3U?si=AcmuSWcs8dH1EmnM\" title=\"YouTube video player\" frameborder=\"0\" allow=\"accelerometer; autoplay; clipboard-write; encrypted-media; gyroscope; picture-in-picture; web-share\" referrerpolicy=\"strict-origin-when-cross-origin\" allowfullscreen><\/iframe>\n<style>\n.video-container {\n  position: relative;\n  padding-bottom: 56.25%; \/* 16:9 *\/\n  height: 0;\n}\n.video-container iframe {\n  position: absolute;\n  top: 0;\n  left: 0;\n  width: 100%;\n  height: 100%;\n}\n<\/style>\n\n","protected":false},"excerpt":{"rendered":"<div class=\"entry-summary\">\n<div class=\"entry-summary\">\nHolisticly embrace world-class ROI with fully tested strategic theme areas. Collaboratively recaptiualize principle-centered materials without open-source.\n<\/div>\n<div class=\"link-more\"><a href=\"https:\/\/lasonrisadellagarto.com\/en\/quienes-somos\/\" class=\"more-link\">Continue reading<span class=\"screen-reader-text\"> &ldquo;Quienes somos&rdquo;<\/span>&hellip;<\/a><\/div>\n<\/div>\n<div class=\"link-more\"><a href=\"https:\/\/lasonrisadellagarto.com\/en\/quienes-somos\/\" class=\"more-link\">Continue reading<span class=\"screen-reader-text\"> &ldquo;Quienes somos&rdquo;<\/span>&hellip;<\/a><\/div>\n","protected":false},"author":1,"featured_media":0,"parent":0,"menu_order":0,"comment_status":"closed","ping_status":"closed","template":"","meta":{"_acf_changed":false,"_EventAllDay":false,"_EventTimezone":"","_EventStartDate":"","_EventEndDate":"","_EventStartDateUTC":"","_EventEndDateUTC":"","_EventShowMap":false,"_EventShowMapLink":false,"_EventURL":"","_EventCost":"","_EventCostDescription":"","_EventCurrencySymbol":"","_EventCurrencyCode":"","_EventCurrencyPosition":"","_EventDateTimeSeparator":"","_EventTimeRangeSeparator":"","_EventOrganizerID":[],"_EventVenueID":[],"_OrganizerEmail":"","_OrganizerPhone":"","_OrganizerWebsite":"","_VenueAddress":"","_VenueCity":"","_VenueCountry":"","_VenueProvince":"","_VenueState":"","_VenueZip":"","_VenuePhone":"","_VenueURL":"","_VenueStateProvince":"","_VenueLat":"","_VenueLng":"","_VenueShowMap":false,"_VenueShowMapLink":false,"_joinchat":[],"footnotes":""},"class_list":["post-4858","page","type-page","status-publish","hentry","entry"],"acf":[],"yoast_head":"<!-- This site is optimized with the Yoast SEO plugin v25.3.1 - https:\/\/yoast.com\/wordpress\/plugins\/seo\/ -->\n<title>Quienes somos - La Sonrisa del Lagarto<\/title>\n<meta name=\"description\" content=\"Curriculum y trayectoria de Ave Hern\u00e1ndez y Marli Santana directoras y actrices de La Sonrisa del Lagarto\" \/>\n<meta name=\"robots\" content=\"index, follow, max-snippet:-1, max-image-preview:large, max-video-preview:-1\" \/>\n<link rel=\"canonical\" href=\"https:\/\/lasonrisadellagarto.com\/en\/quienes-somos\/\" \/>\n<meta property=\"og:locale\" content=\"en_US\" \/>\n<meta property=\"og:type\" content=\"article\" \/>\n<meta property=\"og:title\" content=\"Quienes somos - La Sonrisa del Lagarto\" \/>\n<meta property=\"og:description\" content=\"Curriculum y trayectoria de Ave Hern\u00e1ndez y Marli Santana directoras y actrices de La Sonrisa del Lagarto\" \/>\n<meta property=\"og:url\" content=\"https:\/\/lasonrisadellagarto.com\/en\/quienes-somos\/\" \/>\n<meta property=\"og:site_name\" content=\"La Sonrisa del Lagarto\" \/>\n<meta property=\"article:publisher\" content=\"https:\/\/www.facebook.com\/lasonrisadellagarto\/?locale=es_LA\" \/>\n<meta property=\"article:modified_time\" content=\"2025-07-31T11:43:05+00:00\" \/>\n<meta property=\"og:image\" content=\"https:\/\/lasonrisadellagarto.com\/wp-content\/uploads\/2023\/03\/ave-hernandez.png\" \/>\n<meta name=\"twitter:card\" content=\"summary_large_image\" \/>\n<meta name=\"twitter:site\" content=\"@cialsdl_gijon\" \/>\n<meta name=\"twitter:label1\" content=\"Est. reading time\" \/>\n\t<meta name=\"twitter:data1\" content=\"3 minutes\" \/>\n<script type=\"application\/ld+json\" class=\"yoast-schema-graph\">{\"@context\":\"https:\/\/schema.org\",\"@graph\":[{\"@type\":\"WebPage\",\"@id\":\"https:\/\/lasonrisadellagarto.com\/en\/quienes-somos\/\",\"url\":\"https:\/\/lasonrisadellagarto.com\/en\/quienes-somos\/\",\"name\":\"Quienes somos - La Sonrisa del Lagarto\",\"isPartOf\":{\"@id\":\"https:\/\/lasonrisadellagarto.com\/#website\"},\"primaryImageOfPage\":{\"@id\":\"https:\/\/lasonrisadellagarto.com\/en\/quienes-somos\/#primaryimage\"},\"image\":{\"@id\":\"https:\/\/lasonrisadellagarto.com\/en\/quienes-somos\/#primaryimage\"},\"thumbnailUrl\":\"https:\/\/lasonrisadellagarto.com\/wp-content\/uploads\/2023\/03\/ave-hernandez.png\",\"datePublished\":\"2023-04-21T09:21:55+00:00\",\"dateModified\":\"2025-07-31T11:43:05+00:00\",\"description\":\"Curriculum y trayectoria de Ave Hern\u00e1ndez y Marli Santana directoras y actrices de La Sonrisa del Lagarto\",\"breadcrumb\":{\"@id\":\"https:\/\/lasonrisadellagarto.com\/en\/quienes-somos\/#breadcrumb\"},\"inLanguage\":\"en-US\",\"potentialAction\":[{\"@type\":\"ReadAction\",\"target\":[\"https:\/\/lasonrisadellagarto.com\/en\/quienes-somos\/\"]}]},{\"@type\":\"ImageObject\",\"inLanguage\":\"en-US\",\"@id\":\"https:\/\/lasonrisadellagarto.com\/en\/quienes-somos\/#primaryimage\",\"url\":\"https:\/\/lasonrisadellagarto.com\/wp-content\/uploads\/2023\/03\/ave-hernandez.png\",\"contentUrl\":\"https:\/\/lasonrisadellagarto.com\/wp-content\/uploads\/2023\/03\/ave-hernandez.png\"},{\"@type\":\"BreadcrumbList\",\"@id\":\"https:\/\/lasonrisadellagarto.com\/en\/quienes-somos\/#breadcrumb\",\"itemListElement\":[{\"@type\":\"ListItem\",\"position\":1,\"name\":\"Portada\",\"item\":\"https:\/\/lasonrisadellagarto.com\/en\/\"},{\"@type\":\"ListItem\",\"position\":2,\"name\":\"Quienes somos\"}]},{\"@type\":\"WebSite\",\"@id\":\"https:\/\/lasonrisadellagarto.com\/#website\",\"url\":\"https:\/\/lasonrisadellagarto.com\/\",\"name\":\"La Sonrisa del Lagarto\",\"description\":\"La Sonrisa del Lagarto es una compa\u00f1\u00eda teatral hispano-brasile\u00f1a creada en 2001 por las actrices, directoras y dramaturgas Ave Hern\u00e1ndez y Marli Santana, ambas con una amplia trayectoria en las artes esc\u00e9nicas.\",\"publisher\":{\"@id\":\"https:\/\/lasonrisadellagarto.com\/#organization\"},\"potentialAction\":[{\"@type\":\"SearchAction\",\"target\":{\"@type\":\"EntryPoint\",\"urlTemplate\":\"https:\/\/lasonrisadellagarto.com\/?s={search_term_string}\"},\"query-input\":{\"@type\":\"PropertyValueSpecification\",\"valueRequired\":true,\"valueName\":\"search_term_string\"}}],\"inLanguage\":\"en-US\"},{\"@type\":\"Organization\",\"@id\":\"https:\/\/lasonrisadellagarto.com\/#organization\",\"name\":\"La Sonrisa del Lagarto\",\"url\":\"https:\/\/lasonrisadellagarto.com\/\",\"logo\":{\"@type\":\"ImageObject\",\"inLanguage\":\"en-US\",\"@id\":\"https:\/\/lasonrisadellagarto.com\/#\/schema\/logo\/image\/\",\"url\":\"https:\/\/lasonrisadellagarto.com\/wp-content\/uploads\/2023\/03\/Logotipo-La-Sonrisa-del-Lagarto.png\",\"contentUrl\":\"https:\/\/lasonrisadellagarto.com\/wp-content\/uploads\/2023\/03\/Logotipo-La-Sonrisa-del-Lagarto.png\",\"width\":332,\"height\":140,\"caption\":\"La Sonrisa del Lagarto\"},\"image\":{\"@id\":\"https:\/\/lasonrisadellagarto.com\/#\/schema\/logo\/image\/\"},\"sameAs\":[\"https:\/\/www.facebook.com\/lasonrisadellagarto\/?locale=es_LA\",\"https:\/\/x.com\/cialsdl_gijon\",\"https:\/\/www.instagram.com\/lasonrisadellagarto\/?hl=es\",\"https:\/\/www.linkedin.com\/in\/ave-hernandez-34914772\/?original_referer=httpslasonrisadellagarto.com\",\"https:\/\/cialasonrisadellagarto.blogspot.com\/\"]}]}<\/script>\n<!-- \/ Yoast SEO plugin. -->","yoast_head_json":{"title":"Quienes somos - La Sonrisa del Lagarto","description":"Curriculum y trayectoria de Ave Hern\u00e1ndez y Marli Santana directoras y actrices de La Sonrisa del Lagarto","robots":{"index":"index","follow":"follow","max-snippet":"max-snippet:-1","max-image-preview":"max-image-preview:large","max-video-preview":"max-video-preview:-1"},"canonical":"https:\/\/lasonrisadellagarto.com\/en\/quienes-somos\/","og_locale":"en_US","og_type":"article","og_title":"Quienes somos - La Sonrisa del Lagarto","og_description":"Curriculum y trayectoria de Ave Hern\u00e1ndez y Marli Santana directoras y actrices de La Sonrisa del Lagarto","og_url":"https:\/\/lasonrisadellagarto.com\/en\/quienes-somos\/","og_site_name":"La Sonrisa del Lagarto","article_publisher":"https:\/\/www.facebook.com\/lasonrisadellagarto\/?locale=es_LA","article_modified_time":"2025-07-31T11:43:05+00:00","og_image":[{"url":"https:\/\/lasonrisadellagarto.com\/wp-content\/uploads\/2023\/03\/ave-hernandez.png","type":"","width":"","height":""}],"twitter_card":"summary_large_image","twitter_site":"@cialsdl_gijon","twitter_misc":{"Est. reading time":"3 minutes"},"schema":{"@context":"https:\/\/schema.org","@graph":[{"@type":"WebPage","@id":"https:\/\/lasonrisadellagarto.com\/en\/quienes-somos\/","url":"https:\/\/lasonrisadellagarto.com\/en\/quienes-somos\/","name":"Quienes somos - La Sonrisa del Lagarto","isPartOf":{"@id":"https:\/\/lasonrisadellagarto.com\/#website"},"primaryImageOfPage":{"@id":"https:\/\/lasonrisadellagarto.com\/en\/quienes-somos\/#primaryimage"},"image":{"@id":"https:\/\/lasonrisadellagarto.com\/en\/quienes-somos\/#primaryimage"},"thumbnailUrl":"https:\/\/lasonrisadellagarto.com\/wp-content\/uploads\/2023\/03\/ave-hernandez.png","datePublished":"2023-04-21T09:21:55+00:00","dateModified":"2025-07-31T11:43:05+00:00","description":"Curriculum y trayectoria de Ave Hern\u00e1ndez y Marli Santana directoras y actrices de La Sonrisa del Lagarto","breadcrumb":{"@id":"https:\/\/lasonrisadellagarto.com\/en\/quienes-somos\/#breadcrumb"},"inLanguage":"en-US","potentialAction":[{"@type":"ReadAction","target":["https:\/\/lasonrisadellagarto.com\/en\/quienes-somos\/"]}]},{"@type":"ImageObject","inLanguage":"en-US","@id":"https:\/\/lasonrisadellagarto.com\/en\/quienes-somos\/#primaryimage","url":"https:\/\/lasonrisadellagarto.com\/wp-content\/uploads\/2023\/03\/ave-hernandez.png","contentUrl":"https:\/\/lasonrisadellagarto.com\/wp-content\/uploads\/2023\/03\/ave-hernandez.png"},{"@type":"BreadcrumbList","@id":"https:\/\/lasonrisadellagarto.com\/en\/quienes-somos\/#breadcrumb","itemListElement":[{"@type":"ListItem","position":1,"name":"Portada","item":"https:\/\/lasonrisadellagarto.com\/en\/"},{"@type":"ListItem","position":2,"name":"Quienes somos"}]},{"@type":"WebSite","@id":"https:\/\/lasonrisadellagarto.com\/#website","url":"https:\/\/lasonrisadellagarto.com\/","name":"La Sonrisa del Lagarto","description":"La Sonrisa del Lagarto es una compa\u00f1\u00eda teatral hispano-brasile\u00f1a creada en 2001 por las actrices, directoras y dramaturgas Ave Hern\u00e1ndez y Marli Santana, ambas con una amplia trayectoria en las artes esc\u00e9nicas.","publisher":{"@id":"https:\/\/lasonrisadellagarto.com\/#organization"},"potentialAction":[{"@type":"SearchAction","target":{"@type":"EntryPoint","urlTemplate":"https:\/\/lasonrisadellagarto.com\/?s={search_term_string}"},"query-input":{"@type":"PropertyValueSpecification","valueRequired":true,"valueName":"search_term_string"}}],"inLanguage":"en-US"},{"@type":"Organization","@id":"https:\/\/lasonrisadellagarto.com\/#organization","name":"La Sonrisa del Lagarto","url":"https:\/\/lasonrisadellagarto.com\/","logo":{"@type":"ImageObject","inLanguage":"en-US","@id":"https:\/\/lasonrisadellagarto.com\/#\/schema\/logo\/image\/","url":"https:\/\/lasonrisadellagarto.com\/wp-content\/uploads\/2023\/03\/Logotipo-La-Sonrisa-del-Lagarto.png","contentUrl":"https:\/\/lasonrisadellagarto.com\/wp-content\/uploads\/2023\/03\/Logotipo-La-Sonrisa-del-Lagarto.png","width":332,"height":140,"caption":"La Sonrisa del Lagarto"},"image":{"@id":"https:\/\/lasonrisadellagarto.com\/#\/schema\/logo\/image\/"},"sameAs":["https:\/\/www.facebook.com\/lasonrisadellagarto\/?locale=es_LA","https:\/\/x.com\/cialsdl_gijon","https:\/\/www.instagram.com\/lasonrisadellagarto\/?hl=es","https:\/\/www.linkedin.com\/in\/ave-hernandez-34914772\/?original_referer=httpslasonrisadellagarto.com","https:\/\/cialasonrisadellagarto.blogspot.com\/"]}]}},"_links":{"self":[{"href":"https:\/\/lasonrisadellagarto.com\/en\/wp-json\/wp\/v2\/pages\/4858","targetHints":{"allow":["GET"]}}],"collection":[{"href":"https:\/\/lasonrisadellagarto.com\/en\/wp-json\/wp\/v2\/pages"}],"about":[{"href":"https:\/\/lasonrisadellagarto.com\/en\/wp-json\/wp\/v2\/types\/page"}],"author":[{"embeddable":true,"href":"https:\/\/lasonrisadellagarto.com\/en\/wp-json\/wp\/v2\/users\/1"}],"replies":[{"embeddable":true,"href":"https:\/\/lasonrisadellagarto.com\/en\/wp-json\/wp\/v2\/comments?post=4858"}],"version-history":[{"count":13,"href":"https:\/\/lasonrisadellagarto.com\/en\/wp-json\/wp\/v2\/pages\/4858\/revisions"}],"predecessor-version":[{"id":7942,"href":"https:\/\/lasonrisadellagarto.com\/en\/wp-json\/wp\/v2\/pages\/4858\/revisions\/7942"}],"wp:attachment":[{"href":"https:\/\/lasonrisadellagarto.com\/en\/wp-json\/wp\/v2\/media?parent=4858"}],"curies":[{"name":"wp","href":"https:\/\/api.w.org\/{rel}","templated":true}]}}