{"id":4861,"date":"2023-04-11T14:08:49","date_gmt":"2023-04-11T14:08:49","guid":{"rendered":"https:\/\/lasonrisadellagarto.com\/galeria-de-momentos\/"},"modified":"2023-04-11T14:08:49","modified_gmt":"2023-04-11T14:08:49","slug":"galeria-de-momentos","status":"publish","type":"page","link":"https:\/\/lasonrisadellagarto.com\/en\/galeria-de-momentos\/","title":{"rendered":"Galer\u00eda de momentos"},"content":{"rendered":"\n<h1>\n\t\tGaler\u00eda de momentos\n\t<\/h1>\n<h2>\n\t\tGaler\u00eda\n\t<\/h2>\n\t<p>Pulsa en las im\u00e1genes para ampliarlas<\/p>\n\t\t\t\t<a href=\"https:\/\/lasonrisadellagarto.com\/wp-content\/uploads\/2023\/04\/3.jpg\" target=\"_self\" itemprop=\"url\" rel=\"noopener\">\n\t\t\t\t<img loading=\"lazy\" decoding=\"async\" src=\"https:\/\/lasonrisadellagarto.com\/wp-content\/uploads\/2023\/04\/3-448x426.jpg\" alt=\"Paco Ventura\" itemprop=\"image\" height=\"426\" width=\"448\" title=\"3\" onerror=\"this.style.display='none'\"  \/>\n\t\t\t\t<\/a>\n\t\tPaco Ventura\n\t\t\t\t<a href=\"https:\/\/lasonrisadellagarto.com\/wp-content\/uploads\/2023\/04\/6.jpg\" target=\"_self\" itemprop=\"url\" rel=\"noopener\">\n\t\t\t\t<img loading=\"lazy\" decoding=\"async\" src=\"https:\/\/lasonrisadellagarto.com\/wp-content\/uploads\/2023\/04\/6-300x300.jpg\" alt=\"Yonder Rodr\u00edguez Mendoza\" itemprop=\"image\" height=\"300\" width=\"300\" title=\"6\" onerror=\"this.style.display='none'\"  \/>\n\t\t\t\t<\/a>\n\t\tYonder Rodr\u00edguez Mendoza\n\t\t\t\t<a href=\"https:\/\/lasonrisadellagarto.com\/wp-content\/uploads\/2023\/04\/058.jpg\" target=\"_self\" itemprop=\"url\" rel=\"noopener\">\n\t\t\t\t<img loading=\"lazy\" decoding=\"async\" src=\"https:\/\/lasonrisadellagarto.com\/wp-content\/uploads\/2023\/04\/058-300x300.jpg\" alt=\"Mario Ordiales\" itemprop=\"image\" height=\"300\" width=\"300\" title=\"058\" onerror=\"this.style.display='none'\"  \/>\n\t\t\t\t<\/a>\n\t\tMario Ordiales\n\t\t\t\t<a href=\"https:\/\/lasonrisadellagarto.com\/wp-content\/uploads\/2023\/04\/2009_052828Mayo090087.jpg\" target=\"_self\" itemprop=\"url\" rel=\"noopener\">\n\t\t\t\t<img loading=\"lazy\" decoding=\"async\" src=\"https:\/\/lasonrisadellagarto.com\/wp-content\/uploads\/2023\/04\/2009_052828Mayo090087-300x300.jpg\" alt=\"Elisa Escuela de DAnza\" itemprop=\"image\" height=\"300\" width=\"300\" title=\"2009_052828Mayo090087\" onerror=\"this.style.display='none'\"  \/>\n\t\t\t\t<\/a>\n\t\tElisa Escuela de DAnza\n\t\t\t\t<a href=\"https:\/\/lasonrisadellagarto.com\/wp-content\/uploads\/2023\/04\/11539613_10152904492151408_7074704116494212907_n.jpg\" target=\"_self\" itemprop=\"url\" rel=\"noopener\">\n\t\t\t\t<img loading=\"lazy\" decoding=\"async\" src=\"https:\/\/lasonrisadellagarto.com\/wp-content\/uploads\/2023\/04\/11539613_10152904492151408_7074704116494212907_n.jpg\" alt=\"Jos\u00e9 y Ana Cach\u00f3n Mu\u00f1iz\" itemprop=\"image\" height=\"400\" width=\"400\" title=\"11539613_10152904492151408_7074704116494212907_n\" onerror=\"this.style.display='none'\"  \/>\n\t\t\t\t<\/a>\n\t\tJos\u00e9 y Ana Cach\u00f3n Mu\u00f1iz\n\t\t\t\t<a href=\"https:\/\/lasonrisadellagarto.com\/wp-content\/uploads\/2023\/04\/12743766_10154566144248452_7152773451720171600_n.jpg\" target=\"_self\" itemprop=\"url\" rel=\"noopener\">\n\t\t\t\t<img loading=\"lazy\" decoding=\"async\" src=\"https:\/\/lasonrisadellagarto.com\/wp-content\/uploads\/2023\/04\/12743766_10154566144248452_7152773451720171600_n-300x300.jpg\" alt=\"Casa Piedad\" itemprop=\"image\" height=\"300\" width=\"300\" title=\"12743766_10154566144248452_7152773451720171600_n\" onerror=\"this.style.display='none'\"  \/>\n\t\t\t\t<\/a>\n\t\tCasa Piedad\n\t\t\t\t<a href=\"https:\/\/lasonrisadellagarto.com\/wp-content\/uploads\/2023\/04\/18813329_10203360702974165_7030599303589073021_n.jpg\" target=\"_self\" itemprop=\"url\" rel=\"noopener\">\n\t\t\t\t<img loading=\"lazy\" decoding=\"async\" src=\"https:\/\/lasonrisadellagarto.com\/wp-content\/uploads\/2023\/04\/18813329_10203360702974165_7030599303589073021_n-300x300.jpg\" alt=\"Silvana Torres Opazo y Gisela Odriozola\n\" itemprop=\"image\" height=\"300\" width=\"300\" title=\"18813329_10203360702974165_7030599303589073021_n\" onerror=\"this.style.display='none'\"  \/>\n\t\t\t\t<\/a>\n\t\tSilvana Torres Opazo y Gisela Odriozola\n\t\t\t\t<a href=\"https:\/\/lasonrisadellagarto.com\/wp-content\/uploads\/2023\/04\/85128344_10219525009328938_1813052106781753344_n.jpg\" target=\"_self\" itemprop=\"url\" rel=\"noopener\">\n\t\t\t\t<img loading=\"lazy\" decoding=\"async\" src=\"https:\/\/lasonrisadellagarto.com\/wp-content\/uploads\/2023\/04\/85128344_10219525009328938_1813052106781753344_n-300x300.jpg\" alt=\"FETEN  2020\" itemprop=\"image\" height=\"300\" width=\"300\" title=\"85128344_10219525009328938_1813052106781753344_n\" onerror=\"this.style.display='none'\"  \/>\n\t\t\t\t<\/a>\n\t\tFETEN  2020\n\n","protected":false},"excerpt":{"rendered":"<div class=\"entry-summary\">\n<div class=\"entry-summary\">\nHolisticly embrace world-class ROI with fully tested strategic theme areas. Collaboratively recaptiualize principle-centered materials without open-source.\n<\/div>\n<div class=\"link-more\"><a href=\"https:\/\/lasonrisadellagarto.com\/en\/galeria-de-momentos\/\" class=\"more-link\">Continue reading<span class=\"screen-reader-text\"> &ldquo;Galer\u00eda de momentos&rdquo;<\/span>&hellip;<\/a><\/div>\n<\/div>\n<div class=\"link-more\"><a href=\"https:\/\/lasonrisadellagarto.com\/en\/galeria-de-momentos\/\" class=\"more-link\">Continue reading<span class=\"screen-reader-text\"> &ldquo;Galer\u00eda de momentos&rdquo;<\/span>&hellip;<\/a><\/div>\n","protected":false},"author":1,"featured_media":0,"parent":0,"menu_order":0,"comment_status":"closed","ping_status":"closed","template":"","meta":{"_acf_changed":false,"_EventAllDay":false,"_EventTimezone":"","_EventStartDate":"","_EventEndDate":"","_EventStartDateUTC":"","_EventEndDateUTC":"","_EventShowMap":false,"_EventShowMapLink":false,"_EventURL":"","_EventCost":"","_EventCostDescription":"","_EventCurrencySymbol":"","_EventCurrencyCode":"","_EventCurrencyPosition":"","_EventDateTimeSeparator":"","_EventTimeRangeSeparator":"","_EventOrganizerID":[],"_EventVenueID":[],"_OrganizerEmail":"","_OrganizerPhone":"","_OrganizerWebsite":"","_VenueAddress":"","_VenueCity":"","_VenueCountry":"","_VenueProvince":"","_VenueState":"","_VenueZip":"","_VenuePhone":"","_VenueURL":"","_VenueStateProvince":"","_VenueLat":"","_VenueLng":"","_VenueShowMap":false,"_VenueShowMapLink":false,"_joinchat":[],"footnotes":""},"class_list":["post-4861","page","type-page","status-publish","hentry","entry"],"acf":[],"yoast_head":"<!-- This site is optimized with the Yoast SEO plugin v25.3.1 - https:\/\/yoast.com\/wordpress\/plugins\/seo\/ -->\n<title>Galer\u00eda de momentos - La Sonrisa del Lagarto<\/title>\n<meta name=\"robots\" content=\"index, follow, max-snippet:-1, max-image-preview:large, max-video-preview:-1\" \/>\n<link rel=\"canonical\" href=\"https:\/\/lasonrisadellagarto.com\/en\/galeria-de-momentos\/\" \/>\n<meta property=\"og:locale\" content=\"en_US\" \/>\n<meta property=\"og:type\" content=\"article\" \/>\n<meta property=\"og:title\" content=\"Galer\u00eda de momentos - La Sonrisa del Lagarto\" \/>\n<meta property=\"og:description\" content=\"Holisticly embrace world-class ROI with fully tested strategic theme areas. Collaboratively recaptiualize principle-centered materials without open-source. Continue reading &ldquo;Galer\u00eda de momentos&rdquo;&hellip;\" \/>\n<meta property=\"og:url\" content=\"https:\/\/lasonrisadellagarto.com\/en\/galeria-de-momentos\/\" \/>\n<meta property=\"og:site_name\" content=\"La Sonrisa del Lagarto\" \/>\n<meta property=\"article:publisher\" content=\"https:\/\/www.facebook.com\/lasonrisadellagarto\/?locale=es_LA\" \/>\n<meta property=\"og:image\" content=\"https:\/\/lasonrisadellagarto.com\/wp-content\/uploads\/2023\/04\/3-448x426.jpg\" \/>\n<meta name=\"twitter:card\" content=\"summary_large_image\" \/>\n<meta name=\"twitter:site\" content=\"@cialsdl_gijon\" \/>\n<script type=\"application\/ld+json\" class=\"yoast-schema-graph\">{\"@context\":\"https:\/\/schema.org\",\"@graph\":[{\"@type\":\"WebPage\",\"@id\":\"https:\/\/lasonrisadellagarto.com\/en\/galeria-de-momentos\/\",\"url\":\"https:\/\/lasonrisadellagarto.com\/en\/galeria-de-momentos\/\",\"name\":\"Galer\u00eda de momentos - La Sonrisa del Lagarto\",\"isPartOf\":{\"@id\":\"https:\/\/lasonrisadellagarto.com\/#website\"},\"primaryImageOfPage\":{\"@id\":\"https:\/\/lasonrisadellagarto.com\/en\/galeria-de-momentos\/#primaryimage\"},\"image\":{\"@id\":\"https:\/\/lasonrisadellagarto.com\/en\/galeria-de-momentos\/#primaryimage\"},\"thumbnailUrl\":\"https:\/\/lasonrisadellagarto.com\/wp-content\/uploads\/2023\/04\/3-448x426.jpg\",\"datePublished\":\"2023-04-11T14:08:49+00:00\",\"breadcrumb\":{\"@id\":\"https:\/\/lasonrisadellagarto.com\/en\/galeria-de-momentos\/#breadcrumb\"},\"inLanguage\":\"en-US\",\"potentialAction\":[{\"@type\":\"ReadAction\",\"target\":[\"https:\/\/lasonrisadellagarto.com\/en\/galeria-de-momentos\/\"]}]},{\"@type\":\"ImageObject\",\"inLanguage\":\"en-US\",\"@id\":\"https:\/\/lasonrisadellagarto.com\/en\/galeria-de-momentos\/#primaryimage\",\"url\":\"https:\/\/lasonrisadellagarto.com\/wp-content\/uploads\/2023\/04\/3-448x426.jpg\",\"contentUrl\":\"https:\/\/lasonrisadellagarto.com\/wp-content\/uploads\/2023\/04\/3-448x426.jpg\"},{\"@type\":\"BreadcrumbList\",\"@id\":\"https:\/\/lasonrisadellagarto.com\/en\/galeria-de-momentos\/#breadcrumb\",\"itemListElement\":[{\"@type\":\"ListItem\",\"position\":1,\"name\":\"Portada\",\"item\":\"https:\/\/lasonrisadellagarto.com\/en\/\"},{\"@type\":\"ListItem\",\"position\":2,\"name\":\"Galer\u00eda de momentos\"}]},{\"@type\":\"WebSite\",\"@id\":\"https:\/\/lasonrisadellagarto.com\/#website\",\"url\":\"https:\/\/lasonrisadellagarto.com\/\",\"name\":\"La Sonrisa del Lagarto\",\"description\":\"La Sonrisa del Lagarto es una compa\u00f1\u00eda teatral hispano-brasile\u00f1a creada en 2001 por las actrices, directoras y dramaturgas Ave Hern\u00e1ndez y Marli Santana, ambas con una amplia trayectoria en las artes esc\u00e9nicas.\",\"publisher\":{\"@id\":\"https:\/\/lasonrisadellagarto.com\/#organization\"},\"potentialAction\":[{\"@type\":\"SearchAction\",\"target\":{\"@type\":\"EntryPoint\",\"urlTemplate\":\"https:\/\/lasonrisadellagarto.com\/?s={search_term_string}\"},\"query-input\":{\"@type\":\"PropertyValueSpecification\",\"valueRequired\":true,\"valueName\":\"search_term_string\"}}],\"inLanguage\":\"en-US\"},{\"@type\":\"Organization\",\"@id\":\"https:\/\/lasonrisadellagarto.com\/#organization\",\"name\":\"La Sonrisa del Lagarto\",\"url\":\"https:\/\/lasonrisadellagarto.com\/\",\"logo\":{\"@type\":\"ImageObject\",\"inLanguage\":\"en-US\",\"@id\":\"https:\/\/lasonrisadellagarto.com\/#\/schema\/logo\/image\/\",\"url\":\"https:\/\/lasonrisadellagarto.com\/wp-content\/uploads\/2023\/03\/Logotipo-La-Sonrisa-del-Lagarto.png\",\"contentUrl\":\"https:\/\/lasonrisadellagarto.com\/wp-content\/uploads\/2023\/03\/Logotipo-La-Sonrisa-del-Lagarto.png\",\"width\":332,\"height\":140,\"caption\":\"La Sonrisa del Lagarto\"},\"image\":{\"@id\":\"https:\/\/lasonrisadellagarto.com\/#\/schema\/logo\/image\/\"},\"sameAs\":[\"https:\/\/www.facebook.com\/lasonrisadellagarto\/?locale=es_LA\",\"https:\/\/x.com\/cialsdl_gijon\",\"https:\/\/www.instagram.com\/lasonrisadellagarto\/?hl=es\",\"https:\/\/www.linkedin.com\/in\/ave-hernandez-34914772\/?original_referer=httpslasonrisadellagarto.com\",\"https:\/\/cialasonrisadellagarto.blogspot.com\/\"]}]}<\/script>\n<!-- \/ Yoast SEO plugin. -->","yoast_head_json":{"title":"Galer\u00eda de momentos - La Sonrisa del Lagarto","robots":{"index":"index","follow":"follow","max-snippet":"max-snippet:-1","max-image-preview":"max-image-preview:large","max-video-preview":"max-video-preview:-1"},"canonical":"https:\/\/lasonrisadellagarto.com\/en\/galeria-de-momentos\/","og_locale":"en_US","og_type":"article","og_title":"Galer\u00eda de momentos - La Sonrisa del Lagarto","og_description":"Holisticly embrace world-class ROI with fully tested strategic theme areas. Collaboratively recaptiualize principle-centered materials without open-source. Continue reading &ldquo;Galer\u00eda de momentos&rdquo;&hellip;","og_url":"https:\/\/lasonrisadellagarto.com\/en\/galeria-de-momentos\/","og_site_name":"La Sonrisa del Lagarto","article_publisher":"https:\/\/www.facebook.com\/lasonrisadellagarto\/?locale=es_LA","og_image":[{"url":"https:\/\/lasonrisadellagarto.com\/wp-content\/uploads\/2023\/04\/3-448x426.jpg","type":"","width":"","height":""}],"twitter_card":"summary_large_image","twitter_site":"@cialsdl_gijon","schema":{"@context":"https:\/\/schema.org","@graph":[{"@type":"WebPage","@id":"https:\/\/lasonrisadellagarto.com\/en\/galeria-de-momentos\/","url":"https:\/\/lasonrisadellagarto.com\/en\/galeria-de-momentos\/","name":"Galer\u00eda de momentos - La Sonrisa del Lagarto","isPartOf":{"@id":"https:\/\/lasonrisadellagarto.com\/#website"},"primaryImageOfPage":{"@id":"https:\/\/lasonrisadellagarto.com\/en\/galeria-de-momentos\/#primaryimage"},"image":{"@id":"https:\/\/lasonrisadellagarto.com\/en\/galeria-de-momentos\/#primaryimage"},"thumbnailUrl":"https:\/\/lasonrisadellagarto.com\/wp-content\/uploads\/2023\/04\/3-448x426.jpg","datePublished":"2023-04-11T14:08:49+00:00","breadcrumb":{"@id":"https:\/\/lasonrisadellagarto.com\/en\/galeria-de-momentos\/#breadcrumb"},"inLanguage":"en-US","potentialAction":[{"@type":"ReadAction","target":["https:\/\/lasonrisadellagarto.com\/en\/galeria-de-momentos\/"]}]},{"@type":"ImageObject","inLanguage":"en-US","@id":"https:\/\/lasonrisadellagarto.com\/en\/galeria-de-momentos\/#primaryimage","url":"https:\/\/lasonrisadellagarto.com\/wp-content\/uploads\/2023\/04\/3-448x426.jpg","contentUrl":"https:\/\/lasonrisadellagarto.com\/wp-content\/uploads\/2023\/04\/3-448x426.jpg"},{"@type":"BreadcrumbList","@id":"https:\/\/lasonrisadellagarto.com\/en\/galeria-de-momentos\/#breadcrumb","itemListElement":[{"@type":"ListItem","position":1,"name":"Portada","item":"https:\/\/lasonrisadellagarto.com\/en\/"},{"@type":"ListItem","position":2,"name":"Galer\u00eda de momentos"}]},{"@type":"WebSite","@id":"https:\/\/lasonrisadellagarto.com\/#website","url":"https:\/\/lasonrisadellagarto.com\/","name":"La Sonrisa del Lagarto","description":"La Sonrisa del Lagarto es una compa\u00f1\u00eda teatral hispano-brasile\u00f1a creada en 2001 por las actrices, directoras y dramaturgas Ave Hern\u00e1ndez y Marli Santana, ambas con una amplia trayectoria en las artes esc\u00e9nicas.","publisher":{"@id":"https:\/\/lasonrisadellagarto.com\/#organization"},"potentialAction":[{"@type":"SearchAction","target":{"@type":"EntryPoint","urlTemplate":"https:\/\/lasonrisadellagarto.com\/?s={search_term_string}"},"query-input":{"@type":"PropertyValueSpecification","valueRequired":true,"valueName":"search_term_string"}}],"inLanguage":"en-US"},{"@type":"Organization","@id":"https:\/\/lasonrisadellagarto.com\/#organization","name":"La Sonrisa del Lagarto","url":"https:\/\/lasonrisadellagarto.com\/","logo":{"@type":"ImageObject","inLanguage":"en-US","@id":"https:\/\/lasonrisadellagarto.com\/#\/schema\/logo\/image\/","url":"https:\/\/lasonrisadellagarto.com\/wp-content\/uploads\/2023\/03\/Logotipo-La-Sonrisa-del-Lagarto.png","contentUrl":"https:\/\/lasonrisadellagarto.com\/wp-content\/uploads\/2023\/03\/Logotipo-La-Sonrisa-del-Lagarto.png","width":332,"height":140,"caption":"La Sonrisa del Lagarto"},"image":{"@id":"https:\/\/lasonrisadellagarto.com\/#\/schema\/logo\/image\/"},"sameAs":["https:\/\/www.facebook.com\/lasonrisadellagarto\/?locale=es_LA","https:\/\/x.com\/cialsdl_gijon","https:\/\/www.instagram.com\/lasonrisadellagarto\/?hl=es","https:\/\/www.linkedin.com\/in\/ave-hernandez-34914772\/?original_referer=httpslasonrisadellagarto.com","https:\/\/cialasonrisadellagarto.blogspot.com\/"]}]}},"_links":{"self":[{"href":"https:\/\/lasonrisadellagarto.com\/en\/wp-json\/wp\/v2\/pages\/4861","targetHints":{"allow":["GET"]}}],"collection":[{"href":"https:\/\/lasonrisadellagarto.com\/en\/wp-json\/wp\/v2\/pages"}],"about":[{"href":"https:\/\/lasonrisadellagarto.com\/en\/wp-json\/wp\/v2\/types\/page"}],"author":[{"embeddable":true,"href":"https:\/\/lasonrisadellagarto.com\/en\/wp-json\/wp\/v2\/users\/1"}],"replies":[{"embeddable":true,"href":"https:\/\/lasonrisadellagarto.com\/en\/wp-json\/wp\/v2\/comments?post=4861"}],"version-history":[{"count":0,"href":"https:\/\/lasonrisadellagarto.com\/en\/wp-json\/wp\/v2\/pages\/4861\/revisions"}],"wp:attachment":[{"href":"https:\/\/lasonrisadellagarto.com\/en\/wp-json\/wp\/v2\/media?parent=4861"}],"curies":[{"name":"wp","href":"https:\/\/api.w.org\/{rel}","templated":true}]}}