{"id":4877,"date":"2023-03-30T16:27:35","date_gmt":"2023-03-30T16:27:35","guid":{"rendered":"https:\/\/lasonrisadellagarto.com\/contacto\/"},"modified":"2024-07-05T14:54:54","modified_gmt":"2024-07-05T12:54:54","slug":"contact","status":"publish","type":"page","link":"https:\/\/lasonrisadellagarto.com\/en\/contact\/","title":{"rendered":"Contact"},"content":{"rendered":"\n<h1>\n\t\tContact\n\t<\/h1>\n\t<h2>Contact us<\/h2>\n\t\n<div class=\"wpcf7 no-js\" id=\"wpcf7-f1800-o1\" lang=\"es-ES\" dir=\"ltr\" data-wpcf7-id=\"1800\">\n<div class=\"screen-reader-response\"><p role=\"status\" aria-live=\"polite\" aria-atomic=\"true\"><\/p> <ul><\/ul><\/div>\n<form action=\"\/en\/wp-json\/wp\/v2\/pages\/4877#wpcf7-f1800-o1\" method=\"post\" class=\"wpcf7-form init wpcf7-acceptance-as-validation\" aria-label=\"Formulario de contacto\" novalidate=\"novalidate\" data-status=\"init\">\n<div style=\"display: none;\">\n<input type=\"hidden\" name=\"_wpcf7\" value=\"1800\" \/>\n<input type=\"hidden\" name=\"_wpcf7_version\" value=\"6.0.6\" \/>\n<input type=\"hidden\" name=\"_wpcf7_locale\" value=\"es_ES\" \/>\n<input type=\"hidden\" name=\"_wpcf7_unit_tag\" value=\"wpcf7-f1800-o1\" \/>\n<input type=\"hidden\" name=\"_wpcf7_container_post\" value=\"0\" \/>\n<input type=\"hidden\" name=\"_wpcf7_posted_data_hash\" value=\"\" \/>\n<input type=\"hidden\" name=\"_wpcf7_recaptcha_response\" value=\"\" \/>\n<\/div>\n<div class=\"formulario-lagarto\">\n\t<div class=\"formulario-nombre\">\n\t\t<p><label for=\"name\"><span class=\"formulario-texto\">Tu nombre<\/span><\/label><br \/>\n<span class=\"wpcf7-form-control-wrap\" data-name=\"your-name\"><input size=\"40\" maxlength=\"400\" class=\"wpcf7-form-control wpcf7-text wpcf7-validates-as-required\" aria-required=\"true\" aria-invalid=\"false\" value=\"\" type=\"text\" name=\"your-name\" \/><\/span>\n\t\t<\/p>\n\t<\/div>\n\t<div class=\"formulario-telefono\">\n\t\t<p><label for=\"name\"><span class=\"formulario-texto\">Tu tel\u00e9fono<\/span><\/label><br \/>\n<span class=\"wpcf7-form-control-wrap\" data-name=\"tel-884\"><input size=\"40\" maxlength=\"400\" class=\"wpcf7-form-control wpcf7-tel wpcf7-validates-as-required wpcf7-text wpcf7-validates-as-tel\" aria-required=\"true\" aria-invalid=\"false\" value=\"\" type=\"tel\" name=\"tel-884\" \/><\/span>\n\t\t<\/p>\n\t<\/div>\n\t<div class=\"formulario-correo\">\n\t\t<p><label><span class=\"formulario-texto\">Tu correo electr\u00f3nico<\/span><\/label><br \/>\n<span class=\"wpcf7-form-control-wrap\" data-name=\"your-email\"><input size=\"40\" maxlength=\"400\" class=\"wpcf7-form-control wpcf7-email wpcf7-validates-as-required wpcf7-text wpcf7-validates-as-email\" autocomplete=\"email\" aria-required=\"true\" aria-invalid=\"false\" value=\"\" type=\"email\" name=\"your-email\" \/><\/span>\n\t\t<\/p>\n\t<\/div>\n\t<div class=\"formulario-asunto\">\n\t\t<p><label><span class=\"formulario-texto\">Asunto<\/span><\/label><br \/>\n<span class=\"wpcf7-form-control-wrap\" data-name=\"your-subject\"><input size=\"40\" maxlength=\"400\" class=\"wpcf7-form-control wpcf7-text wpcf7-validates-as-required\" aria-required=\"true\" aria-invalid=\"false\" value=\"\" type=\"text\" name=\"your-subject\" \/><\/span>\n\t\t<\/p>\n\t<\/div>\n\t<div class=\"formulario-mensaje\">\n\t\t<p><label><span class=\"formulario-texto\">Comentario o mensaje <\/span><br \/>\n<span class=\"wpcf7-form-control-wrap\" data-name=\"tu-mensaje\"><textarea cols=\"40\" rows=\"10\" maxlength=\"2000\" class=\"wpcf7-form-control wpcf7-textarea\" aria-invalid=\"false\" name=\"tu-mensaje\"><\/textarea><\/span> <\/label>\n\t\t<\/p>\n\t<\/div>\n\t<p class=\"footer-formulario-texto-legal\" style=\"color: #000000;\"><span class=\"wpcf7-form-control-wrap\" data-name=\"acceptance-978\"><span class=\"wpcf7-form-control wpcf7-acceptance\"><span class=\"wpcf7-list-item\"><input type=\"checkbox\" name=\"acceptance-978\" value=\"1\" aria-invalid=\"false\" \/><\/span><\/span><\/span>Consiento el tratamiento de mis datos personales conforme a la <a href=\"https:\/\/lasonrisadellagarto.com\/politica-de-privacidad\/\">Pol\u00edtica de privacidad.<\/a>\n\t<\/p>\n\t<div class=\"formulario-boton\">\n\t\t<p><input class=\"wpcf7-form-control wpcf7-submit has-spinner\" type=\"submit\" value=\"Enviar\" \/>\n\t\t<\/p>\n\t<\/div>\n<\/div><div class=\"wpcf7-response-output\" aria-hidden=\"true\"><\/div>\n<\/form>\n<\/div>\n\n\t\t\t\t<img loading=\"lazy\" decoding=\"async\" src=\"https:\/\/lasonrisadellagarto.com\/wp-content\/uploads\/2023\/04\/logo-la-sonrisa-del-lagarto-solo.png\" alt=\"Imagen del lagarto La Sonrisa del Lagarto\" itemprop=\"image\" height=\"203\" width=\"436\" title=\"Logo La Sonrisa  del Lagarto\" onerror=\"this.style.display='none'\"  \/>\n\t<h2>We are La Sonrisa del Lagarto<\/h2>\n<p>Browse the map to see where we are.<\/p>\n\t<iframe src=\"https:\/\/www.google.com\/maps\/embed?pb=!1m18!1m12!1m3!1d6042.418953142575!2d-5.666550383463882!3d43.52051767912598!2m3!1f0!2f0!3f0!3m2!1i1024!2i768!4f13.1!3m3!1m2!1s0xd367c9489e61523%3A0xd7d3a2c420daf272!2sLa%20Sonrisa%20del%20Lagarto!5e1!3m2!1ses!2ses!4v1680523023585!5m2!1ses!2ses\" width=\"600\" height=\"600\" allowfullscreen=\"\" loading=\"lazy\" referrerpolicy=\"no-referrer-when-downgrade\"><\/iframe>\n\t\t\t\t<img loading=\"lazy\" decoding=\"async\" src=\"https:\/\/lasonrisadellagarto.com\/wp-content\/uploads\/2023\/04\/ave-y-marli.jpg\" alt=\"Ave Hern\u00e1ndez y Marli Hern\u00e1ndez con golondr\u00ednas\" itemprop=\"image\" height=\"1187\" width=\"1599\" title=\"Ave Hern\u00e1ndez y Marli Hern\u00e1ndez\" onerror=\"this.style.display='none'\"  \/>\n\t<blockquote>\n<p>It is essential to believe in a sense of life renewed by Theater, where man takes possession of what does not yet exist and brings it to life.<\/p>\n<\/blockquote>\n\t\t\t\t<img loading=\"lazy\" decoding=\"async\" src=\"https:\/\/lasonrisadellagarto.com\/wp-content\/uploads\/2023\/03\/Logotipo-La-Sonrisa-del-Lagarto.png\" alt=\"Logotipo y anagrama La Sonrisa del Lagarto\" itemprop=\"image\" height=\"140\" width=\"332\" title=\"Logotipo La Sonrisa del Lagarto\" onerror=\"this.style.display='none'\"  \/>\n\n","protected":false},"excerpt":{"rendered":"<div class=\"entry-summary\">\n<div class=\"entry-summary\">\nContact Contact us We are La Sonrisa del Lagarto Browse the map to see where we are. It is essential to believe in a sense of life renewed by Theater, where man takes possession of what does not yet exist&hellip;\n<\/div>\n<div class=\"link-more\"><a href=\"https:\/\/lasonrisadellagarto.com\/en\/contact\/\" class=\"more-link\">Continue reading<span class=\"screen-reader-text\"> &ldquo;Contact&rdquo;<\/span>&hellip;<\/a><\/div>\n<\/div>\n<div class=\"link-more\"><a href=\"https:\/\/lasonrisadellagarto.com\/en\/contact\/\" class=\"more-link\">Continue reading<span class=\"screen-reader-text\"> &ldquo;Contact&rdquo;<\/span>&hellip;<\/a><\/div>\n","protected":false},"author":1,"featured_media":0,"parent":0,"menu_order":0,"comment_status":"closed","ping_status":"closed","template":"templates\/no-intro.php","meta":{"_acf_changed":false,"_EventAllDay":false,"_EventTimezone":"","_EventStartDate":"","_EventEndDate":"","_EventStartDateUTC":"","_EventEndDateUTC":"","_EventShowMap":false,"_EventShowMapLink":false,"_EventURL":"","_EventCost":"","_EventCostDescription":"","_EventCurrencySymbol":"","_EventCurrencyCode":"","_EventCurrencyPosition":"","_EventDateTimeSeparator":"","_EventTimeRangeSeparator":"","_EventOrganizerID":[],"_EventVenueID":[],"_OrganizerEmail":"","_OrganizerPhone":"","_OrganizerWebsite":"","_VenueAddress":"","_VenueCity":"","_VenueCountry":"","_VenueProvince":"","_VenueState":"","_VenueZip":"","_VenuePhone":"","_VenueURL":"","_VenueStateProvince":"","_VenueLat":"","_VenueLng":"","_VenueShowMap":false,"_VenueShowMapLink":false,"_joinchat":[],"footnotes":""},"class_list":["post-4877","page","type-page","status-publish","hentry","entry"],"acf":[],"yoast_head":"<!-- This site is optimized with the Yoast SEO plugin v25.3.1 - https:\/\/yoast.com\/wordpress\/plugins\/seo\/ -->\n<title>Contact - La Sonrisa del Lagarto<\/title>\n<meta name=\"description\" content=\"La Sonrisa del LagartLa Sonrisa del Lagarto es una compa\u00f1\u00eda teatral hispano-brasile\u00f1a creada en 2001 por las actrices, directoras y dramaturgas Ave Hern\u00e1ndez y Marli Santana, ambas con una amplia trayectoria en las artes esc\u00e9nicas.\" \/>\n<meta name=\"robots\" content=\"index, follow, max-snippet:-1, max-image-preview:large, max-video-preview:-1\" \/>\n<link rel=\"canonical\" href=\"https:\/\/lasonrisadellagarto.com\/en\/contact\/\" \/>\n<meta property=\"og:locale\" content=\"en_US\" \/>\n<meta property=\"og:type\" content=\"article\" \/>\n<meta property=\"og:title\" content=\"Contact - La Sonrisa del Lagarto\" \/>\n<meta property=\"og:description\" content=\"La Sonrisa del LagartLa Sonrisa del Lagarto es una compa\u00f1\u00eda teatral hispano-brasile\u00f1a creada en 2001 por las actrices, directoras y dramaturgas Ave Hern\u00e1ndez y Marli Santana, ambas con una amplia trayectoria en las artes esc\u00e9nicas.\" \/>\n<meta property=\"og:url\" content=\"https:\/\/lasonrisadellagarto.com\/en\/contact\/\" \/>\n<meta property=\"og:site_name\" content=\"La Sonrisa del Lagarto\" \/>\n<meta property=\"article:publisher\" content=\"https:\/\/www.facebook.com\/lasonrisadellagarto\/?locale=es_LA\" \/>\n<meta property=\"article:modified_time\" content=\"2024-07-05T12:54:54+00:00\" \/>\n<meta property=\"og:image\" content=\"https:\/\/lasonrisadellagarto.com\/wp-content\/uploads\/2023\/04\/logo-la-sonrisa-del-lagarto-solo.png\" \/>\n<meta name=\"twitter:card\" content=\"summary_large_image\" \/>\n<meta name=\"twitter:site\" content=\"@cialsdl_gijon\" \/>\n<meta name=\"twitter:label1\" content=\"Est. reading time\" \/>\n\t<meta name=\"twitter:data1\" content=\"1 minute\" \/>\n<script type=\"application\/ld+json\" class=\"yoast-schema-graph\">{\"@context\":\"https:\/\/schema.org\",\"@graph\":[{\"@type\":\"WebPage\",\"@id\":\"https:\/\/lasonrisadellagarto.com\/en\/contact\/\",\"url\":\"https:\/\/lasonrisadellagarto.com\/en\/contact\/\",\"name\":\"Contact - La Sonrisa del Lagarto\",\"isPartOf\":{\"@id\":\"https:\/\/lasonrisadellagarto.com\/#website\"},\"primaryImageOfPage\":{\"@id\":\"https:\/\/lasonrisadellagarto.com\/en\/contact\/#primaryimage\"},\"image\":{\"@id\":\"https:\/\/lasonrisadellagarto.com\/en\/contact\/#primaryimage\"},\"thumbnailUrl\":\"https:\/\/lasonrisadellagarto.com\/wp-content\/uploads\/2023\/04\/logo-la-sonrisa-del-lagarto-solo.png\",\"datePublished\":\"2023-03-30T16:27:35+00:00\",\"dateModified\":\"2024-07-05T12:54:54+00:00\",\"description\":\"La Sonrisa del LagartLa Sonrisa del Lagarto es una compa\u00f1\u00eda teatral hispano-brasile\u00f1a creada en 2001 por las actrices, directoras y dramaturgas Ave Hern\u00e1ndez y Marli Santana, ambas con una amplia trayectoria en las artes esc\u00e9nicas.\",\"breadcrumb\":{\"@id\":\"https:\/\/lasonrisadellagarto.com\/en\/contact\/#breadcrumb\"},\"inLanguage\":\"en-US\",\"potentialAction\":[{\"@type\":\"ReadAction\",\"target\":[\"https:\/\/lasonrisadellagarto.com\/en\/contact\/\"]}]},{\"@type\":\"ImageObject\",\"inLanguage\":\"en-US\",\"@id\":\"https:\/\/lasonrisadellagarto.com\/en\/contact\/#primaryimage\",\"url\":\"https:\/\/lasonrisadellagarto.com\/wp-content\/uploads\/2023\/04\/logo-la-sonrisa-del-lagarto-solo.png\",\"contentUrl\":\"https:\/\/lasonrisadellagarto.com\/wp-content\/uploads\/2023\/04\/logo-la-sonrisa-del-lagarto-solo.png\"},{\"@type\":\"BreadcrumbList\",\"@id\":\"https:\/\/lasonrisadellagarto.com\/en\/contact\/#breadcrumb\",\"itemListElement\":[{\"@type\":\"ListItem\",\"position\":1,\"name\":\"Portada\",\"item\":\"https:\/\/lasonrisadellagarto.com\/en\/\"},{\"@type\":\"ListItem\",\"position\":2,\"name\":\"Contact\"}]},{\"@type\":\"WebSite\",\"@id\":\"https:\/\/lasonrisadellagarto.com\/#website\",\"url\":\"https:\/\/lasonrisadellagarto.com\/\",\"name\":\"La Sonrisa del Lagarto\",\"description\":\"La Sonrisa del Lagarto es una compa\u00f1\u00eda teatral hispano-brasile\u00f1a creada en 2001 por las actrices, directoras y dramaturgas Ave Hern\u00e1ndez y Marli Santana, ambas con una amplia trayectoria en las artes esc\u00e9nicas.\",\"publisher\":{\"@id\":\"https:\/\/lasonrisadellagarto.com\/#organization\"},\"potentialAction\":[{\"@type\":\"SearchAction\",\"target\":{\"@type\":\"EntryPoint\",\"urlTemplate\":\"https:\/\/lasonrisadellagarto.com\/?s={search_term_string}\"},\"query-input\":{\"@type\":\"PropertyValueSpecification\",\"valueRequired\":true,\"valueName\":\"search_term_string\"}}],\"inLanguage\":\"en-US\"},{\"@type\":\"Organization\",\"@id\":\"https:\/\/lasonrisadellagarto.com\/#organization\",\"name\":\"La Sonrisa del Lagarto\",\"url\":\"https:\/\/lasonrisadellagarto.com\/\",\"logo\":{\"@type\":\"ImageObject\",\"inLanguage\":\"en-US\",\"@id\":\"https:\/\/lasonrisadellagarto.com\/#\/schema\/logo\/image\/\",\"url\":\"https:\/\/lasonrisadellagarto.com\/wp-content\/uploads\/2023\/03\/Logotipo-La-Sonrisa-del-Lagarto.png\",\"contentUrl\":\"https:\/\/lasonrisadellagarto.com\/wp-content\/uploads\/2023\/03\/Logotipo-La-Sonrisa-del-Lagarto.png\",\"width\":332,\"height\":140,\"caption\":\"La Sonrisa del Lagarto\"},\"image\":{\"@id\":\"https:\/\/lasonrisadellagarto.com\/#\/schema\/logo\/image\/\"},\"sameAs\":[\"https:\/\/www.facebook.com\/lasonrisadellagarto\/?locale=es_LA\",\"https:\/\/x.com\/cialsdl_gijon\",\"https:\/\/www.instagram.com\/lasonrisadellagarto\/?hl=es\",\"https:\/\/www.linkedin.com\/in\/ave-hernandez-34914772\/?original_referer=httpslasonrisadellagarto.com\",\"https:\/\/cialasonrisadellagarto.blogspot.com\/\"]}]}<\/script>\n<!-- \/ Yoast SEO plugin. -->","yoast_head_json":{"title":"Contact - La Sonrisa del Lagarto","description":"La Sonrisa del LagartLa Sonrisa del Lagarto es una compa\u00f1\u00eda teatral hispano-brasile\u00f1a creada en 2001 por las actrices, directoras y dramaturgas Ave Hern\u00e1ndez y Marli Santana, ambas con una amplia trayectoria en las artes esc\u00e9nicas.","robots":{"index":"index","follow":"follow","max-snippet":"max-snippet:-1","max-image-preview":"max-image-preview:large","max-video-preview":"max-video-preview:-1"},"canonical":"https:\/\/lasonrisadellagarto.com\/en\/contact\/","og_locale":"en_US","og_type":"article","og_title":"Contact - La Sonrisa del Lagarto","og_description":"La Sonrisa del LagartLa Sonrisa del Lagarto es una compa\u00f1\u00eda teatral hispano-brasile\u00f1a creada en 2001 por las actrices, directoras y dramaturgas Ave Hern\u00e1ndez y Marli Santana, ambas con una amplia trayectoria en las artes esc\u00e9nicas.","og_url":"https:\/\/lasonrisadellagarto.com\/en\/contact\/","og_site_name":"La Sonrisa del Lagarto","article_publisher":"https:\/\/www.facebook.com\/lasonrisadellagarto\/?locale=es_LA","article_modified_time":"2024-07-05T12:54:54+00:00","og_image":[{"url":"https:\/\/lasonrisadellagarto.com\/wp-content\/uploads\/2023\/04\/logo-la-sonrisa-del-lagarto-solo.png","type":"","width":"","height":""}],"twitter_card":"summary_large_image","twitter_site":"@cialsdl_gijon","twitter_misc":{"Est. reading time":"1 minute"},"schema":{"@context":"https:\/\/schema.org","@graph":[{"@type":"WebPage","@id":"https:\/\/lasonrisadellagarto.com\/en\/contact\/","url":"https:\/\/lasonrisadellagarto.com\/en\/contact\/","name":"Contact - La Sonrisa del Lagarto","isPartOf":{"@id":"https:\/\/lasonrisadellagarto.com\/#website"},"primaryImageOfPage":{"@id":"https:\/\/lasonrisadellagarto.com\/en\/contact\/#primaryimage"},"image":{"@id":"https:\/\/lasonrisadellagarto.com\/en\/contact\/#primaryimage"},"thumbnailUrl":"https:\/\/lasonrisadellagarto.com\/wp-content\/uploads\/2023\/04\/logo-la-sonrisa-del-lagarto-solo.png","datePublished":"2023-03-30T16:27:35+00:00","dateModified":"2024-07-05T12:54:54+00:00","description":"La Sonrisa del LagartLa Sonrisa del Lagarto es una compa\u00f1\u00eda teatral hispano-brasile\u00f1a creada en 2001 por las actrices, directoras y dramaturgas Ave Hern\u00e1ndez y Marli Santana, ambas con una amplia trayectoria en las artes esc\u00e9nicas.","breadcrumb":{"@id":"https:\/\/lasonrisadellagarto.com\/en\/contact\/#breadcrumb"},"inLanguage":"en-US","potentialAction":[{"@type":"ReadAction","target":["https:\/\/lasonrisadellagarto.com\/en\/contact\/"]}]},{"@type":"ImageObject","inLanguage":"en-US","@id":"https:\/\/lasonrisadellagarto.com\/en\/contact\/#primaryimage","url":"https:\/\/lasonrisadellagarto.com\/wp-content\/uploads\/2023\/04\/logo-la-sonrisa-del-lagarto-solo.png","contentUrl":"https:\/\/lasonrisadellagarto.com\/wp-content\/uploads\/2023\/04\/logo-la-sonrisa-del-lagarto-solo.png"},{"@type":"BreadcrumbList","@id":"https:\/\/lasonrisadellagarto.com\/en\/contact\/#breadcrumb","itemListElement":[{"@type":"ListItem","position":1,"name":"Portada","item":"https:\/\/lasonrisadellagarto.com\/en\/"},{"@type":"ListItem","position":2,"name":"Contact"}]},{"@type":"WebSite","@id":"https:\/\/lasonrisadellagarto.com\/#website","url":"https:\/\/lasonrisadellagarto.com\/","name":"La Sonrisa del Lagarto","description":"La Sonrisa del Lagarto es una compa\u00f1\u00eda teatral hispano-brasile\u00f1a creada en 2001 por las actrices, directoras y dramaturgas Ave Hern\u00e1ndez y Marli Santana, ambas con una amplia trayectoria en las artes esc\u00e9nicas.","publisher":{"@id":"https:\/\/lasonrisadellagarto.com\/#organization"},"potentialAction":[{"@type":"SearchAction","target":{"@type":"EntryPoint","urlTemplate":"https:\/\/lasonrisadellagarto.com\/?s={search_term_string}"},"query-input":{"@type":"PropertyValueSpecification","valueRequired":true,"valueName":"search_term_string"}}],"inLanguage":"en-US"},{"@type":"Organization","@id":"https:\/\/lasonrisadellagarto.com\/#organization","name":"La Sonrisa del Lagarto","url":"https:\/\/lasonrisadellagarto.com\/","logo":{"@type":"ImageObject","inLanguage":"en-US","@id":"https:\/\/lasonrisadellagarto.com\/#\/schema\/logo\/image\/","url":"https:\/\/lasonrisadellagarto.com\/wp-content\/uploads\/2023\/03\/Logotipo-La-Sonrisa-del-Lagarto.png","contentUrl":"https:\/\/lasonrisadellagarto.com\/wp-content\/uploads\/2023\/03\/Logotipo-La-Sonrisa-del-Lagarto.png","width":332,"height":140,"caption":"La Sonrisa del Lagarto"},"image":{"@id":"https:\/\/lasonrisadellagarto.com\/#\/schema\/logo\/image\/"},"sameAs":["https:\/\/www.facebook.com\/lasonrisadellagarto\/?locale=es_LA","https:\/\/x.com\/cialsdl_gijon","https:\/\/www.instagram.com\/lasonrisadellagarto\/?hl=es","https:\/\/www.linkedin.com\/in\/ave-hernandez-34914772\/?original_referer=httpslasonrisadellagarto.com","https:\/\/cialasonrisadellagarto.blogspot.com\/"]}]}},"_links":{"self":[{"href":"https:\/\/lasonrisadellagarto.com\/en\/wp-json\/wp\/v2\/pages\/4877","targetHints":{"allow":["GET"]}}],"collection":[{"href":"https:\/\/lasonrisadellagarto.com\/en\/wp-json\/wp\/v2\/pages"}],"about":[{"href":"https:\/\/lasonrisadellagarto.com\/en\/wp-json\/wp\/v2\/types\/page"}],"author":[{"embeddable":true,"href":"https:\/\/lasonrisadellagarto.com\/en\/wp-json\/wp\/v2\/users\/1"}],"replies":[{"embeddable":true,"href":"https:\/\/lasonrisadellagarto.com\/en\/wp-json\/wp\/v2\/comments?post=4877"}],"version-history":[{"count":2,"href":"https:\/\/lasonrisadellagarto.com\/en\/wp-json\/wp\/v2\/pages\/4877\/revisions"}],"predecessor-version":[{"id":4999,"href":"https:\/\/lasonrisadellagarto.com\/en\/wp-json\/wp\/v2\/pages\/4877\/revisions\/4999"}],"wp:attachment":[{"href":"https:\/\/lasonrisadellagarto.com\/en\/wp-json\/wp\/v2\/media?parent=4877"}],"curies":[{"name":"wp","href":"https:\/\/api.w.org\/{rel}","templated":true}]}}