{"id":1963,"date":"2017-03-09T15:20:56","date_gmt":"2017-03-09T15:20:56","guid":{"rendered":"https:\/\/lasonrisadellagarto.com\/?page_id=1963"},"modified":"2025-06-26T09:40:06","modified_gmt":"2025-06-26T07:40:06","slug":"home","status":"publish","type":"page","link":"https:\/\/lasonrisadellagarto.com\/pt-br\/","title":{"rendered":"Home"},"content":{"rendered":"\n<h1>\n\t\t\tLa Mona Simona\t<\/h1>\n\t<p>15-16 Abril | Centro Dram\u00e1tico Nacional<\/p>\n\t\t\t<a href=\"https:\/\/lasonrisadellagarto.com\/pt-br\/proyects\/la-mona-simona\/\" target=\"_self\">\n\t\t\t\t\t\t\tVer espet\u00e1culo\n\t\t\t\t\t<\/a>\n<h2>\n\t\t\tNossos Espet\u00e1culos\t<\/h2>\n<div class=\"wm-posts wm-posts-wrap clearfix wm-posts-wm_projects wm-posts-layout-default posts\"><div class=\"wm-posts-container wm-items-container with-margin\" data-columns=\"5\" data-time=\"0\" data-layout-mode=\"masonry\"><div class=\"wm-row with-margin\">\r\n<div class=\"wm-posts-item wm-posts-item-4488 wm-column width-1-5 with-margin has-thumbnail\">\r\n\r\n\t\r\n\r\n<article id=\"post-4488\" class=\"post-4488 wm_projects type-wm_projects status-publish has-post-thumbnail hentry project_category-espectaculo-en-gira project_tag-infantil project_tag-teatro-de-sombras entry\">\r\n\r\n\t<div class=\"entry-media\"><figure class=\"post-thumbnail\"><a href=\"https:\/\/lasonrisadellagarto.com\/pt-br\/proyects\/malaika\/\"><img loading=\"lazy\" decoding=\"async\" width=\"448\" height=\"448\" src=\"https:\/\/lasonrisadellagarto.com\/wp-content\/uploads\/2023\/06\/La-Sonrisa-del-Lagarto-Malaica-448x448.jpeg\" class=\"attachment-icelander-square size-icelander-square wp-post-image\" alt=\"\" \/><\/a><\/figure><\/div><div class=\"wm-posts-element wm-html-element taxonomy taxonomy-project_category\"><span class=\"taxonomy-label\">Project Category: <\/span><a href=\"https:\/\/lasonrisadellagarto.com\/proyects-categoria\/espectaculo-en-gira\/\" class=\"term term-project_category term-espectaculo-en-gira\">Espectaculo-en-gira<\/a><\/div><header class=\"entry-header\"><h3 class=\"entry-title\"><a href=\"https:\/\/lasonrisadellagarto.com\/pt-br\/proyects\/malaika\/\" rel=\"bookmark\">Malaika<\/a><\/h3><\/header>\r\n\t<div class=\"entry-content\"><\/div>\r\n\r\n\t\r\n<\/article>\r\n\r\n\r\n<\/div>\r\n\r\n<div class=\"wm-posts-item wm-posts-item-4419 wm-column width-1-5 with-margin alt has-thumbnail\">\r\n\r\n\t\r\n\r\n<article id=\"post-4419\" class=\"post-4419 wm_projects type-wm_projects status-publish has-post-thumbnail hentry project_category-espectaculo-en-gira project_tag-infantil project_tag-teatro-de-sombras entry\">\r\n\r\n\t<div class=\"entry-media\"><figure class=\"post-thumbnail\"><a href=\"https:\/\/lasonrisadellagarto.com\/pt-br\/proyects\/la-mona-simona\/\"><img loading=\"lazy\" decoding=\"async\" width=\"448\" height=\"448\" src=\"https:\/\/lasonrisadellagarto.com\/wp-content\/uploads\/2023\/04\/Espectaculo-La-Mona-Simona-Caratula-448x448.jpg\" class=\"attachment-icelander-square size-icelander-square wp-post-image\" alt=\"\" \/><\/a><\/figure><\/div><div class=\"wm-posts-element wm-html-element taxonomy taxonomy-project_category\"><span class=\"taxonomy-label\">Project Category: <\/span><a href=\"https:\/\/lasonrisadellagarto.com\/proyects-categoria\/espectaculo-en-gira\/\" class=\"term term-project_category term-espectaculo-en-gira\">Espectaculo-en-gira<\/a><\/div><header class=\"entry-header\"><h3 class=\"entry-title\"><a href=\"https:\/\/lasonrisadellagarto.com\/pt-br\/proyects\/la-mona-simona\/\" rel=\"bookmark\">La Mona Simona<\/a><\/h3><\/header>\r\n\t<div class=\"entry-content\"><\/div>\r\n\r\n\t\r\n<\/article>\r\n\r\n\r\n<\/div>\r\n\r\n<div class=\"wm-posts-item wm-posts-item-4421 wm-column width-1-5 with-margin has-thumbnail\">\r\n\r\n\t\r\n\r\n<article id=\"post-4421\" class=\"post-4421 wm_projects type-wm_projects status-publish has-post-thumbnail hentry project_category-espectaculo-en-gira project_tag-infantil project_tag-teatro-de-sombras entry\">\r\n\r\n\t<div class=\"entry-media\"><figure class=\"post-thumbnail\"><a href=\"https:\/\/lasonrisadellagarto.com\/pt-br\/proyects\/ohia\/\"><img loading=\"lazy\" decoding=\"async\" width=\"448\" height=\"448\" src=\"https:\/\/lasonrisadellagarto.com\/wp-content\/uploads\/2023\/04\/Espectaculo-OHIA-Caratula-448x448.jpg\" class=\"attachment-icelander-square size-icelander-square wp-post-image\" alt=\"\" \/><\/a><\/figure><\/div><div class=\"wm-posts-element wm-html-element taxonomy taxonomy-project_category\"><span class=\"taxonomy-label\">Project Category: <\/span><a href=\"https:\/\/lasonrisadellagarto.com\/proyects-categoria\/espectaculo-en-gira\/\" class=\"term term-project_category term-espectaculo-en-gira\">Espectaculo-en-gira<\/a><\/div><header class=\"entry-header\"><h3 class=\"entry-title\"><a href=\"https:\/\/lasonrisadellagarto.com\/pt-br\/proyects\/ohia\/\" rel=\"bookmark\">Ohi\u00e1<\/a><\/h3><\/header>\r\n\t<div class=\"entry-content\"><\/div>\r\n\r\n\t\r\n<\/article>\r\n\r\n\r\n<\/div>\r\n\r\n<div class=\"wm-posts-item wm-posts-item-4424 wm-column width-1-5 with-margin alt has-thumbnail\">\r\n\r\n\t\r\n\r\n<article id=\"post-4424\" class=\"post-4424 wm_projects type-wm_projects status-publish has-post-thumbnail hentry project_category-espectaculo-en-gira project_tag-infantil project_tag-teatro-de-sombras entry\">\r\n\r\n\t<div class=\"entry-media\"><figure class=\"post-thumbnail\"><a href=\"https:\/\/lasonrisadellagarto.com\/pt-br\/proyects\/basurilla\/\"><img loading=\"lazy\" decoding=\"async\" width=\"448\" height=\"448\" src=\"https:\/\/lasonrisadellagarto.com\/wp-content\/uploads\/2023\/04\/Espectaculo-Basurilla-Caratula-448x448.jpg\" class=\"attachment-icelander-square size-icelander-square wp-post-image\" alt=\"\" \/><\/a><\/figure><\/div><div class=\"wm-posts-element wm-html-element taxonomy taxonomy-project_category\"><span class=\"taxonomy-label\">Project Category: <\/span><a href=\"https:\/\/lasonrisadellagarto.com\/proyects-categoria\/espectaculo-en-gira\/\" class=\"term term-project_category term-espectaculo-en-gira\">Espectaculo-en-gira<\/a><\/div><header class=\"entry-header\"><h3 class=\"entry-title\"><a href=\"https:\/\/lasonrisadellagarto.com\/pt-br\/proyects\/basurilla\/\" rel=\"bookmark\">Basurilla<\/a><\/h3><\/header>\r\n\t<div class=\"entry-content\"><\/div>\r\n\r\n\t\r\n<\/article>\r\n\r\n\r\n<\/div>\r\n\r\n<div class=\"wm-posts-item wm-posts-item-4425 wm-column width-1-5 with-margin last has-thumbnail\">\r\n\r\n\t\r\n\r\n<article id=\"post-4425\" class=\"post-4425 wm_projects type-wm_projects status-publish has-post-thumbnail hentry project_category-espectaculo-en-gira project_tag-adultos entry\">\r\n\r\n\t<div class=\"entry-media\"><figure class=\"post-thumbnail\"><a href=\"https:\/\/lasonrisadellagarto.com\/pt-br\/proyects\/amares\/\"><img loading=\"lazy\" decoding=\"async\" width=\"448\" height=\"448\" src=\"https:\/\/lasonrisadellagarto.com\/wp-content\/uploads\/2023\/04\/Espectaculo-Amares-Caratula-Paraguas-448x448.jpg\" class=\"attachment-icelander-square size-icelander-square wp-post-image\" alt=\"\" \/><\/a><\/figure><\/div><div class=\"wm-posts-element wm-html-element taxonomy taxonomy-project_category\"><span class=\"taxonomy-label\">Project Category: <\/span><a href=\"https:\/\/lasonrisadellagarto.com\/proyects-categoria\/espectaculo-en-gira\/\" class=\"term term-project_category term-espectaculo-en-gira\">Espectaculo-en-gira<\/a><\/div><header class=\"entry-header\"><h3 class=\"entry-title\"><a href=\"https:\/\/lasonrisadellagarto.com\/pt-br\/proyects\/amares\/\" rel=\"bookmark\">Amares<\/a><\/h3><\/header>\r\n\t<div class=\"entry-content\"><\/div>\r\n\r\n\t\r\n<\/article>\r\n\r\n\r\n<\/div>\r\n<\/div><\/div><\/div>\n\t\t\t<a href=\"https:\/\/lasonrisadellagarto.com\/pt-br\/espectaculos\/\" target=\"_self\">\n\t\t\t\t\t\t\tVer espet\u00e1culos\n\t\t\t\t\t<\/a>\n<h2>\n\t\t\tCALENDARIO\t<\/h2>\n\t\t\t\t<img decoding=\"async\" src=\"https:\/\/lasonrisadellagarto.com\/wp-content\/uploads\/2023\/03\/caracol.jpg\" alt=\"caracol\" itemprop=\"image\" height=\"1048\" width=\"786\" title=\"caracol\" onerror=\"this.style.display='none'\" loading='lazy' \/>\n\t\t\t<a href=\"https:\/\/lasonrisadellagarto.com\/agenda\/\" target=\"_self\">\n\t\t\t\t\t\t\tVer agenda completa\n\t\t\t\t\t<\/a>\n\t\t\t\t<img decoding=\"async\" src=\"https:\/\/lasonrisadellagarto.com\/wp-content\/uploads\/2025\/06\/PRINCIPAL-e1750317492688-1.jpg\" alt=\"PRINCIPAL-e1750317492688\" itemprop=\"image\" height=\"957\" width=\"2000\" title=\"PRINCIPAL-e1750317492688\" onerror=\"this.style.display='none'\" loading='lazy' \/>\n<h2>\n\t\t\tA COMPANHIA\t<\/h2>\n\t<p>La Sonrisa del Lagarto \u00e9 uma companhia de teatro espana-brasileira\u00a0 fundada em\u00a0 2001 pelas atrizes, diretoras e dramaturgas <strong>Ave Hern\u00e1ndez<\/strong> e <strong>Marli Santana,<\/strong> ambas com uma amplia trajet\u00f3ria nas artes c\u00e9nicas.<\/p>\n\t\t\t\t<img decoding=\"async\" src=\"https:\/\/lasonrisadellagarto.com\/wp-content\/uploads\/2023\/03\/ave-hernandez.png\" alt=\"Fotograf\u00eda de Ave Hern\u00e1ndez\" itemprop=\"image\" height=\"701\" width=\"700\" title=\"ave-hernandez\" onerror=\"this.style.display='none'\" loading='lazy' \/>\n<h2>\n\t\t\tAVE HERN\u00c1NDEZ\t<\/h2>\n\t\t\t\t<img decoding=\"async\" src=\"https:\/\/lasonrisadellagarto.com\/wp-content\/uploads\/2023\/03\/marli-santana.png\" alt=\"Fotograf\u00eda de Ave Santana\" itemprop=\"image\" height=\"701\" width=\"700\" title=\"marli-santana\" onerror=\"this.style.display='none'\" loading='lazy' \/>\n<h2>\n\t\t\tMARLI SANTANA\t<\/h2>\n\t\t\t<a href=\"https:\/\/lasonrisadellagarto.com\/pt-br\/quem-somos\/\" target=\"_self\">\n\t\t\t\t\t\t\tMais informa\u00e7\u00f5es\n\t\t\t\t\t<\/a>\n\n","protected":false},"excerpt":{"rendered":"<div class=\"entry-summary\">\n<div class=\"entry-summary\">\nProfessionally architect customer directed total linkage vis-a-vis robust networks. Continually leverage existing high standards in growth.\n<\/div>\n<\/div>\n","protected":false},"author":1,"featured_media":0,"parent":0,"menu_order":0,"comment_status":"closed","ping_status":"closed","template":"templates\/child-pages.php","meta":{"_acf_changed":false,"_EventAllDay":false,"_EventTimezone":"","_EventStartDate":"","_EventEndDate":"","_EventStartDateUTC":"","_EventEndDateUTC":"","_EventShowMap":false,"_EventShowMapLink":false,"_EventURL":"","_EventCost":"","_EventCostDescription":"","_EventCurrencySymbol":"","_EventCurrencyCode":"","_EventCurrencyPosition":"","_EventDateTimeSeparator":"","_EventTimeRangeSeparator":"","_EventOrganizerID":[],"_EventVenueID":[],"_OrganizerEmail":"","_OrganizerPhone":"","_OrganizerWebsite":"","_VenueAddress":"","_VenueCity":"","_VenueCountry":"","_VenueProvince":"","_VenueState":"","_VenueZip":"","_VenuePhone":"","_VenueURL":"","_VenueStateProvince":"","_VenueLat":"","_VenueLng":"","_VenueShowMap":false,"_VenueShowMapLink":false,"_joinchat":[],"footnotes":""},"class_list":["post-1963","page","type-page","status-publish","hentry","entry"],"acf":[],"yoast_head":"<!-- This site is optimized with the Yoast SEO plugin v25.3.1 - https:\/\/yoast.com\/wordpress\/plugins\/seo\/ -->\n<title>Home - La Sonrisa del Lagarto<\/title>\n<meta name=\"description\" content=\"La Sonrisa del Lagarto es una compa\u00f1\u00eda teatral hispano-brasile\u00f1a creada en 2001 por las actrices, directoras y dramaturgas Ave Hern\u00e1ndez y Marli Santana, ambas con una amplia trayectoria en las artes esc\u00e9nicas.\" \/>\n<meta name=\"robots\" content=\"index, follow, max-snippet:-1, max-image-preview:large, max-video-preview:-1\" \/>\n<link rel=\"canonical\" href=\"https:\/\/lasonrisadellagarto.com\/pt-br\/\" \/>\n<meta property=\"og:locale\" content=\"pt_BR\" \/>\n<meta property=\"og:type\" content=\"article\" \/>\n<meta property=\"og:title\" content=\"Home - La Sonrisa del Lagarto\" \/>\n<meta property=\"og:description\" content=\"La Sonrisa del Lagarto es una compa\u00f1\u00eda teatral hispano-brasile\u00f1a creada en 2001 por las actrices, directoras y dramaturgas Ave Hern\u00e1ndez y Marli Santana, ambas con una amplia trayectoria en las artes esc\u00e9nicas.\" \/>\n<meta property=\"og:url\" content=\"https:\/\/lasonrisadellagarto.com\/pt-br\/\" \/>\n<meta property=\"og:site_name\" content=\"La Sonrisa del Lagarto\" \/>\n<meta property=\"article:publisher\" content=\"https:\/\/www.facebook.com\/lasonrisadellagarto\/?locale=es_LA\" \/>\n<meta property=\"article:modified_time\" content=\"2025-06-26T07:40:06+00:00\" \/>\n<meta property=\"og:image\" content=\"https:\/\/lasonrisadellagarto.com\/wp-content\/uploads\/2023\/03\/caracol.jpg\" \/>\n<meta name=\"twitter:card\" content=\"summary_large_image\" \/>\n<meta name=\"twitter:site\" content=\"@cialsdl_gijon\" \/>\n<meta name=\"twitter:label1\" content=\"Est. tempo de leitura\" \/>\n\t<meta name=\"twitter:data1\" content=\"4 minutos\" \/>\n<script type=\"application\/ld+json\" class=\"yoast-schema-graph\">{\"@context\":\"https:\/\/schema.org\",\"@graph\":[{\"@type\":\"WebPage\",\"@id\":\"https:\/\/lasonrisadellagarto.com\/pt-br\/\",\"url\":\"https:\/\/lasonrisadellagarto.com\/pt-br\/\",\"name\":\"Home - La Sonrisa del Lagarto\",\"isPartOf\":{\"@id\":\"https:\/\/lasonrisadellagarto.com\/#website\"},\"primaryImageOfPage\":{\"@id\":\"https:\/\/lasonrisadellagarto.com\/pt-br\/#primaryimage\"},\"image\":{\"@id\":\"https:\/\/lasonrisadellagarto.com\/pt-br\/#primaryimage\"},\"thumbnailUrl\":\"https:\/\/lasonrisadellagarto.com\/wp-content\/uploads\/2023\/03\/caracol.jpg\",\"datePublished\":\"2017-03-09T15:20:56+00:00\",\"dateModified\":\"2025-06-26T07:40:06+00:00\",\"description\":\"La Sonrisa del Lagarto es una compa\u00f1\u00eda teatral hispano-brasile\u00f1a creada en 2001 por las actrices, directoras y dramaturgas Ave Hern\u00e1ndez y Marli Santana, ambas con una amplia trayectoria en las artes esc\u00e9nicas.\",\"breadcrumb\":{\"@id\":\"https:\/\/lasonrisadellagarto.com\/pt-br\/#breadcrumb\"},\"inLanguage\":\"pt-BR\",\"potentialAction\":[{\"@type\":\"ReadAction\",\"target\":[\"https:\/\/lasonrisadellagarto.com\/pt-br\/\"]}]},{\"@type\":\"ImageObject\",\"inLanguage\":\"pt-BR\",\"@id\":\"https:\/\/lasonrisadellagarto.com\/pt-br\/#primaryimage\",\"url\":\"https:\/\/lasonrisadellagarto.com\/wp-content\/uploads\/2023\/03\/caracol.jpg\",\"contentUrl\":\"https:\/\/lasonrisadellagarto.com\/wp-content\/uploads\/2023\/03\/caracol.jpg\"},{\"@type\":\"BreadcrumbList\",\"@id\":\"https:\/\/lasonrisadellagarto.com\/pt-br\/#breadcrumb\",\"itemListElement\":[{\"@type\":\"ListItem\",\"position\":1,\"name\":\"Portada\",\"item\":\"https:\/\/lasonrisadellagarto.com\/pt-br\/\"},{\"@type\":\"ListItem\",\"position\":2,\"name\":\"Home\"}]},{\"@type\":\"WebSite\",\"@id\":\"https:\/\/lasonrisadellagarto.com\/#website\",\"url\":\"https:\/\/lasonrisadellagarto.com\/\",\"name\":\"La Sonrisa del Lagarto\",\"description\":\"La Sonrisa del Lagarto es una compa\u00f1\u00eda teatral hispano-brasile\u00f1a creada en 2001 por las actrices, directoras y dramaturgas Ave Hern\u00e1ndez y Marli Santana, ambas con una amplia trayectoria en las artes esc\u00e9nicas.\",\"publisher\":{\"@id\":\"https:\/\/lasonrisadellagarto.com\/#organization\"},\"potentialAction\":[{\"@type\":\"SearchAction\",\"target\":{\"@type\":\"EntryPoint\",\"urlTemplate\":\"https:\/\/lasonrisadellagarto.com\/?s={search_term_string}\"},\"query-input\":{\"@type\":\"PropertyValueSpecification\",\"valueRequired\":true,\"valueName\":\"search_term_string\"}}],\"inLanguage\":\"pt-BR\"},{\"@type\":\"Organization\",\"@id\":\"https:\/\/lasonrisadellagarto.com\/#organization\",\"name\":\"La Sonrisa del Lagarto\",\"url\":\"https:\/\/lasonrisadellagarto.com\/\",\"logo\":{\"@type\":\"ImageObject\",\"inLanguage\":\"pt-BR\",\"@id\":\"https:\/\/lasonrisadellagarto.com\/#\/schema\/logo\/image\/\",\"url\":\"https:\/\/lasonrisadellagarto.com\/wp-content\/uploads\/2023\/03\/Logotipo-La-Sonrisa-del-Lagarto.png\",\"contentUrl\":\"https:\/\/lasonrisadellagarto.com\/wp-content\/uploads\/2023\/03\/Logotipo-La-Sonrisa-del-Lagarto.png\",\"width\":332,\"height\":140,\"caption\":\"La Sonrisa del Lagarto\"},\"image\":{\"@id\":\"https:\/\/lasonrisadellagarto.com\/#\/schema\/logo\/image\/\"},\"sameAs\":[\"https:\/\/www.facebook.com\/lasonrisadellagarto\/?locale=es_LA\",\"https:\/\/x.com\/cialsdl_gijon\",\"https:\/\/www.instagram.com\/lasonrisadellagarto\/?hl=es\",\"https:\/\/www.linkedin.com\/in\/ave-hernandez-34914772\/?original_referer=httpslasonrisadellagarto.com\",\"https:\/\/cialasonrisadellagarto.blogspot.com\/\"]}]}<\/script>\n<!-- \/ Yoast SEO plugin. -->","yoast_head_json":{"title":"Home - La Sonrisa del Lagarto","description":"La Sonrisa del Lagarto es una compa\u00f1\u00eda teatral hispano-brasile\u00f1a creada en 2001 por las actrices, directoras y dramaturgas Ave Hern\u00e1ndez y Marli Santana, ambas con una amplia trayectoria en las artes esc\u00e9nicas.","robots":{"index":"index","follow":"follow","max-snippet":"max-snippet:-1","max-image-preview":"max-image-preview:large","max-video-preview":"max-video-preview:-1"},"canonical":"https:\/\/lasonrisadellagarto.com\/pt-br\/","og_locale":"pt_BR","og_type":"article","og_title":"Home - La Sonrisa del Lagarto","og_description":"La Sonrisa del Lagarto es una compa\u00f1\u00eda teatral hispano-brasile\u00f1a creada en 2001 por las actrices, directoras y dramaturgas Ave Hern\u00e1ndez y Marli Santana, ambas con una amplia trayectoria en las artes esc\u00e9nicas.","og_url":"https:\/\/lasonrisadellagarto.com\/pt-br\/","og_site_name":"La Sonrisa del Lagarto","article_publisher":"https:\/\/www.facebook.com\/lasonrisadellagarto\/?locale=es_LA","article_modified_time":"2025-06-26T07:40:06+00:00","og_image":[{"url":"https:\/\/lasonrisadellagarto.com\/wp-content\/uploads\/2023\/03\/caracol.jpg","type":"","width":"","height":""}],"twitter_card":"summary_large_image","twitter_site":"@cialsdl_gijon","twitter_misc":{"Est. tempo de leitura":"4 minutos"},"schema":{"@context":"https:\/\/schema.org","@graph":[{"@type":"WebPage","@id":"https:\/\/lasonrisadellagarto.com\/pt-br\/","url":"https:\/\/lasonrisadellagarto.com\/pt-br\/","name":"Home - La Sonrisa del Lagarto","isPartOf":{"@id":"https:\/\/lasonrisadellagarto.com\/#website"},"primaryImageOfPage":{"@id":"https:\/\/lasonrisadellagarto.com\/pt-br\/#primaryimage"},"image":{"@id":"https:\/\/lasonrisadellagarto.com\/pt-br\/#primaryimage"},"thumbnailUrl":"https:\/\/lasonrisadellagarto.com\/wp-content\/uploads\/2023\/03\/caracol.jpg","datePublished":"2017-03-09T15:20:56+00:00","dateModified":"2025-06-26T07:40:06+00:00","description":"La Sonrisa del Lagarto es una compa\u00f1\u00eda teatral hispano-brasile\u00f1a creada en 2001 por las actrices, directoras y dramaturgas Ave Hern\u00e1ndez y Marli Santana, ambas con una amplia trayectoria en las artes esc\u00e9nicas.","breadcrumb":{"@id":"https:\/\/lasonrisadellagarto.com\/pt-br\/#breadcrumb"},"inLanguage":"pt-BR","potentialAction":[{"@type":"ReadAction","target":["https:\/\/lasonrisadellagarto.com\/pt-br\/"]}]},{"@type":"ImageObject","inLanguage":"pt-BR","@id":"https:\/\/lasonrisadellagarto.com\/pt-br\/#primaryimage","url":"https:\/\/lasonrisadellagarto.com\/wp-content\/uploads\/2023\/03\/caracol.jpg","contentUrl":"https:\/\/lasonrisadellagarto.com\/wp-content\/uploads\/2023\/03\/caracol.jpg"},{"@type":"BreadcrumbList","@id":"https:\/\/lasonrisadellagarto.com\/pt-br\/#breadcrumb","itemListElement":[{"@type":"ListItem","position":1,"name":"Portada","item":"https:\/\/lasonrisadellagarto.com\/pt-br\/"},{"@type":"ListItem","position":2,"name":"Home"}]},{"@type":"WebSite","@id":"https:\/\/lasonrisadellagarto.com\/#website","url":"https:\/\/lasonrisadellagarto.com\/","name":"La Sonrisa del Lagarto","description":"La Sonrisa del Lagarto es una compa\u00f1\u00eda teatral hispano-brasile\u00f1a creada en 2001 por las actrices, directoras y dramaturgas Ave Hern\u00e1ndez y Marli Santana, ambas con una amplia trayectoria en las artes esc\u00e9nicas.","publisher":{"@id":"https:\/\/lasonrisadellagarto.com\/#organization"},"potentialAction":[{"@type":"SearchAction","target":{"@type":"EntryPoint","urlTemplate":"https:\/\/lasonrisadellagarto.com\/?s={search_term_string}"},"query-input":{"@type":"PropertyValueSpecification","valueRequired":true,"valueName":"search_term_string"}}],"inLanguage":"pt-BR"},{"@type":"Organization","@id":"https:\/\/lasonrisadellagarto.com\/#organization","name":"La Sonrisa del Lagarto","url":"https:\/\/lasonrisadellagarto.com\/","logo":{"@type":"ImageObject","inLanguage":"pt-BR","@id":"https:\/\/lasonrisadellagarto.com\/#\/schema\/logo\/image\/","url":"https:\/\/lasonrisadellagarto.com\/wp-content\/uploads\/2023\/03\/Logotipo-La-Sonrisa-del-Lagarto.png","contentUrl":"https:\/\/lasonrisadellagarto.com\/wp-content\/uploads\/2023\/03\/Logotipo-La-Sonrisa-del-Lagarto.png","width":332,"height":140,"caption":"La Sonrisa del Lagarto"},"image":{"@id":"https:\/\/lasonrisadellagarto.com\/#\/schema\/logo\/image\/"},"sameAs":["https:\/\/www.facebook.com\/lasonrisadellagarto\/?locale=es_LA","https:\/\/x.com\/cialsdl_gijon","https:\/\/www.instagram.com\/lasonrisadellagarto\/?hl=es","https:\/\/www.linkedin.com\/in\/ave-hernandez-34914772\/?original_referer=httpslasonrisadellagarto.com","https:\/\/cialasonrisadellagarto.blogspot.com\/"]}]}},"_links":{"self":[{"href":"https:\/\/lasonrisadellagarto.com\/pt-br\/wp-json\/wp\/v2\/pages\/1963","targetHints":{"allow":["GET"]}}],"collection":[{"href":"https:\/\/lasonrisadellagarto.com\/pt-br\/wp-json\/wp\/v2\/pages"}],"about":[{"href":"https:\/\/lasonrisadellagarto.com\/pt-br\/wp-json\/wp\/v2\/types\/page"}],"author":[{"embeddable":true,"href":"https:\/\/lasonrisadellagarto.com\/pt-br\/wp-json\/wp\/v2\/users\/1"}],"replies":[{"embeddable":true,"href":"https:\/\/lasonrisadellagarto.com\/pt-br\/wp-json\/wp\/v2\/comments?post=1963"}],"version-history":[{"count":11,"href":"https:\/\/lasonrisadellagarto.com\/pt-br\/wp-json\/wp\/v2\/pages\/1963\/revisions"}],"predecessor-version":[{"id":7522,"href":"https:\/\/lasonrisadellagarto.com\/pt-br\/wp-json\/wp\/v2\/pages\/1963\/revisions\/7522"}],"wp:attachment":[{"href":"https:\/\/lasonrisadellagarto.com\/pt-br\/wp-json\/wp\/v2\/media?parent=1963"}],"curies":[{"name":"wp","href":"https:\/\/api.w.org\/{rel}","templated":true}]}}