{"id":4412,"date":"2023-04-07T18:09:03","date_gmt":"2023-04-07T18:09:03","guid":{"rendered":"https:\/\/lasonrisadellagarto.com\/cookies\/"},"modified":"2024-07-08T10:23:07","modified_gmt":"2024-07-08T08:23:07","slug":"cookies","status":"publish","type":"page","link":"https:\/\/lasonrisadellagarto.com\/pt-br\/cookies\/","title":{"rendered":"Cookies"},"content":{"rendered":"\n\n\t<h1>POL\u00cdTICA DE COOKIES<\/h1>\n<p>Cookies s\u00e3o pequenas quantidades de informa\u00e7\u00e3o que s\u00e3o armazenadas no navegador utilizado por cada usu\u00e1rio para que o servidor se lembre de certas informa\u00e7\u00f5es que poder\u00e1 utilizar posteriormente.<\/p>\n<h2>TIPOS DE COOKIES QUE UTILIZAMOS<\/h2>\n<p>Este site utiliza cookies de terceiros, que s\u00e3o aqueles que s\u00e3o enviados para o seu computador ou terminal a partir de um dom\u00ednio ou site que n\u00e3o \u00e9 gerido por n\u00f3s, mas por outra entidade que processa os dados obtidos atrav\u00e9s dos cookies.<\/p>\n<p>Neste caso, os Cookies s\u00e3o utilizados para fins estat\u00edsticos relacionados com as visitas que recebe e as p\u00e1ginas que consulta, sendo aceite a sua utiliza\u00e7\u00e3o durante a navega\u00e7\u00e3o.<\/p>\n<p>&nbsp;<\/p>\n<p>&nbsp;<\/p>\n<figure>\n<table>\n<tbody>\n<tr>\n<th>COOKIE<br \/>\n(E FORNECEDOR)<\/th>\n<th>DURA\u00c7\u00c3O<\/th>\n<th>DESCRI\u00c7\u00c3O<\/th>\n<\/tr>\n<tr>\n<td>__cfduid (notin.es)<\/td>\n<td>Sess\u00e3o<\/td>\n<td>Publicidade<\/td>\n<\/tr>\n<tr>\n<td>personalization_id (twitter.com)<\/td>\n<td>Sess\u00e3o<\/td>\n<td>Twitter<\/td>\n<\/tr>\n<tr>\n<td>Facebook<\/td>\n<td>Publicidade, estat\u00edsticas e medi\u00e7\u00f5es<\/td>\n<td>Coloca Cookies no seu computador ou dispositivo e recebe as informa\u00e7\u00f5es neles armazenadas quando voc\u00ea usa ou visita servi\u00e7os fornecidos por outras empresas que usam os servi\u00e7os do Facebook.<\/td>\n<\/tr>\n<tr>\n<td>_ga (Google)<\/td>\n<td>2 anos<\/td>\n<td>Usado para distinguir usu\u00e1rios.<\/td>\n<\/tr>\n<tr>\n<td>_gid (Google)<\/td>\n<td>24 horas<\/td>\n<td>Usado para distinguir usu\u00e1rios.<\/td>\n<\/tr>\n<tr>\n<td>_gat (Google)<\/td>\n<td>1\u00a0minuto<\/td>\n<td>Usado para limitar a porcentagem de solicita\u00e7\u00f5es. Se voc\u00ea implementou o Google Analytics usando o Google Tag Manager, esse cookie ser\u00e1 denominado _dc_gtm_.<\/td>\n<\/tr>\n<tr>\n<td>_gali (Google)<\/td>\n<td>30s<\/td>\n<td>Atribui\u00e7\u00e3o de link aprimorada.<\/td>\n<\/tr>\n<tr>\n<td>_unam (SHARETHIS)<\/td>\n<td>Persistente<\/td>\n<td>Tem como objetivo quantificar o n\u00famero de Usu\u00e1rios que compartilham um determinado conte\u00fado e quantas p\u00e1ginas web s\u00e3o visitadas como resultado dessa a\u00e7\u00e3o.<\/td>\n<\/tr>\n<tr>\n<td>WordPress<\/td>\n<td>2 anos<\/td>\n<td>Utilizado para o correto funcionamento do gerenciador de conte\u00fado WordPress.<\/td>\n<\/tr>\n<\/tbody>\n<\/table>\n<\/figure>\n<p>&nbsp;<\/p>\n<p>&nbsp;<\/p>\n<p>Se quiser mais informa\u00e7\u00f5es sobre os tipos de cookies de rastreamento e an\u00e1lise de dados do Google, <a href=\"https:\/\/www.google.com\/intl\/es_es\/policies\/technologies\/types\/\" target=\"_blank\" rel=\"noopener\">clique aqui<\/a>.<\/p>\n<p>Para saber como excluir cookies do seu navegador:<\/p>\n<p>&nbsp;<\/p>\n<ul>\n<li><a href=\"https:\/\/support.mozilla.org\/es\/kb\/habilitar-y-deshabilitar-cookies-sitios-web-rastrear-preferencias\" target=\"_blank\" rel=\"noopener\">Firefox<\/a><\/li>\n<li><a href=\"https:\/\/support.google.com\/chrome\/answer\/95647?hl=es\" target=\"_blank\" rel=\"noopener\">Chrome<\/a><\/li>\n<li><a href=\"https:\/\/support.microsoft.com\/es-es\/topic\/eliminar-y-administrar-cookies-168dab11-0753-043d-7c16-ede5947fc64d\" target=\"_blank\" rel=\"noopener\">Internet Explorer<\/a><\/li>\n<li><a href=\"https:\/\/unlooc.com\" target=\"_blank\" rel=\"noopener\">Safari<\/a><\/li>\n<li><a href=\"https:\/\/www.allaboutcookies.org\/es\/administrar-las-cookies\/opera.html\" target=\"_blank\" rel=\"noopener\">Opera<\/a><\/li>\n<\/ul>\n\n","protected":false},"excerpt":{"rendered":"<div class=\"entry-summary\">\n<div class=\"entry-summary\">\nThis page is also a preview of &#8220;<strong>List child pages<\/strong>&#8221; page template. The child pages list is displayed below the actual page content.\n<\/div>\n<div class=\"link-more\"><a href=\"https:\/\/lasonrisadellagarto.com\/pt-br\/cookies\/\" class=\"more-link\">Continue reading<span class=\"screen-reader-text\"> &ldquo;Cookies&rdquo;<\/span>&hellip;<\/a><\/div>\n<\/div>\n<div class=\"link-more\"><a href=\"https:\/\/lasonrisadellagarto.com\/pt-br\/cookies\/\" class=\"more-link\">Continue reading<span class=\"screen-reader-text\"> &ldquo;Cookies&rdquo;<\/span>&hellip;<\/a><\/div>\n","protected":false},"author":1,"featured_media":0,"parent":0,"menu_order":0,"comment_status":"closed","ping_status":"closed","template":"templates\/child-pages.php","meta":{"_acf_changed":false,"_EventAllDay":false,"_EventTimezone":"","_EventStartDate":"","_EventEndDate":"","_EventStartDateUTC":"","_EventEndDateUTC":"","_EventShowMap":false,"_EventShowMapLink":false,"_EventURL":"","_EventCost":"","_EventCostDescription":"","_EventCurrencySymbol":"","_EventCurrencyCode":"","_EventCurrencyPosition":"","_EventDateTimeSeparator":"","_EventTimeRangeSeparator":"","_EventOrganizerID":[],"_EventVenueID":[],"_OrganizerEmail":"","_OrganizerPhone":"","_OrganizerWebsite":"","_VenueAddress":"","_VenueCity":"","_VenueCountry":"","_VenueProvince":"","_VenueState":"","_VenueZip":"","_VenuePhone":"","_VenueURL":"","_VenueStateProvince":"","_VenueLat":"","_VenueLng":"","_VenueShowMap":false,"_VenueShowMapLink":false,"_joinchat":[],"footnotes":""},"class_list":["post-4412","page","type-page","status-publish","hentry","entry"],"acf":[],"yoast_head":"<!-- This site is optimized with the Yoast SEO plugin v25.3.1 - https:\/\/yoast.com\/wordpress\/plugins\/seo\/ -->\n<title>Cookies - La Sonrisa del Lagarto<\/title>\n<meta name=\"robots\" content=\"index, follow, max-snippet:-1, max-image-preview:large, max-video-preview:-1\" \/>\n<link rel=\"canonical\" href=\"https:\/\/lasonrisadellagarto.com\/pt-br\/cookies\/\" \/>\n<meta property=\"og:locale\" content=\"pt_BR\" \/>\n<meta property=\"og:type\" content=\"article\" \/>\n<meta property=\"og:title\" content=\"Cookies - La Sonrisa del Lagarto\" \/>\n<meta property=\"og:description\" content=\"This page is also a preview of &quot;List child pages&quot; page template. The child pages list is displayed below the actual page content. Continue reading &ldquo;Cookies&rdquo;&hellip;\" \/>\n<meta property=\"og:url\" content=\"https:\/\/lasonrisadellagarto.com\/pt-br\/cookies\/\" \/>\n<meta property=\"og:site_name\" content=\"La Sonrisa del Lagarto\" \/>\n<meta property=\"article:publisher\" content=\"https:\/\/www.facebook.com\/lasonrisadellagarto\/?locale=es_LA\" \/>\n<meta property=\"article:modified_time\" content=\"2024-07-08T08:23:07+00:00\" \/>\n<meta property=\"og:image\" content=\"https:\/\/lasonrisadellagarto.com\/wp-content\/uploads\/2023\/03\/Logotipo-La-Sonrisa-del-Lagarto.png\" \/>\n\t<meta property=\"og:image:width\" content=\"332\" \/>\n\t<meta property=\"og:image:height\" content=\"140\" \/>\n\t<meta property=\"og:image:type\" content=\"image\/png\" \/>\n<meta name=\"twitter:card\" content=\"summary_large_image\" \/>\n<meta name=\"twitter:site\" content=\"@cialsdl_gijon\" \/>\n<meta name=\"twitter:label1\" content=\"Est. tempo de leitura\" \/>\n\t<meta name=\"twitter:data1\" content=\"2 minutos\" \/>\n<script type=\"application\/ld+json\" class=\"yoast-schema-graph\">{\"@context\":\"https:\/\/schema.org\",\"@graph\":[{\"@type\":\"WebPage\",\"@id\":\"https:\/\/lasonrisadellagarto.com\/pt-br\/cookies\/\",\"url\":\"https:\/\/lasonrisadellagarto.com\/pt-br\/cookies\/\",\"name\":\"Cookies - La Sonrisa del Lagarto\",\"isPartOf\":{\"@id\":\"https:\/\/lasonrisadellagarto.com\/#website\"},\"datePublished\":\"2023-04-07T18:09:03+00:00\",\"dateModified\":\"2024-07-08T08:23:07+00:00\",\"breadcrumb\":{\"@id\":\"https:\/\/lasonrisadellagarto.com\/pt-br\/cookies\/#breadcrumb\"},\"inLanguage\":\"pt-BR\",\"potentialAction\":[{\"@type\":\"ReadAction\",\"target\":[\"https:\/\/lasonrisadellagarto.com\/pt-br\/cookies\/\"]}]},{\"@type\":\"BreadcrumbList\",\"@id\":\"https:\/\/lasonrisadellagarto.com\/pt-br\/cookies\/#breadcrumb\",\"itemListElement\":[{\"@type\":\"ListItem\",\"position\":1,\"name\":\"Portada\",\"item\":\"https:\/\/lasonrisadellagarto.com\/pt-br\/\"},{\"@type\":\"ListItem\",\"position\":2,\"name\":\"Cookies\"}]},{\"@type\":\"WebSite\",\"@id\":\"https:\/\/lasonrisadellagarto.com\/#website\",\"url\":\"https:\/\/lasonrisadellagarto.com\/\",\"name\":\"La Sonrisa del Lagarto\",\"description\":\"La Sonrisa del Lagarto es una compa\u00f1\u00eda teatral hispano-brasile\u00f1a creada en 2001 por las actrices, directoras y dramaturgas Ave Hern\u00e1ndez y Marli Santana, ambas con una amplia trayectoria en las artes esc\u00e9nicas.\",\"publisher\":{\"@id\":\"https:\/\/lasonrisadellagarto.com\/#organization\"},\"potentialAction\":[{\"@type\":\"SearchAction\",\"target\":{\"@type\":\"EntryPoint\",\"urlTemplate\":\"https:\/\/lasonrisadellagarto.com\/?s={search_term_string}\"},\"query-input\":{\"@type\":\"PropertyValueSpecification\",\"valueRequired\":true,\"valueName\":\"search_term_string\"}}],\"inLanguage\":\"pt-BR\"},{\"@type\":\"Organization\",\"@id\":\"https:\/\/lasonrisadellagarto.com\/#organization\",\"name\":\"La Sonrisa del Lagarto\",\"url\":\"https:\/\/lasonrisadellagarto.com\/\",\"logo\":{\"@type\":\"ImageObject\",\"inLanguage\":\"pt-BR\",\"@id\":\"https:\/\/lasonrisadellagarto.com\/#\/schema\/logo\/image\/\",\"url\":\"https:\/\/lasonrisadellagarto.com\/wp-content\/uploads\/2023\/03\/Logotipo-La-Sonrisa-del-Lagarto.png\",\"contentUrl\":\"https:\/\/lasonrisadellagarto.com\/wp-content\/uploads\/2023\/03\/Logotipo-La-Sonrisa-del-Lagarto.png\",\"width\":332,\"height\":140,\"caption\":\"La Sonrisa del Lagarto\"},\"image\":{\"@id\":\"https:\/\/lasonrisadellagarto.com\/#\/schema\/logo\/image\/\"},\"sameAs\":[\"https:\/\/www.facebook.com\/lasonrisadellagarto\/?locale=es_LA\",\"https:\/\/x.com\/cialsdl_gijon\",\"https:\/\/www.instagram.com\/lasonrisadellagarto\/?hl=es\",\"https:\/\/www.linkedin.com\/in\/ave-hernandez-34914772\/?original_referer=httpslasonrisadellagarto.com\",\"https:\/\/cialasonrisadellagarto.blogspot.com\/\"]}]}<\/script>\n<!-- \/ Yoast SEO plugin. -->","yoast_head_json":{"title":"Cookies - La Sonrisa del Lagarto","robots":{"index":"index","follow":"follow","max-snippet":"max-snippet:-1","max-image-preview":"max-image-preview:large","max-video-preview":"max-video-preview:-1"},"canonical":"https:\/\/lasonrisadellagarto.com\/pt-br\/cookies\/","og_locale":"pt_BR","og_type":"article","og_title":"Cookies - La Sonrisa del Lagarto","og_description":"This page is also a preview of \"List child pages\" page template. The child pages list is displayed below the actual page content. Continue reading &ldquo;Cookies&rdquo;&hellip;","og_url":"https:\/\/lasonrisadellagarto.com\/pt-br\/cookies\/","og_site_name":"La Sonrisa del Lagarto","article_publisher":"https:\/\/www.facebook.com\/lasonrisadellagarto\/?locale=es_LA","article_modified_time":"2024-07-08T08:23:07+00:00","og_image":[{"width":332,"height":140,"url":"https:\/\/lasonrisadellagarto.com\/wp-content\/uploads\/2023\/03\/Logotipo-La-Sonrisa-del-Lagarto.png","type":"image\/png"}],"twitter_card":"summary_large_image","twitter_site":"@cialsdl_gijon","twitter_misc":{"Est. tempo de leitura":"2 minutos"},"schema":{"@context":"https:\/\/schema.org","@graph":[{"@type":"WebPage","@id":"https:\/\/lasonrisadellagarto.com\/pt-br\/cookies\/","url":"https:\/\/lasonrisadellagarto.com\/pt-br\/cookies\/","name":"Cookies - La Sonrisa del Lagarto","isPartOf":{"@id":"https:\/\/lasonrisadellagarto.com\/#website"},"datePublished":"2023-04-07T18:09:03+00:00","dateModified":"2024-07-08T08:23:07+00:00","breadcrumb":{"@id":"https:\/\/lasonrisadellagarto.com\/pt-br\/cookies\/#breadcrumb"},"inLanguage":"pt-BR","potentialAction":[{"@type":"ReadAction","target":["https:\/\/lasonrisadellagarto.com\/pt-br\/cookies\/"]}]},{"@type":"BreadcrumbList","@id":"https:\/\/lasonrisadellagarto.com\/pt-br\/cookies\/#breadcrumb","itemListElement":[{"@type":"ListItem","position":1,"name":"Portada","item":"https:\/\/lasonrisadellagarto.com\/pt-br\/"},{"@type":"ListItem","position":2,"name":"Cookies"}]},{"@type":"WebSite","@id":"https:\/\/lasonrisadellagarto.com\/#website","url":"https:\/\/lasonrisadellagarto.com\/","name":"La Sonrisa del Lagarto","description":"La Sonrisa del Lagarto es una compa\u00f1\u00eda teatral hispano-brasile\u00f1a creada en 2001 por las actrices, directoras y dramaturgas Ave Hern\u00e1ndez y Marli Santana, ambas con una amplia trayectoria en las artes esc\u00e9nicas.","publisher":{"@id":"https:\/\/lasonrisadellagarto.com\/#organization"},"potentialAction":[{"@type":"SearchAction","target":{"@type":"EntryPoint","urlTemplate":"https:\/\/lasonrisadellagarto.com\/?s={search_term_string}"},"query-input":{"@type":"PropertyValueSpecification","valueRequired":true,"valueName":"search_term_string"}}],"inLanguage":"pt-BR"},{"@type":"Organization","@id":"https:\/\/lasonrisadellagarto.com\/#organization","name":"La Sonrisa del Lagarto","url":"https:\/\/lasonrisadellagarto.com\/","logo":{"@type":"ImageObject","inLanguage":"pt-BR","@id":"https:\/\/lasonrisadellagarto.com\/#\/schema\/logo\/image\/","url":"https:\/\/lasonrisadellagarto.com\/wp-content\/uploads\/2023\/03\/Logotipo-La-Sonrisa-del-Lagarto.png","contentUrl":"https:\/\/lasonrisadellagarto.com\/wp-content\/uploads\/2023\/03\/Logotipo-La-Sonrisa-del-Lagarto.png","width":332,"height":140,"caption":"La Sonrisa del Lagarto"},"image":{"@id":"https:\/\/lasonrisadellagarto.com\/#\/schema\/logo\/image\/"},"sameAs":["https:\/\/www.facebook.com\/lasonrisadellagarto\/?locale=es_LA","https:\/\/x.com\/cialsdl_gijon","https:\/\/www.instagram.com\/lasonrisadellagarto\/?hl=es","https:\/\/www.linkedin.com\/in\/ave-hernandez-34914772\/?original_referer=httpslasonrisadellagarto.com","https:\/\/cialasonrisadellagarto.blogspot.com\/"]}]}},"_links":{"self":[{"href":"https:\/\/lasonrisadellagarto.com\/pt-br\/wp-json\/wp\/v2\/pages\/4412","targetHints":{"allow":["GET"]}}],"collection":[{"href":"https:\/\/lasonrisadellagarto.com\/pt-br\/wp-json\/wp\/v2\/pages"}],"about":[{"href":"https:\/\/lasonrisadellagarto.com\/pt-br\/wp-json\/wp\/v2\/types\/page"}],"author":[{"embeddable":true,"href":"https:\/\/lasonrisadellagarto.com\/pt-br\/wp-json\/wp\/v2\/users\/1"}],"replies":[{"embeddable":true,"href":"https:\/\/lasonrisadellagarto.com\/pt-br\/wp-json\/wp\/v2\/comments?post=4412"}],"version-history":[{"count":2,"href":"https:\/\/lasonrisadellagarto.com\/pt-br\/wp-json\/wp\/v2\/pages\/4412\/revisions"}],"predecessor-version":[{"id":5138,"href":"https:\/\/lasonrisadellagarto.com\/pt-br\/wp-json\/wp\/v2\/pages\/4412\/revisions\/5138"}],"wp:attachment":[{"href":"https:\/\/lasonrisadellagarto.com\/pt-br\/wp-json\/wp\/v2\/media?parent=4412"}],"curies":[{"name":"wp","href":"https:\/\/api.w.org\/{rel}","templated":true}]}}