{"id":4492,"date":"2023-05-11T15:57:29","date_gmt":"2023-05-11T13:57:29","guid":{"rendered":"https:\/\/lasonrisadellagarto.com\/talleres\/"},"modified":"2024-07-04T14:13:33","modified_gmt":"2024-07-04T12:13:33","slug":"talheres","status":"publish","type":"page","link":"https:\/\/lasonrisadellagarto.com\/pt-br\/talheres\/","title":{"rendered":"TALHERES"},"content":{"rendered":"\n<h1>\n\t\tTALHERES\n\t<\/h1>\n\t<p>Todos os talheres da companhia<\/p>\n\t<h2>Talheres activos<\/h2>\n<div class=\"wm-posts wm-posts-wrap clearfix wm-posts-wm_projects wm-posts-layout-default posts\"><div class=\"wm-posts-container wm-items-container with-margin\" data-columns=\"2\" data-time=\"0\" data-layout-mode=\"masonry\"><div class=\"wm-row with-margin\">\r\n<div class=\"wm-posts-item wm-posts-item-4491 wm-column width-1-2 with-margin has-thumbnail\">\r\n\r\n\t\r\n\r\n<article id=\"post-4491\" class=\"post-4491 wm_projects type-wm_projects status-publish has-post-thumbnail hentry project_category-taller project_tag-infantil project_tag-teatro-de-sombras entry\">\r\n\r\n\t<div class=\"entry-media\"><figure class=\"post-thumbnail\"><a href=\"https:\/\/lasonrisadellagarto.com\/pt-br\/proyects\/visitas-teatralizadas-ao-teatro-jovellanos\/\"><img loading=\"lazy\" decoding=\"async\" width=\"1099\" height=\"583\" src=\"https:\/\/lasonrisadellagarto.com\/wp-content\/uploads\/2023\/06\/TALLER-TEATRO-2.jpg\" class=\"attachment-medium_large size-medium_large wp-post-image\" alt=\"\" srcset=\"https:\/\/lasonrisadellagarto.com\/wp-content\/uploads\/2023\/06\/TALLER-TEATRO-2.jpg 1099w, https:\/\/lasonrisadellagarto.com\/wp-content\/uploads\/2023\/06\/TALLER-TEATRO-2-744x395.jpg 744w\" sizes=\"auto, (max-width: 1099px) 100vw, 1099px\" \/><\/a><\/figure><\/div><div class=\"wm-posts-element wm-html-element taxonomy taxonomy-project_category\"><span class=\"taxonomy-label\">Project Category: <\/span><a href=\"https:\/\/lasonrisadellagarto.com\/proyects-categoria\/taller\/\" class=\"term term-project_category term-taller\">Taller<\/a><\/div><header class=\"entry-header\"><h3 class=\"entry-title\"><a href=\"https:\/\/lasonrisadellagarto.com\/pt-br\/proyects\/visitas-teatralizadas-ao-teatro-jovellanos\/\" rel=\"bookmark\">VISITAS TEATRALIZADAS AO TEATRO JOVELLANOS<\/a><\/h3><\/header>\r\n\t<div class=\"entry-content\"><\/div>\r\n\r\n\t\r\n<\/article>\r\n\r\n\r\n<\/div>\r\n\r\n<div class=\"wm-posts-item wm-posts-item-4427 wm-column width-1-2 with-margin alt last has-thumbnail\">\r\n\r\n\t\r\n\r\n<article id=\"post-4427\" class=\"post-4427 wm_projects type-wm_projects status-publish has-post-thumbnail hentry project_category-taller project_tag-infantil project_tag-teatro-de-sombras entry\">\r\n\r\n\t<div class=\"entry-media\"><figure class=\"post-thumbnail\"><a href=\"https:\/\/lasonrisadellagarto.com\/pt-br\/proyects\/talheres-infantis-de-sombras\/\"><img loading=\"lazy\" decoding=\"async\" width=\"1200\" height=\"675\" src=\"https:\/\/lasonrisadellagarto.com\/wp-content\/uploads\/2023\/06\/infantil-sombras-1200x675.jpg\" class=\"attachment-medium_large size-medium_large wp-post-image\" alt=\"\" srcset=\"https:\/\/lasonrisadellagarto.com\/wp-content\/uploads\/2023\/06\/infantil-sombras-1200x675.jpg 1200w, https:\/\/lasonrisadellagarto.com\/wp-content\/uploads\/2023\/06\/infantil-sombras-744x419.jpg 744w, https:\/\/lasonrisadellagarto.com\/wp-content\/uploads\/2023\/06\/infantil-sombras-480x270.jpg 480w, https:\/\/lasonrisadellagarto.com\/wp-content\/uploads\/2023\/06\/infantil-sombras-1536x864.jpg 1536w, https:\/\/lasonrisadellagarto.com\/wp-content\/uploads\/2023\/06\/infantil-sombras.jpg 1920w\" sizes=\"auto, (max-width: 1200px) 100vw, 1200px\" \/><\/a><\/figure><\/div><div class=\"wm-posts-element wm-html-element taxonomy taxonomy-project_category\"><span class=\"taxonomy-label\">Project Category: <\/span><a href=\"https:\/\/lasonrisadellagarto.com\/proyects-categoria\/taller\/\" class=\"term term-project_category term-taller\">Taller<\/a><\/div><header class=\"entry-header\"><h3 class=\"entry-title\"><a href=\"https:\/\/lasonrisadellagarto.com\/pt-br\/proyects\/talheres-infantis-de-sombras\/\" rel=\"bookmark\">TALHERES INFANTIS de SOMBRAS<\/a><\/h3><\/header>\r\n\t<div class=\"entry-content\"><\/div>\r\n\r\n\t\r\n<\/article>\r\n\r\n\r\n<\/div>\r\n<\/div><div class=\"wm-row with-margin\">\r\n<div class=\"wm-posts-item wm-posts-item-4432 wm-column width-1-2 with-margin has-thumbnail\">\r\n\r\n\t\r\n\r\n<article id=\"post-4432\" class=\"post-4432 wm_projects type-wm_projects status-publish has-post-thumbnail hentry project_category-taller project_tag-infantil project_tag-teatro-de-sombras entry\">\r\n\r\n\t<div class=\"entry-media\"><figure class=\"post-thumbnail\"><a href=\"https:\/\/lasonrisadellagarto.com\/pt-br\/proyects\/talleres-de-creacion-de-titeres\/\"><img loading=\"lazy\" decoding=\"async\" width=\"1200\" height=\"675\" src=\"https:\/\/lasonrisadellagarto.com\/wp-content\/uploads\/2023\/05\/la-sonrisa-del-lagarto-Taller-de-pinceles-1200x675.jpg\" class=\"attachment-medium_large size-medium_large wp-post-image\" alt=\"\" srcset=\"https:\/\/lasonrisadellagarto.com\/wp-content\/uploads\/2023\/05\/la-sonrisa-del-lagarto-Taller-de-pinceles-1200x675.jpg 1200w, https:\/\/lasonrisadellagarto.com\/wp-content\/uploads\/2023\/05\/la-sonrisa-del-lagarto-Taller-de-pinceles-744x419.jpg 744w, https:\/\/lasonrisadellagarto.com\/wp-content\/uploads\/2023\/05\/la-sonrisa-del-lagarto-Taller-de-pinceles-480x270.jpg 480w, https:\/\/lasonrisadellagarto.com\/wp-content\/uploads\/2023\/05\/la-sonrisa-del-lagarto-Taller-de-pinceles-1536x864.jpg 1536w, https:\/\/lasonrisadellagarto.com\/wp-content\/uploads\/2023\/05\/la-sonrisa-del-lagarto-Taller-de-pinceles.jpg 1920w\" sizes=\"auto, (max-width: 1200px) 100vw, 1200px\" \/><\/a><\/figure><\/div><div class=\"wm-posts-element wm-html-element taxonomy taxonomy-project_category\"><span class=\"taxonomy-label\">Project Category: <\/span><a href=\"https:\/\/lasonrisadellagarto.com\/proyects-categoria\/taller\/\" class=\"term term-project_category term-taller\">Taller<\/a><\/div><header class=\"entry-header\"><h3 class=\"entry-title\"><a href=\"https:\/\/lasonrisadellagarto.com\/pt-br\/proyects\/talleres-de-creacion-de-titeres\/\" rel=\"bookmark\">TALLERES DE CREACI\u00d3N DE TITERES<\/a><\/h3><\/header>\r\n\t<div class=\"entry-content\"><\/div>\r\n\r\n\t\r\n<\/article>\r\n\r\n\r\n<\/div>\r\n\r\n<div class=\"wm-posts-item wm-posts-item-4483 wm-column width-1-2 with-margin alt last has-thumbnail\">\r\n\r\n\t\r\n\r\n<article id=\"post-4483\" class=\"post-4483 wm_projects type-wm_projects status-publish has-post-thumbnail hentry project_category-taller project_tag-infantil project_tag-teatro-de-sombras entry\">\r\n\r\n\t<div class=\"entry-media\"><figure class=\"post-thumbnail\"><a href=\"https:\/\/lasonrisadellagarto.com\/pt-br\/proyects\/talheres-de-sombras-para-adultos\/\"><img loading=\"lazy\" decoding=\"async\" width=\"1200\" height=\"675\" src=\"https:\/\/lasonrisadellagarto.com\/wp-content\/uploads\/2023\/06\/taller-adultos-calle-1200x675.jpg\" class=\"attachment-medium_large size-medium_large wp-post-image\" alt=\"\" srcset=\"https:\/\/lasonrisadellagarto.com\/wp-content\/uploads\/2023\/06\/taller-adultos-calle-1200x675.jpg 1200w, https:\/\/lasonrisadellagarto.com\/wp-content\/uploads\/2023\/06\/taller-adultos-calle-744x419.jpg 744w, https:\/\/lasonrisadellagarto.com\/wp-content\/uploads\/2023\/06\/taller-adultos-calle-480x270.jpg 480w, https:\/\/lasonrisadellagarto.com\/wp-content\/uploads\/2023\/06\/taller-adultos-calle-1536x864.jpg 1536w, https:\/\/lasonrisadellagarto.com\/wp-content\/uploads\/2023\/06\/taller-adultos-calle.jpg 1920w\" sizes=\"auto, (max-width: 1200px) 100vw, 1200px\" \/><\/a><\/figure><\/div><div class=\"wm-posts-element wm-html-element taxonomy taxonomy-project_category\"><span class=\"taxonomy-label\">Project Category: <\/span><a href=\"https:\/\/lasonrisadellagarto.com\/proyects-categoria\/taller\/\" class=\"term term-project_category term-taller\">Taller<\/a><\/div><header class=\"entry-header\"><h3 class=\"entry-title\"><a href=\"https:\/\/lasonrisadellagarto.com\/pt-br\/proyects\/talheres-de-sombras-para-adultos\/\" rel=\"bookmark\">TALHERES DE SOMBRAS PARA ADULTOS<\/a><\/h3><\/header>\r\n\t<div class=\"entry-content\"><\/div>\r\n\r\n\t\r\n<\/article>\r\n\r\n\r\n<\/div>\r\n<\/div><\/div><\/div>\n","protected":false},"excerpt":{"rendered":"<div class=\"entry-summary\">\n<div class=\"entry-summary\">\nProfessionally architect customer directed total linkage vis-a-vis robust networks. Continually leverage existing high standards in growth.\n<\/div>\n<\/div>\n","protected":false},"author":1,"featured_media":0,"parent":0,"menu_order":0,"comment_status":"closed","ping_status":"closed","template":"templates\/no-intro.php","meta":{"_acf_changed":false,"_EventAllDay":false,"_EventTimezone":"","_EventStartDate":"","_EventEndDate":"","_EventStartDateUTC":"","_EventEndDateUTC":"","_EventShowMap":false,"_EventShowMapLink":false,"_EventURL":"","_EventCost":"","_EventCostDescription":"","_EventCurrencySymbol":"","_EventCurrencyCode":"","_EventCurrencyPosition":"","_EventDateTimeSeparator":"","_EventTimeRangeSeparator":"","_EventOrganizerID":[],"_EventVenueID":[],"_OrganizerEmail":"","_OrganizerPhone":"","_OrganizerWebsite":"","_VenueAddress":"","_VenueCity":"","_VenueCountry":"","_VenueProvince":"","_VenueState":"","_VenueZip":"","_VenuePhone":"","_VenueURL":"","_VenueStateProvince":"","_VenueLat":"","_VenueLng":"","_VenueShowMap":false,"_VenueShowMapLink":false,"_joinchat":[],"footnotes":""},"class_list":["post-4492","page","type-page","status-publish","hentry","entry"],"acf":[],"yoast_head":"<!-- This site is optimized with the Yoast SEO plugin v25.3.1 - https:\/\/yoast.com\/wordpress\/plugins\/seo\/ -->\n<title>TALHERES - La Sonrisa del Lagarto<\/title>\n<meta name=\"description\" content=\"La Sonrisa del Lagarto es una compa\u00f1\u00eda teatral hispano-brasile\u00f1a creada en 2001 por las actrices, directoras y dramaturgas Ave Hern\u00e1ndez y Marli Santana, ambas con una amplia trayectoria en las artes esc\u00e9nicas.\" \/>\n<meta name=\"robots\" content=\"index, follow, max-snippet:-1, max-image-preview:large, max-video-preview:-1\" \/>\n<link rel=\"canonical\" href=\"https:\/\/lasonrisadellagarto.com\/pt-br\/talheres\/\" \/>\n<meta property=\"og:locale\" content=\"pt_BR\" \/>\n<meta property=\"og:type\" content=\"article\" \/>\n<meta property=\"og:title\" content=\"TALHERES - La Sonrisa del Lagarto\" \/>\n<meta property=\"og:description\" content=\"La Sonrisa del Lagarto es una compa\u00f1\u00eda teatral hispano-brasile\u00f1a creada en 2001 por las actrices, directoras y dramaturgas Ave Hern\u00e1ndez y Marli Santana, ambas con una amplia trayectoria en las artes esc\u00e9nicas.\" \/>\n<meta property=\"og:url\" content=\"https:\/\/lasonrisadellagarto.com\/pt-br\/talheres\/\" \/>\n<meta property=\"og:site_name\" content=\"La Sonrisa del Lagarto\" \/>\n<meta property=\"article:publisher\" content=\"https:\/\/www.facebook.com\/lasonrisadellagarto\/?locale=es_LA\" \/>\n<meta property=\"article:modified_time\" content=\"2024-07-04T12:13:33+00:00\" \/>\n<meta property=\"og:image\" content=\"https:\/\/lasonrisadellagarto.com\/wp-content\/uploads\/2023\/03\/Logotipo-La-Sonrisa-del-Lagarto.png\" \/>\n\t<meta property=\"og:image:width\" content=\"332\" \/>\n\t<meta property=\"og:image:height\" content=\"140\" \/>\n\t<meta property=\"og:image:type\" content=\"image\/png\" \/>\n<meta name=\"twitter:card\" content=\"summary_large_image\" \/>\n<meta name=\"twitter:site\" content=\"@cialsdl_gijon\" \/>\n<meta name=\"twitter:label1\" content=\"Est. tempo de leitura\" \/>\n\t<meta name=\"twitter:data1\" content=\"1 minuto\" \/>\n<script type=\"application\/ld+json\" class=\"yoast-schema-graph\">{\"@context\":\"https:\/\/schema.org\",\"@graph\":[{\"@type\":\"WebPage\",\"@id\":\"https:\/\/lasonrisadellagarto.com\/pt-br\/talheres\/\",\"url\":\"https:\/\/lasonrisadellagarto.com\/pt-br\/talheres\/\",\"name\":\"TALHERES - La Sonrisa del Lagarto\",\"isPartOf\":{\"@id\":\"https:\/\/lasonrisadellagarto.com\/#website\"},\"datePublished\":\"2023-05-11T13:57:29+00:00\",\"dateModified\":\"2024-07-04T12:13:33+00:00\",\"description\":\"La Sonrisa del Lagarto es una compa\u00f1\u00eda teatral hispano-brasile\u00f1a creada en 2001 por las actrices, directoras y dramaturgas Ave Hern\u00e1ndez y Marli Santana, ambas con una amplia trayectoria en las artes esc\u00e9nicas.\",\"breadcrumb\":{\"@id\":\"https:\/\/lasonrisadellagarto.com\/pt-br\/talheres\/#breadcrumb\"},\"inLanguage\":\"pt-BR\",\"potentialAction\":[{\"@type\":\"ReadAction\",\"target\":[\"https:\/\/lasonrisadellagarto.com\/pt-br\/talheres\/\"]}]},{\"@type\":\"BreadcrumbList\",\"@id\":\"https:\/\/lasonrisadellagarto.com\/pt-br\/talheres\/#breadcrumb\",\"itemListElement\":[{\"@type\":\"ListItem\",\"position\":1,\"name\":\"Portada\",\"item\":\"https:\/\/lasonrisadellagarto.com\/pt-br\/\"},{\"@type\":\"ListItem\",\"position\":2,\"name\":\"TALHERES\"}]},{\"@type\":\"WebSite\",\"@id\":\"https:\/\/lasonrisadellagarto.com\/#website\",\"url\":\"https:\/\/lasonrisadellagarto.com\/\",\"name\":\"La Sonrisa del Lagarto\",\"description\":\"La Sonrisa del Lagarto es una compa\u00f1\u00eda teatral hispano-brasile\u00f1a creada en 2001 por las actrices, directoras y dramaturgas Ave Hern\u00e1ndez y Marli Santana, ambas con una amplia trayectoria en las artes esc\u00e9nicas.\",\"publisher\":{\"@id\":\"https:\/\/lasonrisadellagarto.com\/#organization\"},\"potentialAction\":[{\"@type\":\"SearchAction\",\"target\":{\"@type\":\"EntryPoint\",\"urlTemplate\":\"https:\/\/lasonrisadellagarto.com\/?s={search_term_string}\"},\"query-input\":{\"@type\":\"PropertyValueSpecification\",\"valueRequired\":true,\"valueName\":\"search_term_string\"}}],\"inLanguage\":\"pt-BR\"},{\"@type\":\"Organization\",\"@id\":\"https:\/\/lasonrisadellagarto.com\/#organization\",\"name\":\"La Sonrisa del Lagarto\",\"url\":\"https:\/\/lasonrisadellagarto.com\/\",\"logo\":{\"@type\":\"ImageObject\",\"inLanguage\":\"pt-BR\",\"@id\":\"https:\/\/lasonrisadellagarto.com\/#\/schema\/logo\/image\/\",\"url\":\"https:\/\/lasonrisadellagarto.com\/wp-content\/uploads\/2023\/03\/Logotipo-La-Sonrisa-del-Lagarto.png\",\"contentUrl\":\"https:\/\/lasonrisadellagarto.com\/wp-content\/uploads\/2023\/03\/Logotipo-La-Sonrisa-del-Lagarto.png\",\"width\":332,\"height\":140,\"caption\":\"La Sonrisa del Lagarto\"},\"image\":{\"@id\":\"https:\/\/lasonrisadellagarto.com\/#\/schema\/logo\/image\/\"},\"sameAs\":[\"https:\/\/www.facebook.com\/lasonrisadellagarto\/?locale=es_LA\",\"https:\/\/x.com\/cialsdl_gijon\",\"https:\/\/www.instagram.com\/lasonrisadellagarto\/?hl=es\",\"https:\/\/www.linkedin.com\/in\/ave-hernandez-34914772\/?original_referer=httpslasonrisadellagarto.com\",\"https:\/\/cialasonrisadellagarto.blogspot.com\/\"]}]}<\/script>\n<!-- \/ Yoast SEO plugin. -->","yoast_head_json":{"title":"TALHERES - La Sonrisa del Lagarto","description":"La Sonrisa del Lagarto es una compa\u00f1\u00eda teatral hispano-brasile\u00f1a creada en 2001 por las actrices, directoras y dramaturgas Ave Hern\u00e1ndez y Marli Santana, ambas con una amplia trayectoria en las artes esc\u00e9nicas.","robots":{"index":"index","follow":"follow","max-snippet":"max-snippet:-1","max-image-preview":"max-image-preview:large","max-video-preview":"max-video-preview:-1"},"canonical":"https:\/\/lasonrisadellagarto.com\/pt-br\/talheres\/","og_locale":"pt_BR","og_type":"article","og_title":"TALHERES - La Sonrisa del Lagarto","og_description":"La Sonrisa del Lagarto es una compa\u00f1\u00eda teatral hispano-brasile\u00f1a creada en 2001 por las actrices, directoras y dramaturgas Ave Hern\u00e1ndez y Marli Santana, ambas con una amplia trayectoria en las artes esc\u00e9nicas.","og_url":"https:\/\/lasonrisadellagarto.com\/pt-br\/talheres\/","og_site_name":"La Sonrisa del Lagarto","article_publisher":"https:\/\/www.facebook.com\/lasonrisadellagarto\/?locale=es_LA","article_modified_time":"2024-07-04T12:13:33+00:00","og_image":[{"width":332,"height":140,"url":"https:\/\/lasonrisadellagarto.com\/wp-content\/uploads\/2023\/03\/Logotipo-La-Sonrisa-del-Lagarto.png","type":"image\/png"}],"twitter_card":"summary_large_image","twitter_site":"@cialsdl_gijon","twitter_misc":{"Est. tempo de leitura":"1 minuto"},"schema":{"@context":"https:\/\/schema.org","@graph":[{"@type":"WebPage","@id":"https:\/\/lasonrisadellagarto.com\/pt-br\/talheres\/","url":"https:\/\/lasonrisadellagarto.com\/pt-br\/talheres\/","name":"TALHERES - La Sonrisa del Lagarto","isPartOf":{"@id":"https:\/\/lasonrisadellagarto.com\/#website"},"datePublished":"2023-05-11T13:57:29+00:00","dateModified":"2024-07-04T12:13:33+00:00","description":"La Sonrisa del Lagarto es una compa\u00f1\u00eda teatral hispano-brasile\u00f1a creada en 2001 por las actrices, directoras y dramaturgas Ave Hern\u00e1ndez y Marli Santana, ambas con una amplia trayectoria en las artes esc\u00e9nicas.","breadcrumb":{"@id":"https:\/\/lasonrisadellagarto.com\/pt-br\/talheres\/#breadcrumb"},"inLanguage":"pt-BR","potentialAction":[{"@type":"ReadAction","target":["https:\/\/lasonrisadellagarto.com\/pt-br\/talheres\/"]}]},{"@type":"BreadcrumbList","@id":"https:\/\/lasonrisadellagarto.com\/pt-br\/talheres\/#breadcrumb","itemListElement":[{"@type":"ListItem","position":1,"name":"Portada","item":"https:\/\/lasonrisadellagarto.com\/pt-br\/"},{"@type":"ListItem","position":2,"name":"TALHERES"}]},{"@type":"WebSite","@id":"https:\/\/lasonrisadellagarto.com\/#website","url":"https:\/\/lasonrisadellagarto.com\/","name":"La Sonrisa del Lagarto","description":"La Sonrisa del Lagarto es una compa\u00f1\u00eda teatral hispano-brasile\u00f1a creada en 2001 por las actrices, directoras y dramaturgas Ave Hern\u00e1ndez y Marli Santana, ambas con una amplia trayectoria en las artes esc\u00e9nicas.","publisher":{"@id":"https:\/\/lasonrisadellagarto.com\/#organization"},"potentialAction":[{"@type":"SearchAction","target":{"@type":"EntryPoint","urlTemplate":"https:\/\/lasonrisadellagarto.com\/?s={search_term_string}"},"query-input":{"@type":"PropertyValueSpecification","valueRequired":true,"valueName":"search_term_string"}}],"inLanguage":"pt-BR"},{"@type":"Organization","@id":"https:\/\/lasonrisadellagarto.com\/#organization","name":"La Sonrisa del Lagarto","url":"https:\/\/lasonrisadellagarto.com\/","logo":{"@type":"ImageObject","inLanguage":"pt-BR","@id":"https:\/\/lasonrisadellagarto.com\/#\/schema\/logo\/image\/","url":"https:\/\/lasonrisadellagarto.com\/wp-content\/uploads\/2023\/03\/Logotipo-La-Sonrisa-del-Lagarto.png","contentUrl":"https:\/\/lasonrisadellagarto.com\/wp-content\/uploads\/2023\/03\/Logotipo-La-Sonrisa-del-Lagarto.png","width":332,"height":140,"caption":"La Sonrisa del Lagarto"},"image":{"@id":"https:\/\/lasonrisadellagarto.com\/#\/schema\/logo\/image\/"},"sameAs":["https:\/\/www.facebook.com\/lasonrisadellagarto\/?locale=es_LA","https:\/\/x.com\/cialsdl_gijon","https:\/\/www.instagram.com\/lasonrisadellagarto\/?hl=es","https:\/\/www.linkedin.com\/in\/ave-hernandez-34914772\/?original_referer=httpslasonrisadellagarto.com","https:\/\/cialasonrisadellagarto.blogspot.com\/"]}]}},"_links":{"self":[{"href":"https:\/\/lasonrisadellagarto.com\/pt-br\/wp-json\/wp\/v2\/pages\/4492","targetHints":{"allow":["GET"]}}],"collection":[{"href":"https:\/\/lasonrisadellagarto.com\/pt-br\/wp-json\/wp\/v2\/pages"}],"about":[{"href":"https:\/\/lasonrisadellagarto.com\/pt-br\/wp-json\/wp\/v2\/types\/page"}],"author":[{"embeddable":true,"href":"https:\/\/lasonrisadellagarto.com\/pt-br\/wp-json\/wp\/v2\/users\/1"}],"replies":[{"embeddable":true,"href":"https:\/\/lasonrisadellagarto.com\/pt-br\/wp-json\/wp\/v2\/comments?post=4492"}],"version-history":[{"count":3,"href":"https:\/\/lasonrisadellagarto.com\/pt-br\/wp-json\/wp\/v2\/pages\/4492\/revisions"}],"predecessor-version":[{"id":4552,"href":"https:\/\/lasonrisadellagarto.com\/pt-br\/wp-json\/wp\/v2\/pages\/4492\/revisions\/4552"}],"wp:attachment":[{"href":"https:\/\/lasonrisadellagarto.com\/pt-br\/wp-json\/wp\/v2\/media?parent=4492"}],"curies":[{"name":"wp","href":"https:\/\/api.w.org\/{rel}","templated":true}]}}