{"id":4495,"date":"2023-04-07T18:08:12","date_gmt":"2023-04-07T18:08:12","guid":{"rendered":"https:\/\/lasonrisadellagarto.com\/politica-de-privacidad\/"},"modified":"2024-07-08T11:36:17","modified_gmt":"2024-07-08T09:36:17","slug":"politica-de-privacidad","status":"publish","type":"page","link":"https:\/\/lasonrisadellagarto.com\/pt-br\/politica-de-privacidad\/","title":{"rendered":"Pol\u00edtica de privacidade"},"content":{"rendered":"\n\n\t<h1>POLITICA DE PRIVACIDADE<\/h1>\n<p>\u00daltima atualiza\u00e7\u00e3o: abril de 2023.<\/p>\n<h3>1. INFORMA\u00c7\u00d5ES AO USU\u00c1RIO<\/h3>\n<p><b>LA SONRISA DEL LAGARTO <\/b>na qualidade de Respons\u00e1vel pelo Tratamento, informa que, de acordo com o disposto no Regulamento (UE) 2016\/679, de 27 de abril, (RGPD) e no L.O. 3\/2018, de 5 de dezembro, sobre prote\u00e7\u00e3o de dados e garantia de direitos digitais (LOPDGDD), trataremos os seus dados conforme refletido nesta Pol\u00edtica de Privacidade.<\/p>\n<p>Nesta Pol\u00edtica de Privacidade descrevemos como recolhemos os seus dados pessoais e porque os recolhemos, o que fazemos com eles, com quem os partilhamos, como os protegemos e as suas escolhas relativamente ao tratamento dos seus dados pessoais.<\/p>\n<p>Esta Pol\u00edtica aplica-se ao tratamento dos seus dados pessoais recolhidos pela empresa para a presta\u00e7\u00e3o dos seus servi\u00e7os. Se voc\u00ea aceitar as medidas desta Pol\u00edtica, voc\u00ea concorda com o processamento de seus dados pessoais conforme definido nesta Pol\u00edtica.<\/p>\n<h3><strong>2. CONTACTO<\/strong><\/h3>\nNome social: <b>LA SONRISA DEL LAGARTO<\/b><br \/>\n<b>Nome comercial: LA SONRISA DEL LAGARTO<\/b><br \/>\nCIF: <strong>09782169-Q<\/strong><br \/>\nMorada: <strong>C\/ R\u00edo Sella, 2-2\u00ba B. 33210 Gij\u00f3n<\/strong><br \/>\ne-mail: <strong>info@lasonrisadellagarto.com<\/strong>\n<h3><strong>3. PRINCIPIOS CLAVE<\/strong><\/h3>\n<p>Sempre tivemos o compromisso de prestar nossos servi\u00e7os com o mais alto n\u00edvel de qualidade, o que inclui tratar seus dados com seguran\u00e7a e transpar\u00eancia. Nossos princ\u00edpios s\u00e3o:<\/p>\n<ul>\n<li><strong>Legalidade:<\/strong> Apenas recolheremos os seus Dados Pessoais para finalidades espec\u00edficas, expl\u00edcitas e leg\u00edtimas.<\/li>\n<li><strong>Minimiza\u00e7\u00e3o de dados:<\/strong> Limitamos a recolha de dados pessoais ao estritamente relevante e necess\u00e1rio para as finalidades para as quais foram recolhidos.<\/li>\n<li><strong>Limita\u00e7\u00e3o de Finalidade:<\/strong> Apenas recolheremos os seus dados pessoais para os fins indicados e apenas de acordo com a sua vontade.<\/li>\n<li><strong>Precis\u00e3o:<\/strong> Manteremos os seus dados pessoais precisos e atualizados.<\/li>\n<li><strong>Seguran\u00e7a de Dados:<\/strong> Aplicamos medidas t\u00e9cnicas e organizacionais adequadas e proporcionais aos riscos para garantir que os seus dados n\u00e3o sofrem danos, tais como divulga\u00e7\u00e3o ou acesso n\u00e3o autorizado, destrui\u00e7\u00e3o acidental ou il\u00edcita ou perda ou altera\u00e7\u00e3o acidental e qualquer outra forma de tratamento il\u00edcito.<\/li>\n<li><strong>Acesso e Retifica\u00e7\u00e3o:<\/strong> Dispomos de meios para que possa aceder ou retificar os seus dados quando considerar apropriado.<\/li>\n<li><strong>Reten\u00e7\u00e3o:<\/strong> Conservamos os seus dados pessoais de forma legal e adequada e apenas enquanto for necess\u00e1rio para os fins para os quais foram recolhidos.<\/li>\n<li><strong>Transfer\u00eancias internacionais:<\/strong> quando os seus dados forem transferidos para fora da UE\/EEE, ser\u00e3o adequadamente protegidos.<\/li>\n<li><strong>Terceiros:<\/strong> O acesso e a transfer\u00eancia de dados pessoais a terceiros s\u00e3o realizados de acordo com as leis e regulamentos aplic\u00e1veis e com garantias contratuais adequadas.<\/li>\n<li><strong>Marketing Direto e cookies:<\/strong> Cumprimos a legisla\u00e7\u00e3o aplic\u00e1vel em mat\u00e9ria de publicidade e cookies.<\/li>\n<\/ul>\n<p>&nbsp;<\/p>\n<h3><strong>4. RECOLHA E TRATAMENTO DOS SEUS DADOS PESSOAIS<\/strong><br \/>\nOs tipos de dados que podem ser solicitados e tratados s\u00e3o:<\/h3>\n<ul>\n<li>Dados de identifica\u00e7\u00e3o.<\/li>\n<\/ul>\n<p>Tamb\u00e9m coletamos automaticamente dados sobre sua visita ao nosso site, conforme descrito na pol\u00edtica de cookies.<\/p>\n<p>Sempre que solicitarmos os seus Dados Pessoais, iremos inform\u00e1-lo claramente quais os dados pessoais que recolhemos e para que finalidade. Em geral, recolhemos e tratamos os seus dados pessoais para efeitos de:<\/p>\n<ul>\n<li>Disponibilizar informa\u00e7\u00f5es, servi\u00e7os, produtos, informa\u00e7\u00f5es relevantes e novidades do setor.<\/li>\n<li>Envio de comunica\u00e7\u00f5es.<\/li>\n<\/ul>\n<h3><strong>5. LEGITIMIDADE<br \/>\n<\/strong><\/h3>\n<p>De acuerdo con la normativa de protecci\u00f3n de datos aplicable, sus datos personales podr\u00e1n tratarse siempre que:<\/p>\n<ul>\n<li>Nos ha dado su consentimiento a los efectos del tratamiento. Por supuesto podr\u00e1 retirar su consentimiento en cualquier momento.<\/li>\n<li>Por requerimiento legal.<\/li>\n<li>Por exisitr un inter\u00e9s leg\u00edtimo que no se vea menoscabado por sus derechos de privacidad, como por ejemplo el env\u00edo de informaci\u00f3n comercial bien por suscripci\u00f3n a nuestra newsletter o por su condici\u00f3n de cliente.<\/li>\n<li>Por se necesaria para la prestaci\u00f3n de alguno de nuestros servicios mediante relaci\u00f3n contractual entre usted y nosotros.<\/li>\n<\/ul>\n<h3><strong>6. COMUNICA\u00c7\u00c3O DE DADOS PESSOAIS<br \/>\n<\/strong><\/h3>\n<p>Os dados poder\u00e3o ser comunicados a empresas relacionadas com La Sonrisa del Lagarto para a presta\u00e7\u00e3o de diversos servi\u00e7os como Subcontratantes. A empresa n\u00e3o far\u00e1 nenhuma transfer\u00eancia, exceto por obriga\u00e7\u00e3o legal.<\/p>\n<h3><strong>7. SEUS DIREITOS<\/strong><\/h3>\n<p>Em rela\u00e7\u00e3o \u00e0 recolha e tratamento dos seus dados pessoais, poder\u00e1 contactar-nos a qualquer momento para:<\/p>\n<ul>\n<li>Aceda aos seus dados pessoais e a quaisquer outras informa\u00e7\u00f5es indicadas no artigo 15.1 do RGPD.<\/li>\n<li>Retifique os seus dados pessoais que estejam imprecisos ou incompletos de acordo com o Artigo 16 do RGPD.<\/li>\n<li>Exclua seus dados pessoais de acordo com o Artigo 17 do GDPR.<\/li>\n<li>Limite o tratamento dos seus dados pessoais de acordo com o Artigo 18 do RGPD.<\/li>\n<li>Solicite a portabilidade dos seus dados de acordo com o artigo 20 do RGPD.<\/li>\n<li>Opor-se ao tratamento dos seus dados pessoais de acordo com o artigo 21 do RGPD.<\/li>\n<\/ul>\n<p>Caso tenha dado o seu consentimento para uma finalidade espec\u00edfica, tem o direito de retirar o consentimento dado a qualquer momento, sem afetar a legalidade do tratamento baseado no consentimento anterior \u00e0 sua retirada.<\/p>\n<p>Voc\u00ea pode exercer estes direitos enviando uma comunica\u00e7\u00e3o motivada e credenciada para <a href=\"mailto:lasonrisadellagarto@gmail.com\">lasonrisadellagarto@gmail.com<\/a><\/p>\n<p>Tamb\u00e9m tem o direito de apresentar uma reclama\u00e7\u00e3o junto da autoridade de controlo competente (<a href=\"https:\/\/aepd.es\" target=\"_blank\" rel=\"noopener\">www.aepd.es<\/a>) se considerar que o tratamento n\u00e3o est\u00e1 em conformidade com a regulamenta\u00e7\u00e3o em vigor.<\/p>\n<h3>8. INFORMA\u00c7\u00d5ES LEGAIS<\/h3>\n<p>Os requisitos desta Pol\u00edtica complementam, e n\u00e3o substituem, quaisquer outros requisitos da legisla\u00e7\u00e3o de prote\u00e7\u00e3o de dados aplic\u00e1vel, que prevalecer\u00e1 em qualquer caso.<\/p>\n<p>Esta Pol\u00edtica est\u00e1 sujeita a revis\u00e3o peri\u00f3dica e pode ser modificada pela empresa a qualquer momento. Quando isso ocorrer, iremos notific\u00e1-lo sobre quaisquer altera\u00e7\u00f5es e solicitaremos que voc\u00ea releia a vers\u00e3o mais recente de nossa Pol\u00edtica e confirme sua aceita\u00e7\u00e3o.<\/p>\n<p>&nbsp;<\/p>\n<p>&nbsp;<\/p>\n\n","protected":false},"excerpt":{"rendered":"<div class=\"entry-summary\">\n<div class=\"entry-summary\">\nThis page is also a preview of &#8220;<strong>List child pages<\/strong>&#8221; page template. The child pages list is displayed below the actual page content.\n<\/div>\n<div class=\"link-more\"><a href=\"https:\/\/lasonrisadellagarto.com\/pt-br\/politica-de-privacidad\/\" class=\"more-link\">Continue reading<span class=\"screen-reader-text\"> &ldquo;Pol\u00edtica de privacidade&rdquo;<\/span>&hellip;<\/a><\/div>\n<\/div>\n<div class=\"link-more\"><a href=\"https:\/\/lasonrisadellagarto.com\/pt-br\/politica-de-privacidad\/\" class=\"more-link\">Continue reading<span class=\"screen-reader-text\"> &ldquo;Pol\u00edtica de privacidade&rdquo;<\/span>&hellip;<\/a><\/div>\n","protected":false},"author":1,"featured_media":0,"parent":0,"menu_order":0,"comment_status":"closed","ping_status":"closed","template":"templates\/child-pages.php","meta":{"_acf_changed":false,"_EventAllDay":false,"_EventTimezone":"","_EventStartDate":"","_EventEndDate":"","_EventStartDateUTC":"","_EventEndDateUTC":"","_EventShowMap":false,"_EventShowMapLink":false,"_EventURL":"","_EventCost":"","_EventCostDescription":"","_EventCurrencySymbol":"","_EventCurrencyCode":"","_EventCurrencyPosition":"","_EventDateTimeSeparator":"","_EventTimeRangeSeparator":"","_EventOrganizerID":[],"_EventVenueID":[],"_OrganizerEmail":"","_OrganizerPhone":"","_OrganizerWebsite":"","_VenueAddress":"","_VenueCity":"","_VenueCountry":"","_VenueProvince":"","_VenueState":"","_VenueZip":"","_VenuePhone":"","_VenueURL":"","_VenueStateProvince":"","_VenueLat":"","_VenueLng":"","_VenueShowMap":false,"_VenueShowMapLink":false,"_joinchat":[],"footnotes":""},"class_list":["post-4495","page","type-page","status-publish","hentry","entry"],"acf":[],"yoast_head":"<!-- This site is optimized with the Yoast SEO plugin v25.3.1 - https:\/\/yoast.com\/wordpress\/plugins\/seo\/ -->\n<title>Pol\u00edtica de privacidade - La Sonrisa del Lagarto<\/title>\n<meta name=\"robots\" content=\"index, follow, max-snippet:-1, max-image-preview:large, max-video-preview:-1\" \/>\n<link rel=\"canonical\" href=\"https:\/\/lasonrisadellagarto.com\/pt-br\/politica-de-privacidad\/\" \/>\n<meta property=\"og:locale\" content=\"pt_BR\" \/>\n<meta property=\"og:type\" content=\"article\" \/>\n<meta property=\"og:title\" content=\"Pol\u00edtica de privacidade - La Sonrisa del Lagarto\" \/>\n<meta property=\"og:description\" content=\"This page is also a preview of &quot;List child pages&quot; page template. The child pages list is displayed below the actual page content. Continue reading &ldquo;Pol\u00edtica de privacidade&rdquo;&hellip;\" \/>\n<meta property=\"og:url\" content=\"https:\/\/lasonrisadellagarto.com\/pt-br\/politica-de-privacidad\/\" \/>\n<meta property=\"og:site_name\" content=\"La Sonrisa del Lagarto\" \/>\n<meta property=\"article:publisher\" content=\"https:\/\/www.facebook.com\/lasonrisadellagarto\/?locale=es_LA\" \/>\n<meta property=\"article:modified_time\" content=\"2024-07-08T09:36:17+00:00\" \/>\n<meta property=\"og:image\" content=\"https:\/\/lasonrisadellagarto.com\/wp-content\/uploads\/2023\/03\/Logotipo-La-Sonrisa-del-Lagarto.png\" \/>\n\t<meta property=\"og:image:width\" content=\"332\" \/>\n\t<meta property=\"og:image:height\" content=\"140\" \/>\n\t<meta property=\"og:image:type\" content=\"image\/png\" \/>\n<meta name=\"twitter:card\" content=\"summary_large_image\" \/>\n<meta name=\"twitter:site\" content=\"@cialsdl_gijon\" \/>\n<meta name=\"twitter:label1\" content=\"Est. tempo de leitura\" \/>\n\t<meta name=\"twitter:data1\" content=\"5 minutos\" \/>\n<script type=\"application\/ld+json\" class=\"yoast-schema-graph\">{\"@context\":\"https:\/\/schema.org\",\"@graph\":[{\"@type\":\"WebPage\",\"@id\":\"https:\/\/lasonrisadellagarto.com\/pt-br\/politica-de-privacidad\/\",\"url\":\"https:\/\/lasonrisadellagarto.com\/pt-br\/politica-de-privacidad\/\",\"name\":\"Pol\u00edtica de privacidade - La Sonrisa del Lagarto\",\"isPartOf\":{\"@id\":\"https:\/\/lasonrisadellagarto.com\/#website\"},\"datePublished\":\"2023-04-07T18:08:12+00:00\",\"dateModified\":\"2024-07-08T09:36:17+00:00\",\"breadcrumb\":{\"@id\":\"https:\/\/lasonrisadellagarto.com\/pt-br\/politica-de-privacidad\/#breadcrumb\"},\"inLanguage\":\"pt-BR\",\"potentialAction\":[{\"@type\":\"ReadAction\",\"target\":[\"https:\/\/lasonrisadellagarto.com\/pt-br\/politica-de-privacidad\/\"]}]},{\"@type\":\"BreadcrumbList\",\"@id\":\"https:\/\/lasonrisadellagarto.com\/pt-br\/politica-de-privacidad\/#breadcrumb\",\"itemListElement\":[{\"@type\":\"ListItem\",\"position\":1,\"name\":\"Portada\",\"item\":\"https:\/\/lasonrisadellagarto.com\/pt-br\/\"},{\"@type\":\"ListItem\",\"position\":2,\"name\":\"Pol\u00edtica de privacidade\"}]},{\"@type\":\"WebSite\",\"@id\":\"https:\/\/lasonrisadellagarto.com\/#website\",\"url\":\"https:\/\/lasonrisadellagarto.com\/\",\"name\":\"La Sonrisa del Lagarto\",\"description\":\"La Sonrisa del Lagarto es una compa\u00f1\u00eda teatral hispano-brasile\u00f1a creada en 2001 por las actrices, directoras y dramaturgas Ave Hern\u00e1ndez y Marli Santana, ambas con una amplia trayectoria en las artes esc\u00e9nicas.\",\"publisher\":{\"@id\":\"https:\/\/lasonrisadellagarto.com\/#organization\"},\"potentialAction\":[{\"@type\":\"SearchAction\",\"target\":{\"@type\":\"EntryPoint\",\"urlTemplate\":\"https:\/\/lasonrisadellagarto.com\/?s={search_term_string}\"},\"query-input\":{\"@type\":\"PropertyValueSpecification\",\"valueRequired\":true,\"valueName\":\"search_term_string\"}}],\"inLanguage\":\"pt-BR\"},{\"@type\":\"Organization\",\"@id\":\"https:\/\/lasonrisadellagarto.com\/#organization\",\"name\":\"La Sonrisa del Lagarto\",\"url\":\"https:\/\/lasonrisadellagarto.com\/\",\"logo\":{\"@type\":\"ImageObject\",\"inLanguage\":\"pt-BR\",\"@id\":\"https:\/\/lasonrisadellagarto.com\/#\/schema\/logo\/image\/\",\"url\":\"https:\/\/lasonrisadellagarto.com\/wp-content\/uploads\/2023\/03\/Logotipo-La-Sonrisa-del-Lagarto.png\",\"contentUrl\":\"https:\/\/lasonrisadellagarto.com\/wp-content\/uploads\/2023\/03\/Logotipo-La-Sonrisa-del-Lagarto.png\",\"width\":332,\"height\":140,\"caption\":\"La Sonrisa del Lagarto\"},\"image\":{\"@id\":\"https:\/\/lasonrisadellagarto.com\/#\/schema\/logo\/image\/\"},\"sameAs\":[\"https:\/\/www.facebook.com\/lasonrisadellagarto\/?locale=es_LA\",\"https:\/\/x.com\/cialsdl_gijon\",\"https:\/\/www.instagram.com\/lasonrisadellagarto\/?hl=es\",\"https:\/\/www.linkedin.com\/in\/ave-hernandez-34914772\/?original_referer=httpslasonrisadellagarto.com\",\"https:\/\/cialasonrisadellagarto.blogspot.com\/\"]}]}<\/script>\n<!-- \/ Yoast SEO plugin. -->","yoast_head_json":{"title":"Pol\u00edtica de privacidade - La Sonrisa del Lagarto","robots":{"index":"index","follow":"follow","max-snippet":"max-snippet:-1","max-image-preview":"max-image-preview:large","max-video-preview":"max-video-preview:-1"},"canonical":"https:\/\/lasonrisadellagarto.com\/pt-br\/politica-de-privacidad\/","og_locale":"pt_BR","og_type":"article","og_title":"Pol\u00edtica de privacidade - La Sonrisa del Lagarto","og_description":"This page is also a preview of \"List child pages\" page template. The child pages list is displayed below the actual page content. Continue reading &ldquo;Pol\u00edtica de privacidade&rdquo;&hellip;","og_url":"https:\/\/lasonrisadellagarto.com\/pt-br\/politica-de-privacidad\/","og_site_name":"La Sonrisa del Lagarto","article_publisher":"https:\/\/www.facebook.com\/lasonrisadellagarto\/?locale=es_LA","article_modified_time":"2024-07-08T09:36:17+00:00","og_image":[{"width":332,"height":140,"url":"https:\/\/lasonrisadellagarto.com\/wp-content\/uploads\/2023\/03\/Logotipo-La-Sonrisa-del-Lagarto.png","type":"image\/png"}],"twitter_card":"summary_large_image","twitter_site":"@cialsdl_gijon","twitter_misc":{"Est. tempo de leitura":"5 minutos"},"schema":{"@context":"https:\/\/schema.org","@graph":[{"@type":"WebPage","@id":"https:\/\/lasonrisadellagarto.com\/pt-br\/politica-de-privacidad\/","url":"https:\/\/lasonrisadellagarto.com\/pt-br\/politica-de-privacidad\/","name":"Pol\u00edtica de privacidade - La Sonrisa del Lagarto","isPartOf":{"@id":"https:\/\/lasonrisadellagarto.com\/#website"},"datePublished":"2023-04-07T18:08:12+00:00","dateModified":"2024-07-08T09:36:17+00:00","breadcrumb":{"@id":"https:\/\/lasonrisadellagarto.com\/pt-br\/politica-de-privacidad\/#breadcrumb"},"inLanguage":"pt-BR","potentialAction":[{"@type":"ReadAction","target":["https:\/\/lasonrisadellagarto.com\/pt-br\/politica-de-privacidad\/"]}]},{"@type":"BreadcrumbList","@id":"https:\/\/lasonrisadellagarto.com\/pt-br\/politica-de-privacidad\/#breadcrumb","itemListElement":[{"@type":"ListItem","position":1,"name":"Portada","item":"https:\/\/lasonrisadellagarto.com\/pt-br\/"},{"@type":"ListItem","position":2,"name":"Pol\u00edtica de privacidade"}]},{"@type":"WebSite","@id":"https:\/\/lasonrisadellagarto.com\/#website","url":"https:\/\/lasonrisadellagarto.com\/","name":"La Sonrisa del Lagarto","description":"La Sonrisa del Lagarto es una compa\u00f1\u00eda teatral hispano-brasile\u00f1a creada en 2001 por las actrices, directoras y dramaturgas Ave Hern\u00e1ndez y Marli Santana, ambas con una amplia trayectoria en las artes esc\u00e9nicas.","publisher":{"@id":"https:\/\/lasonrisadellagarto.com\/#organization"},"potentialAction":[{"@type":"SearchAction","target":{"@type":"EntryPoint","urlTemplate":"https:\/\/lasonrisadellagarto.com\/?s={search_term_string}"},"query-input":{"@type":"PropertyValueSpecification","valueRequired":true,"valueName":"search_term_string"}}],"inLanguage":"pt-BR"},{"@type":"Organization","@id":"https:\/\/lasonrisadellagarto.com\/#organization","name":"La Sonrisa del Lagarto","url":"https:\/\/lasonrisadellagarto.com\/","logo":{"@type":"ImageObject","inLanguage":"pt-BR","@id":"https:\/\/lasonrisadellagarto.com\/#\/schema\/logo\/image\/","url":"https:\/\/lasonrisadellagarto.com\/wp-content\/uploads\/2023\/03\/Logotipo-La-Sonrisa-del-Lagarto.png","contentUrl":"https:\/\/lasonrisadellagarto.com\/wp-content\/uploads\/2023\/03\/Logotipo-La-Sonrisa-del-Lagarto.png","width":332,"height":140,"caption":"La Sonrisa del Lagarto"},"image":{"@id":"https:\/\/lasonrisadellagarto.com\/#\/schema\/logo\/image\/"},"sameAs":["https:\/\/www.facebook.com\/lasonrisadellagarto\/?locale=es_LA","https:\/\/x.com\/cialsdl_gijon","https:\/\/www.instagram.com\/lasonrisadellagarto\/?hl=es","https:\/\/www.linkedin.com\/in\/ave-hernandez-34914772\/?original_referer=httpslasonrisadellagarto.com","https:\/\/cialasonrisadellagarto.blogspot.com\/"]}]}},"_links":{"self":[{"href":"https:\/\/lasonrisadellagarto.com\/pt-br\/wp-json\/wp\/v2\/pages\/4495","targetHints":{"allow":["GET"]}}],"collection":[{"href":"https:\/\/lasonrisadellagarto.com\/pt-br\/wp-json\/wp\/v2\/pages"}],"about":[{"href":"https:\/\/lasonrisadellagarto.com\/pt-br\/wp-json\/wp\/v2\/types\/page"}],"author":[{"embeddable":true,"href":"https:\/\/lasonrisadellagarto.com\/pt-br\/wp-json\/wp\/v2\/users\/1"}],"replies":[{"embeddable":true,"href":"https:\/\/lasonrisadellagarto.com\/pt-br\/wp-json\/wp\/v2\/comments?post=4495"}],"version-history":[{"count":6,"href":"https:\/\/lasonrisadellagarto.com\/pt-br\/wp-json\/wp\/v2\/pages\/4495\/revisions"}],"predecessor-version":[{"id":5150,"href":"https:\/\/lasonrisadellagarto.com\/pt-br\/wp-json\/wp\/v2\/pages\/4495\/revisions\/5150"}],"wp:attachment":[{"href":"https:\/\/lasonrisadellagarto.com\/pt-br\/wp-json\/wp\/v2\/media?parent=4495"}],"curies":[{"name":"wp","href":"https:\/\/api.w.org\/{rel}","templated":true}]}}