{"id":7530,"date":"2023-05-02T15:49:11","date_gmt":"2023-05-02T13:49:11","guid":{"rendered":"https:\/\/lasonrisadellagarto.com\/accesibilidad-2\/"},"modified":"2025-06-26T09:49:57","modified_gmt":"2025-06-26T07:49:57","slug":"accesibilidad","status":"publish","type":"page","link":"https:\/\/lasonrisadellagarto.com\/pt-br\/accesibilidad\/","title":{"rendered":"Accesibilidad"},"content":{"rendered":"\n\n\t<h1>ACCESIBILIDAD<\/h1>\n<p>La Sonrisa del Lagarto, procura que su sitio Web sea accesible a todos los ciudadanos, incluyendo a personas con minusval\u00edas f\u00edsicas o cognitivas, e independientemente de los dispositivos tecnol\u00f3gicos empleados para acceder a la informaci\u00f3n.<\/p>\n<p>En su empe\u00f1o por cumplir estos objetivos, el dise\u00f1o de la Web de La Sonrisa del Lagarto, se ha realizado siguiendo en la medida de lo posible el nivel doble A (AA) de la UNE 139803 publicada en Diciembre de 2004 por AENOR.<\/p>\n<p>La\u00a0<a href=\"http:\/\/www.boe.es\/g\/es\/bases_datos\/doc.php?coleccion=iberlex&amp;id=2007\/22440\" target=\"_blank\" rel=\"noreferrer noopener\">Ley 56\/2007, de 28 de diciembre, de Medidas de Impulso de la Sociedad de la Informaci\u00f3n<\/a>, dispone que las Administraciones p\u00fablicas adoptar\u00e1n las medidas necesarias para que la informaci\u00f3n disponible en sus respectivas p\u00e1ginas de Internet, pueda ser accesible, de acuerdo con los criterios de accesibilidad al contenido establecidos en el\u00a0<a href=\"http:\/\/www.boe.es\/g\/es\/bases_datos\/doc.php?coleccion=iberlex&amp;id=2007\/19968&amp;txtlen=1000\" target=\"_blank\" rel=\"noreferrer noopener\">Real Decreto 1494\/2007, de 12 de noviembre<\/a>\u00a0(Reglamento sobre las condiciones b\u00e1sicas para el acceso de las personas con discapacidad a las tecnolog\u00edas, productos y servicios relacionados con la sociedad de la informaci\u00f3n y medios de comunicaci\u00f3n social).<\/p>\n<p>En dicho Real Decreto, se especifica el grado de accesibilidad aplicable a las p\u00e1ginas de internet de las administraciones p\u00fablicas, siendo obligatorio como nivel m\u00ednimo el cumplimiento de las prioridades 1 y 2 de la UNE comentada anteriormente.<\/p>\n<p>El portal ha sido desarrollado utilizando XHTML y hojas de estilo cumpliendo, en la medida de lo posible, con las validaciones XHTML 1.0 y CSS2 del W3C.<\/p>\n<p><strong>Contacto de Accesibilidad:\u00a0<\/strong><a href=\"https:\/\/lasonrisadellagarto.com\/pt-br\/contacto\/\">A trav\u00e9s del formulario de contacto de la web.<\/a><\/p>\n<p>&nbsp;<\/p>\n\n","protected":false},"excerpt":{"rendered":"<div class=\"entry-summary\">\n<div class=\"entry-summary\">\nACCESIBILIDAD La Sonrisa del Lagarto, procura que su sitio Web sea accesible a todos los ciudadanos, incluyendo a personas con minusval\u00edas f\u00edsicas o cognitivas, e independientemente de los dispositivos tecnol\u00f3gicos empleados para acceder a la informaci\u00f3n. En su empe\u00f1o por&hellip;\n<\/div>\n<div class=\"link-more\"><a href=\"https:\/\/lasonrisadellagarto.com\/pt-br\/accesibilidad\/\" class=\"more-link\">Continue reading<span class=\"screen-reader-text\"> &ldquo;Accesibilidad&rdquo;<\/span>&hellip;<\/a><\/div>\n<\/div>\n<div class=\"link-more\"><a href=\"https:\/\/lasonrisadellagarto.com\/pt-br\/accesibilidad\/\" class=\"more-link\">Continue reading<span class=\"screen-reader-text\"> &ldquo;Accesibilidad&rdquo;<\/span>&hellip;<\/a><\/div>\n","protected":false},"author":1,"featured_media":0,"parent":0,"menu_order":0,"comment_status":"closed","ping_status":"closed","template":"templates\/child-pages.php","meta":{"_acf_changed":false,"_EventAllDay":false,"_EventTimezone":"","_EventStartDate":"","_EventEndDate":"","_EventStartDateUTC":"","_EventEndDateUTC":"","_EventShowMap":false,"_EventShowMapLink":false,"_EventURL":"","_EventCost":"","_EventCostDescription":"","_EventCurrencySymbol":"","_EventCurrencyCode":"","_EventCurrencyPosition":"","_EventDateTimeSeparator":"","_EventTimeRangeSeparator":"","_EventOrganizerID":[],"_EventVenueID":[],"_OrganizerEmail":"","_OrganizerPhone":"","_OrganizerWebsite":"","_VenueAddress":"","_VenueCity":"","_VenueCountry":"","_VenueProvince":"","_VenueState":"","_VenueZip":"","_VenuePhone":"","_VenueURL":"","_VenueStateProvince":"","_VenueLat":"","_VenueLng":"","_VenueShowMap":false,"_VenueShowMapLink":false,"_joinchat":[],"footnotes":""},"class_list":["post-7530","page","type-page","status-publish","hentry","entry"],"acf":[],"yoast_head":"<!-- This site is optimized with the Yoast SEO plugin v25.3.1 - https:\/\/yoast.com\/wordpress\/plugins\/seo\/ -->\n<title>Accesibilidad - La Sonrisa del Lagarto<\/title>\n<meta name=\"robots\" content=\"index, follow, max-snippet:-1, max-image-preview:large, max-video-preview:-1\" \/>\n<link rel=\"canonical\" href=\"https:\/\/lasonrisadellagarto.com\/pt-br\/accesibilidad-2\/\" \/>\n<meta property=\"og:locale\" content=\"pt_BR\" \/>\n<meta property=\"og:type\" content=\"article\" \/>\n<meta property=\"og:title\" content=\"Accesibilidad - La Sonrisa del Lagarto\" \/>\n<meta property=\"og:description\" content=\"ACCESIBILIDAD La Sonrisa del Lagarto, procura que su sitio Web sea accesible a todos los ciudadanos, incluyendo a personas con minusval\u00edas f\u00edsicas o cognitivas, e independientemente de los dispositivos tecnol\u00f3gicos empleados para acceder a la informaci\u00f3n. En su empe\u00f1o por&hellip; Continue reading &ldquo;Accesibilidad&rdquo;&hellip;\" \/>\n<meta property=\"og:url\" content=\"https:\/\/lasonrisadellagarto.com\/pt-br\/accesibilidad-2\/\" \/>\n<meta property=\"og:site_name\" content=\"La Sonrisa del Lagarto\" \/>\n<meta property=\"article:publisher\" content=\"https:\/\/www.facebook.com\/lasonrisadellagarto\/?locale=es_LA\" \/>\n<meta property=\"article:modified_time\" content=\"2025-06-26T07:49:57+00:00\" \/>\n<meta property=\"og:image\" content=\"https:\/\/lasonrisadellagarto.com\/wp-content\/uploads\/2023\/03\/Logotipo-La-Sonrisa-del-Lagarto.png\" \/>\n\t<meta property=\"og:image:width\" content=\"332\" \/>\n\t<meta property=\"og:image:height\" content=\"140\" \/>\n\t<meta property=\"og:image:type\" content=\"image\/png\" \/>\n<meta name=\"twitter:card\" content=\"summary_large_image\" \/>\n<meta name=\"twitter:site\" content=\"@cialsdl_gijon\" \/>\n<meta name=\"twitter:label1\" content=\"Est. tempo de leitura\" \/>\n\t<meta name=\"twitter:data1\" content=\"2 minutos\" \/>\n<script type=\"application\/ld+json\" class=\"yoast-schema-graph\">{\"@context\":\"https:\/\/schema.org\",\"@graph\":[{\"@type\":\"WebPage\",\"@id\":\"https:\/\/lasonrisadellagarto.com\/pt-br\/accesibilidad-2\/\",\"url\":\"https:\/\/lasonrisadellagarto.com\/pt-br\/accesibilidad-2\/\",\"name\":\"Accesibilidad - La Sonrisa del Lagarto\",\"isPartOf\":{\"@id\":\"https:\/\/lasonrisadellagarto.com\/#website\"},\"datePublished\":\"2023-05-02T13:49:11+00:00\",\"dateModified\":\"2025-06-26T07:49:57+00:00\",\"breadcrumb\":{\"@id\":\"https:\/\/lasonrisadellagarto.com\/pt-br\/accesibilidad-2\/#breadcrumb\"},\"inLanguage\":\"pt-BR\",\"potentialAction\":[{\"@type\":\"ReadAction\",\"target\":[\"https:\/\/lasonrisadellagarto.com\/pt-br\/accesibilidad-2\/\"]}]},{\"@type\":\"BreadcrumbList\",\"@id\":\"https:\/\/lasonrisadellagarto.com\/pt-br\/accesibilidad-2\/#breadcrumb\",\"itemListElement\":[{\"@type\":\"ListItem\",\"position\":1,\"name\":\"Portada\",\"item\":\"https:\/\/lasonrisadellagarto.com\/pt-br\/\"},{\"@type\":\"ListItem\",\"position\":2,\"name\":\"Accesibilidad\"}]},{\"@type\":\"WebSite\",\"@id\":\"https:\/\/lasonrisadellagarto.com\/#website\",\"url\":\"https:\/\/lasonrisadellagarto.com\/\",\"name\":\"La Sonrisa del Lagarto\",\"description\":\"La Sonrisa del Lagarto es una compa\u00f1\u00eda teatral hispano-brasile\u00f1a creada en 2001 por las actrices, directoras y dramaturgas Ave Hern\u00e1ndez y Marli Santana, ambas con una amplia trayectoria en las artes esc\u00e9nicas.\",\"publisher\":{\"@id\":\"https:\/\/lasonrisadellagarto.com\/#organization\"},\"potentialAction\":[{\"@type\":\"SearchAction\",\"target\":{\"@type\":\"EntryPoint\",\"urlTemplate\":\"https:\/\/lasonrisadellagarto.com\/?s={search_term_string}\"},\"query-input\":{\"@type\":\"PropertyValueSpecification\",\"valueRequired\":true,\"valueName\":\"search_term_string\"}}],\"inLanguage\":\"pt-BR\"},{\"@type\":\"Organization\",\"@id\":\"https:\/\/lasonrisadellagarto.com\/#organization\",\"name\":\"La Sonrisa del Lagarto\",\"url\":\"https:\/\/lasonrisadellagarto.com\/\",\"logo\":{\"@type\":\"ImageObject\",\"inLanguage\":\"pt-BR\",\"@id\":\"https:\/\/lasonrisadellagarto.com\/#\/schema\/logo\/image\/\",\"url\":\"https:\/\/lasonrisadellagarto.com\/wp-content\/uploads\/2023\/03\/Logotipo-La-Sonrisa-del-Lagarto.png\",\"contentUrl\":\"https:\/\/lasonrisadellagarto.com\/wp-content\/uploads\/2023\/03\/Logotipo-La-Sonrisa-del-Lagarto.png\",\"width\":332,\"height\":140,\"caption\":\"La Sonrisa del Lagarto\"},\"image\":{\"@id\":\"https:\/\/lasonrisadellagarto.com\/#\/schema\/logo\/image\/\"},\"sameAs\":[\"https:\/\/www.facebook.com\/lasonrisadellagarto\/?locale=es_LA\",\"https:\/\/x.com\/cialsdl_gijon\",\"https:\/\/www.instagram.com\/lasonrisadellagarto\/?hl=es\",\"https:\/\/www.linkedin.com\/in\/ave-hernandez-34914772\/?original_referer=httpslasonrisadellagarto.com\",\"https:\/\/cialasonrisadellagarto.blogspot.com\/\"]}]}<\/script>\n<!-- \/ Yoast SEO plugin. -->","yoast_head_json":{"title":"Accesibilidad - La Sonrisa del Lagarto","robots":{"index":"index","follow":"follow","max-snippet":"max-snippet:-1","max-image-preview":"max-image-preview:large","max-video-preview":"max-video-preview:-1"},"canonical":"https:\/\/lasonrisadellagarto.com\/pt-br\/accesibilidad-2\/","og_locale":"pt_BR","og_type":"article","og_title":"Accesibilidad - La Sonrisa del Lagarto","og_description":"ACCESIBILIDAD La Sonrisa del Lagarto, procura que su sitio Web sea accesible a todos los ciudadanos, incluyendo a personas con minusval\u00edas f\u00edsicas o cognitivas, e independientemente de los dispositivos tecnol\u00f3gicos empleados para acceder a la informaci\u00f3n. En su empe\u00f1o por&hellip; Continue reading &ldquo;Accesibilidad&rdquo;&hellip;","og_url":"https:\/\/lasonrisadellagarto.com\/pt-br\/accesibilidad-2\/","og_site_name":"La Sonrisa del Lagarto","article_publisher":"https:\/\/www.facebook.com\/lasonrisadellagarto\/?locale=es_LA","article_modified_time":"2025-06-26T07:49:57+00:00","og_image":[{"width":332,"height":140,"url":"https:\/\/lasonrisadellagarto.com\/wp-content\/uploads\/2023\/03\/Logotipo-La-Sonrisa-del-Lagarto.png","type":"image\/png"}],"twitter_card":"summary_large_image","twitter_site":"@cialsdl_gijon","twitter_misc":{"Est. tempo de leitura":"2 minutos"},"schema":{"@context":"https:\/\/schema.org","@graph":[{"@type":"WebPage","@id":"https:\/\/lasonrisadellagarto.com\/pt-br\/accesibilidad-2\/","url":"https:\/\/lasonrisadellagarto.com\/pt-br\/accesibilidad-2\/","name":"Accesibilidad - La Sonrisa del Lagarto","isPartOf":{"@id":"https:\/\/lasonrisadellagarto.com\/#website"},"datePublished":"2023-05-02T13:49:11+00:00","dateModified":"2025-06-26T07:49:57+00:00","breadcrumb":{"@id":"https:\/\/lasonrisadellagarto.com\/pt-br\/accesibilidad-2\/#breadcrumb"},"inLanguage":"pt-BR","potentialAction":[{"@type":"ReadAction","target":["https:\/\/lasonrisadellagarto.com\/pt-br\/accesibilidad-2\/"]}]},{"@type":"BreadcrumbList","@id":"https:\/\/lasonrisadellagarto.com\/pt-br\/accesibilidad-2\/#breadcrumb","itemListElement":[{"@type":"ListItem","position":1,"name":"Portada","item":"https:\/\/lasonrisadellagarto.com\/pt-br\/"},{"@type":"ListItem","position":2,"name":"Accesibilidad"}]},{"@type":"WebSite","@id":"https:\/\/lasonrisadellagarto.com\/#website","url":"https:\/\/lasonrisadellagarto.com\/","name":"La Sonrisa del Lagarto","description":"La Sonrisa del Lagarto es una compa\u00f1\u00eda teatral hispano-brasile\u00f1a creada en 2001 por las actrices, directoras y dramaturgas Ave Hern\u00e1ndez y Marli Santana, ambas con una amplia trayectoria en las artes esc\u00e9nicas.","publisher":{"@id":"https:\/\/lasonrisadellagarto.com\/#organization"},"potentialAction":[{"@type":"SearchAction","target":{"@type":"EntryPoint","urlTemplate":"https:\/\/lasonrisadellagarto.com\/?s={search_term_string}"},"query-input":{"@type":"PropertyValueSpecification","valueRequired":true,"valueName":"search_term_string"}}],"inLanguage":"pt-BR"},{"@type":"Organization","@id":"https:\/\/lasonrisadellagarto.com\/#organization","name":"La Sonrisa del Lagarto","url":"https:\/\/lasonrisadellagarto.com\/","logo":{"@type":"ImageObject","inLanguage":"pt-BR","@id":"https:\/\/lasonrisadellagarto.com\/#\/schema\/logo\/image\/","url":"https:\/\/lasonrisadellagarto.com\/wp-content\/uploads\/2023\/03\/Logotipo-La-Sonrisa-del-Lagarto.png","contentUrl":"https:\/\/lasonrisadellagarto.com\/wp-content\/uploads\/2023\/03\/Logotipo-La-Sonrisa-del-Lagarto.png","width":332,"height":140,"caption":"La Sonrisa del Lagarto"},"image":{"@id":"https:\/\/lasonrisadellagarto.com\/#\/schema\/logo\/image\/"},"sameAs":["https:\/\/www.facebook.com\/lasonrisadellagarto\/?locale=es_LA","https:\/\/x.com\/cialsdl_gijon","https:\/\/www.instagram.com\/lasonrisadellagarto\/?hl=es","https:\/\/www.linkedin.com\/in\/ave-hernandez-34914772\/?original_referer=httpslasonrisadellagarto.com","https:\/\/cialasonrisadellagarto.blogspot.com\/"]}]}},"_links":{"self":[{"href":"https:\/\/lasonrisadellagarto.com\/pt-br\/wp-json\/wp\/v2\/pages\/7530","targetHints":{"allow":["GET"]}}],"collection":[{"href":"https:\/\/lasonrisadellagarto.com\/pt-br\/wp-json\/wp\/v2\/pages"}],"about":[{"href":"https:\/\/lasonrisadellagarto.com\/pt-br\/wp-json\/wp\/v2\/types\/page"}],"author":[{"embeddable":true,"href":"https:\/\/lasonrisadellagarto.com\/pt-br\/wp-json\/wp\/v2\/users\/1"}],"replies":[{"embeddable":true,"href":"https:\/\/lasonrisadellagarto.com\/pt-br\/wp-json\/wp\/v2\/comments?post=7530"}],"version-history":[{"count":1,"href":"https:\/\/lasonrisadellagarto.com\/pt-br\/wp-json\/wp\/v2\/pages\/7530\/revisions"}],"predecessor-version":[{"id":7532,"href":"https:\/\/lasonrisadellagarto.com\/pt-br\/wp-json\/wp\/v2\/pages\/7530\/revisions\/7532"}],"wp:attachment":[{"href":"https:\/\/lasonrisadellagarto.com\/pt-br\/wp-json\/wp\/v2\/media?parent=7530"}],"curies":[{"name":"wp","href":"https:\/\/api.w.org\/{rel}","templated":true}]}}